{"id":3478,"date":"2025-06-23T14:03:28","date_gmt":"2025-06-23T14:03:28","guid":{"rendered":"https:\/\/hearstpower.com\/?page_id=3478"},"modified":"2025-06-23T14:03:28","modified_gmt":"2025-06-23T14:03:28","slug":"feeder-capacity-map","status":"publish","type":"page","link":"https:\/\/hearstpower.com\/fr\/feeder-capacity-map\/","title":{"rendered":"Capacit\u00e9 d'alimentation"},"content":{"rendered":"<div class=\"fusion-fullwidth fullwidth-box fusion-builder-row-1 fusion-flex-container nonhundred-percent-fullwidth non-hundred-percent-height-scrolling\" style=\"--awb-border-radius-top-left:0px;--awb-border-radius-top-right:0px;--awb-border-radius-bottom-right:0px;--awb-border-radius-bottom-left:0px;--awb-flex-wrap:wrap;\" ><div class=\"fusion-builder-row fusion-row fusion-flex-align-items-flex-start fusion-flex-content-wrap\" style=\"max-width:1248px;margin-left: calc(-4% \/ 2 );margin-right: calc(-4% \/ 2 );\"><div class=\"fusion-layout-column fusion_builder_column fusion-builder-column-0 fusion_builder_column_1_1 1_1 fusion-flex-column\" style=\"--awb-bg-blend:overlay;--awb-bg-size:cover;--awb-width-large:100%;--awb-margin-top-large:0px;--awb-spacing-right-large:1.92%;--awb-margin-bottom-large:0px;--awb-spacing-left-large:1.92%;--awb-width-medium:100%;--awb-spacing-right-medium:1.92%;--awb-spacing-left-medium:1.92%;--awb-width-small:100%;--awb-spacing-right-small:1.92%;--awb-spacing-left-small:1.92%;\"><div class=\"fusion-column-wrapper fusion-flex-justify-content-flex-start fusion-content-layout-column\"><div class=\"fusion-text fusion-text-1\"><h3 data-fontsize=\"36\" data-lineheight=\"43.2px\"><\/h3>\n<h3 class=\"fusion-responsive-typography-calculated\" style=\"--fontsize: 36; line-height: 1.2;\" data-fontsize=\"36\" data-lineheight=\"43.2px\">Carte de capacit\u00e9 pour la charge disponible.<\/h3>\n<p><img decoding=\"async\" class=\"lazyload alignnone size-full wp-image-3473\" src=\"https:\/\/hearstpower.com\/wp-content\/uploads\/2025\/06\/HPDC-Feeder-Capacity-Map-002.png\" data-orig-src=\"https:\/\/hearstpower.com\/wp-content\/uploads\/2025\/06\/HPDC-Feeder-Capacity-Map-002.png\" alt=\"\" width=\"1018\" height=\"692\" srcset=\"data:image\/svg+xml,%3Csvg%20xmlns%3D%27http%3A%2F%2Fwww.w3.org%2F2000%2Fsvg%27%20width%3D%271018%27%20height%3D%27692%27%20viewBox%3D%270%200%201018%20692%27%3E%3Crect%20width%3D%271018%27%20height%3D%27692%27%20fill-opacity%3D%220%22%2F%3E%3C%2Fsvg%3E\" data-srcset=\"https:\/\/hearstpower.com\/wp-content\/uploads\/2025\/06\/HPDC-Feeder-Capacity-Map-002-18x12.png 18w, https:\/\/hearstpower.com\/wp-content\/uploads\/2025\/06\/HPDC-Feeder-Capacity-Map-002-200x136.png 200w, https:\/\/hearstpower.com\/wp-content\/uploads\/2025\/06\/HPDC-Feeder-Capacity-Map-002-300x204.png 300w, https:\/\/hearstpower.com\/wp-content\/uploads\/2025\/06\/HPDC-Feeder-Capacity-Map-002-400x272.png 400w, https:\/\/hearstpower.com\/wp-content\/uploads\/2025\/06\/HPDC-Feeder-Capacity-Map-002-600x408.png 600w, https:\/\/hearstpower.com\/wp-content\/uploads\/2025\/06\/HPDC-Feeder-Capacity-Map-002-768x522.png 768w, https:\/\/hearstpower.com\/wp-content\/uploads\/2025\/06\/HPDC-Feeder-Capacity-Map-002-800x544.png 800w, https:\/\/hearstpower.com\/wp-content\/uploads\/2025\/06\/HPDC-Feeder-Capacity-Map-002.png 1018w\" data-sizes=\"auto\" data-orig-sizes=\"(max-width: 1018px) 100vw, 1018px\" \/><\/p>\n<\/div><\/div><\/div><\/div><\/div>","protected":false},"excerpt":{"rendered":"","protected":false},"author":2,"featured_media":0,"parent":0,"menu_order":0,"comment_status":"closed","ping_status":"closed","template":"100-width.php","meta":{"iawp_total_views":40,"footnotes":""},"class_list":["post-3478","page","type-page","status-publish","hentry"],"yoast_head":"<!-- This site is optimized with the Yoast SEO plugin v27.3 - https:\/\/yoast.com\/product\/yoast-seo-wordpress\/ -->\n<title>Feeder Capacity Map - Hearst Power Distribution Company Ltd.<\/title>\n<meta name=\"description\" content=\"Get a locate so you can dig safely by contacting Ontario One Call. Allow 5 working days for all your locating requests. Obtenez une localisation afin de pouvoir creuser en toute s\u00e9curit\u00e9 en contactant Ontario One Call. Pr\u00e9voyez cinq jours ouvrables pour toutes vos demandes de localisation.\" \/>\n<meta name=\"robots\" content=\"index, follow, max-snippet:-1, max-image-preview:large, max-video-preview:-1\" \/>\n<link rel=\"canonical\" href=\"https:\/\/hearstpower.com\/fr\/feeder-capacity-map\/\" \/>\n<meta property=\"og:locale\" content=\"fr_CA\" \/>\n<meta property=\"og:type\" content=\"article\" \/>\n<meta property=\"og:title\" content=\"Feeder Capacity Map - Hearst Power Distribution Company Ltd.\" \/>\n<meta property=\"og:description\" content=\"Get a locate so you can dig safely by contacting Ontario One Call. Allow 5 working days for all your locating requests. Obtenez une localisation afin de pouvoir creuser en toute s\u00e9curit\u00e9 en contactant Ontario One Call. Pr\u00e9voyez cinq jours ouvrables pour toutes vos demandes de localisation.\" \/>\n<meta property=\"og:url\" content=\"https:\/\/hearstpower.com\/fr\/feeder-capacity-map\/\" \/>\n<meta property=\"og:site_name\" content=\"Hearst Power Distribution Company Ltd.\" \/>\n<meta property=\"article:publisher\" content=\"https:\/\/www.facebook.com\/profile.php?id=100030703347012\" \/>\n<meta property=\"og:image\" content=\"https:\/\/hearstpower.com\/wp-content\/uploads\/2025\/06\/HPDC-Feeder-Capacity-Map-002.png\" \/>\n\t<meta property=\"og:image:width\" content=\"1018\" \/>\n\t<meta property=\"og:image:height\" content=\"692\" \/>\n\t<meta property=\"og:image:type\" content=\"image\/png\" \/>\n<meta name=\"twitter:card\" content=\"summary_large_image\" \/>\n<meta name=\"twitter:label1\" content=\"Estimation du temps de lecture\" \/>\n\t<meta name=\"twitter:data1\" content=\"1 minute\" \/>\n<script type=\"application\/ld+json\" class=\"yoast-schema-graph\">{\"@context\":\"https:\\\/\\\/schema.org\",\"@graph\":[{\"@type\":\"WebPage\",\"@id\":\"https:\\\/\\\/hearstpower.com\\\/feeder-capacity-map\\\/\",\"url\":\"https:\\\/\\\/hearstpower.com\\\/feeder-capacity-map\\\/\",\"name\":\"Feeder Capacity Map - Hearst Power Distribution Company Ltd.\",\"isPartOf\":{\"@id\":\"https:\\\/\\\/hearstpower.com\\\/#website\"},\"primaryImageOfPage\":{\"@id\":\"https:\\\/\\\/hearstpower.com\\\/feeder-capacity-map\\\/#primaryimage\"},\"image\":{\"@id\":\"https:\\\/\\\/hearstpower.com\\\/feeder-capacity-map\\\/#primaryimage\"},\"thumbnailUrl\":\"https:\\\/\\\/hearstpower.com\\\/wp-content\\\/uploads\\\/2025\\\/06\\\/HPDC-Feeder-Capacity-Map-002.png\",\"datePublished\":\"2025-06-23T14:03:28+00:00\",\"description\":\"Get a locate so you can dig safely by contacting Ontario One Call. Allow 5 working days for all your locating requests. Obtenez une localisation afin de pouvoir creuser en toute s\u00e9curit\u00e9 en contactant Ontario One Call. Pr\u00e9voyez cinq jours ouvrables pour toutes vos demandes de localisation.\",\"breadcrumb\":{\"@id\":\"https:\\\/\\\/hearstpower.com\\\/feeder-capacity-map\\\/#breadcrumb\"},\"inLanguage\":\"fr-CA\",\"potentialAction\":[{\"@type\":\"ReadAction\",\"target\":[\"https:\\\/\\\/hearstpower.com\\\/feeder-capacity-map\\\/\"]}]},{\"@type\":\"ImageObject\",\"inLanguage\":\"fr-CA\",\"@id\":\"https:\\\/\\\/hearstpower.com\\\/feeder-capacity-map\\\/#primaryimage\",\"url\":\"https:\\\/\\\/hearstpower.com\\\/wp-content\\\/uploads\\\/2025\\\/06\\\/HPDC-Feeder-Capacity-Map-002.png\",\"contentUrl\":\"https:\\\/\\\/hearstpower.com\\\/wp-content\\\/uploads\\\/2025\\\/06\\\/HPDC-Feeder-Capacity-Map-002.png\"},{\"@type\":\"BreadcrumbList\",\"@id\":\"https:\\\/\\\/hearstpower.com\\\/feeder-capacity-map\\\/#breadcrumb\",\"itemListElement\":[{\"@type\":\"ListItem\",\"position\":1,\"name\":\"Home\",\"item\":\"https:\\\/\\\/hearstpower.com\\\/\"},{\"@type\":\"ListItem\",\"position\":2,\"name\":\"Feeder Capacity Map\"}]},{\"@type\":\"WebSite\",\"@id\":\"https:\\\/\\\/hearstpower.com\\\/#website\",\"url\":\"https:\\\/\\\/hearstpower.com\\\/\",\"name\":\"Hearst Power Distribution Company Ltd.\",\"description\":\"Hearst Power\",\"publisher\":{\"@id\":\"https:\\\/\\\/hearstpower.com\\\/#organization\"},\"potentialAction\":[{\"@type\":\"SearchAction\",\"target\":{\"@type\":\"EntryPoint\",\"urlTemplate\":\"https:\\\/\\\/hearstpower.com\\\/?s={search_term_string}\"},\"query-input\":{\"@type\":\"PropertyValueSpecification\",\"valueRequired\":true,\"valueName\":\"search_term_string\"}}],\"inLanguage\":\"fr-CA\"},{\"@type\":\"Organization\",\"@id\":\"https:\\\/\\\/hearstpower.com\\\/#organization\",\"name\":\"Hearst Power Distribution\",\"alternateName\":\"Corporation de distribution \u00e9lectrique de Hearst\",\"url\":\"https:\\\/\\\/hearstpower.com\\\/\",\"logo\":{\"@type\":\"ImageObject\",\"inLanguage\":\"fr-CA\",\"@id\":\"https:\\\/\\\/hearstpower.com\\\/#\\\/schema\\\/logo\\\/image\\\/\",\"url\":\"https:\\\/\\\/www.hearstpower.com\\\/wp-content\\\/uploads\\\/2023\\\/08\\\/Logo_tiny.png\",\"contentUrl\":\"https:\\\/\\\/www.hearstpower.com\\\/wp-content\\\/uploads\\\/2023\\\/08\\\/Logo_tiny.png\",\"width\":1028,\"height\":208,\"caption\":\"Hearst Power Distribution\"},\"image\":{\"@id\":\"https:\\\/\\\/hearstpower.com\\\/#\\\/schema\\\/logo\\\/image\\\/\"},\"sameAs\":[\"https:\\\/\\\/www.facebook.com\\\/profile.php?id=100030703347012\"]}]}<\/script>\n<!-- \/ Yoast SEO plugin. -->","yoast_head_json":{"title":"Feeder Capacity Map - Hearst Power Distribution Company Ltd.","description":"Get a locate so you can dig safely by contacting Ontario One Call. Allow 5 working days for all your locating requests. Obtenez une localisation afin de pouvoir creuser en toute s\u00e9curit\u00e9 en contactant Ontario One Call. Pr\u00e9voyez cinq jours ouvrables pour toutes vos demandes de localisation.","robots":{"index":"index","follow":"follow","max-snippet":"max-snippet:-1","max-image-preview":"max-image-preview:large","max-video-preview":"max-video-preview:-1"},"canonical":"https:\/\/hearstpower.com\/fr\/feeder-capacity-map\/","og_locale":"fr_CA","og_type":"article","og_title":"Feeder Capacity Map - Hearst Power Distribution Company Ltd.","og_description":"Get a locate so you can dig safely by contacting Ontario One Call. Allow 5 working days for all your locating requests. Obtenez une localisation afin de pouvoir creuser en toute s\u00e9curit\u00e9 en contactant Ontario One Call. Pr\u00e9voyez cinq jours ouvrables pour toutes vos demandes de localisation.","og_url":"https:\/\/hearstpower.com\/fr\/feeder-capacity-map\/","og_site_name":"Hearst Power Distribution Company Ltd.","article_publisher":"https:\/\/www.facebook.com\/profile.php?id=100030703347012","og_image":[{"width":1018,"height":692,"url":"https:\/\/hearstpower.com\/wp-content\/uploads\/2025\/06\/HPDC-Feeder-Capacity-Map-002.png","type":"image\/png"}],"twitter_card":"summary_large_image","twitter_misc":{"Estimation du temps de lecture":"1 minute"},"schema":{"@context":"https:\/\/schema.org","@graph":[{"@type":"WebPage","@id":"https:\/\/hearstpower.com\/feeder-capacity-map\/","url":"https:\/\/hearstpower.com\/feeder-capacity-map\/","name":"Feeder Capacity Map - Hearst Power Distribution Company Ltd.","isPartOf":{"@id":"https:\/\/hearstpower.com\/#website"},"primaryImageOfPage":{"@id":"https:\/\/hearstpower.com\/feeder-capacity-map\/#primaryimage"},"image":{"@id":"https:\/\/hearstpower.com\/feeder-capacity-map\/#primaryimage"},"thumbnailUrl":"https:\/\/hearstpower.com\/wp-content\/uploads\/2025\/06\/HPDC-Feeder-Capacity-Map-002.png","datePublished":"2025-06-23T14:03:28+00:00","description":"Get a locate so you can dig safely by contacting Ontario One Call. Allow 5 working days for all your locating requests. Obtenez une localisation afin de pouvoir creuser en toute s\u00e9curit\u00e9 en contactant Ontario One Call. Pr\u00e9voyez cinq jours ouvrables pour toutes vos demandes de localisation.","breadcrumb":{"@id":"https:\/\/hearstpower.com\/feeder-capacity-map\/#breadcrumb"},"inLanguage":"fr-CA","potentialAction":[{"@type":"ReadAction","target":["https:\/\/hearstpower.com\/feeder-capacity-map\/"]}]},{"@type":"ImageObject","inLanguage":"fr-CA","@id":"https:\/\/hearstpower.com\/feeder-capacity-map\/#primaryimage","url":"https:\/\/hearstpower.com\/wp-content\/uploads\/2025\/06\/HPDC-Feeder-Capacity-Map-002.png","contentUrl":"https:\/\/hearstpower.com\/wp-content\/uploads\/2025\/06\/HPDC-Feeder-Capacity-Map-002.png"},{"@type":"BreadcrumbList","@id":"https:\/\/hearstpower.com\/feeder-capacity-map\/#breadcrumb","itemListElement":[{"@type":"ListItem","position":1,"name":"Home","item":"https:\/\/hearstpower.com\/"},{"@type":"ListItem","position":2,"name":"Feeder Capacity Map"}]},{"@type":"WebSite","@id":"https:\/\/hearstpower.com\/#website","url":"https:\/\/hearstpower.com\/","name":"Hearst Power Distribution Company Ltd.","description":"Hearst Power","publisher":{"@id":"https:\/\/hearstpower.com\/#organization"},"potentialAction":[{"@type":"SearchAction","target":{"@type":"EntryPoint","urlTemplate":"https:\/\/hearstpower.com\/?s={search_term_string}"},"query-input":{"@type":"PropertyValueSpecification","valueRequired":true,"valueName":"search_term_string"}}],"inLanguage":"fr-CA"},{"@type":"Organization","@id":"https:\/\/hearstpower.com\/#organization","name":"Corporation de distribution \u00e9lectrique de Hearst","alternateName":"Corporation de distribution \u00e9lectrique de Hearst","url":"https:\/\/hearstpower.com\/","logo":{"@type":"ImageObject","inLanguage":"fr-CA","@id":"https:\/\/hearstpower.com\/#\/schema\/logo\/image\/","url":"https:\/\/www.hearstpower.com\/wp-content\/uploads\/2023\/08\/Logo_tiny.png","contentUrl":"https:\/\/www.hearstpower.com\/wp-content\/uploads\/2023\/08\/Logo_tiny.png","width":1028,"height":208,"caption":"Hearst Power Distribution"},"image":{"@id":"https:\/\/hearstpower.com\/#\/schema\/logo\/image\/"},"sameAs":["https:\/\/www.facebook.com\/profile.php?id=100030703347012"]}]}},"_links":{"self":[{"href":"https:\/\/hearstpower.com\/fr\/wp-json\/wp\/v2\/pages\/3478","targetHints":{"allow":["GET"]}}],"collection":[{"href":"https:\/\/hearstpower.com\/fr\/wp-json\/wp\/v2\/pages"}],"about":[{"href":"https:\/\/hearstpower.com\/fr\/wp-json\/wp\/v2\/types\/page"}],"author":[{"embeddable":true,"href":"https:\/\/hearstpower.com\/fr\/wp-json\/wp\/v2\/users\/2"}],"replies":[{"embeddable":true,"href":"https:\/\/hearstpower.com\/fr\/wp-json\/wp\/v2\/comments?post=3478"}],"version-history":[{"count":3,"href":"https:\/\/hearstpower.com\/fr\/wp-json\/wp\/v2\/pages\/3478\/revisions"}],"predecessor-version":[{"id":3481,"href":"https:\/\/hearstpower.com\/fr\/wp-json\/wp\/v2\/pages\/3478\/revisions\/3481"}],"wp:attachment":[{"href":"https:\/\/hearstpower.com\/fr\/wp-json\/wp\/v2\/media?parent=3478"}],"curies":[{"name":"wp","href":"https:\/\/api.w.org\/{rel}","templated":true}]}}