{"id":2573,"date":"2023-06-11T18:06:39","date_gmt":"2023-06-11T18:06:39","guid":{"rendered":"https:\/\/hearstpower.com\/?page_id=2573"},"modified":"2023-08-24T17:26:35","modified_gmt":"2023-08-24T17:26:35","slug":"electricity-retailers","status":"publish","type":"page","link":"https:\/\/hearstpower.com\/fr\/electricity-retailers\/","title":{"rendered":"D\u00e9taillants d\u2019\u00e9lectricit\u00e9"},"content":{"rendered":"<div class=\"fusion-fullwidth fullwidth-box fusion-builder-row-1 fusion-flex-container nonhundred-percent-fullwidth non-hundred-percent-height-scrolling\" style=\"--awb-border-radius-top-left:0px;--awb-border-radius-top-right:0px;--awb-border-radius-bottom-right:0px;--awb-border-radius-bottom-left:0px;--awb-flex-wrap:wrap;\" ><div class=\"fusion-builder-row fusion-row fusion-flex-align-items-flex-start fusion-flex-content-wrap\" style=\"max-width:1248px;margin-left: calc(-4% \/ 2 );margin-right: calc(-4% \/ 2 );\"><div class=\"fusion-layout-column fusion_builder_column fusion-builder-column-0 fusion_builder_column_1_1 1_1 fusion-flex-column\" style=\"--awb-bg-blend:overlay;--awb-bg-size:cover;--awb-width-large:100%;--awb-margin-top-large:0px;--awb-spacing-right-large:1.92%;--awb-margin-bottom-large:0px;--awb-spacing-left-large:1.92%;--awb-width-medium:100%;--awb-spacing-right-medium:1.92%;--awb-spacing-left-medium:1.92%;--awb-width-small:100%;--awb-spacing-right-small:1.92%;--awb-spacing-left-small:1.92%;\"><div class=\"fusion-column-wrapper fusion-flex-justify-content-flex-start fusion-content-layout-column\"><div class=\"fusion-text fusion-text-1\"><h3>D\u00e9taillants d\u2019\u00e9lectricit\u00e9<\/h3>\n<p>Deux choix s\u2019offrent \u00e0 vous pour votre approvisionnement en \u00e9lectricit\u00e9 :\u00a0<b><u><a href=\"https:\/\/hearstpower.com\/fr\/designated-consumers\/\"><b><\/b><\/a><\/u><\/b>.<\/p>\n<p>Although, as a customer, you may opt to sign a term contract with an electricity retailer, where you will pay the price per kWh as agreed upon by you and the retailer in addition to Global Adjustment charged that vary every month based on actual market costs.\u00a0\u00a0 Visit the\u00a0<b><u><a href=\"https:\/\/www.oeb.ca\/fr\/consommateurs\/contrats-dapprovisionnement-en-energie\" target=\"_blank\" rel=\"noopener\">site web de la Commission de l\u2019\u00e9nergie de l\u2019Ontario<\/a><\/u><\/b>\u00a0pour de plus amples informations concernant les d\u00e9taillants d\u2019\u00e9lectricit\u00e9 et les contrats d\u2019\u00e9nergie.<\/p>\n<p>Although Electricity retailers are private organizations and have no association with Hearst Power,\u00a0 Hearst Power will continue to deliver and invoice your electricity whether you sign a contract with a retailer or not.<\/p>\n<p>La CEO a publi\u00e9 un rapport intitul\u00e9 \u201c<b><u><a href=\"https:\/\/www.oeb.ca\/fr\/consommateurs\/contrats-dapprovisionnement-en-energie\" target=\"_blank\" rel=\"noopener\"><em>Consumers Come First:\u00a0 A Report of the Ontario Energy Board on the Effectiveness of the Energy Consumer Protection Act, 2010\u2033.<\/em><\/a><\/u><\/b>\u00a0 The goal of the report is to ensure low-volume consumers (residential and small business)\u00a0have the information they need to make the right decisions about retail electricity, and confidence that they\u2019re protected by fair business practices.<\/p>\n<p><em><strong>Note:<\/strong><\/em><em> Note: Si vous d\u00e9m\u00e9nagez hors de la province ou signez un contrat avec un d\u00e9taillant d\u2019\u00e9lectricit\u00e9, votre adh\u00e9sion au r\u00e9gime de la grille tarifaire r\u00e9glement\u00e9e (GTR) sera automatiquement annul\u00e9e. Vous vous verrez alors imposer le \u00ab R\u00e8glement de la GTR \u00bb ou \u00ab redevance d\u2019annulation de service \u00bb sous forme de cr\u00e9dit ou de frais applicable \u00e0 votre derni\u00e8re facture. Ce cr\u00e9dit ou frais unique, correspond \u00e0 la diff\u00e9rence entre le montant que vous avez pay\u00e9 pour votre \u00e9lectricit\u00e9 dans le cadre de la GTR et le montant r\u00e9el pay\u00e9 aux fournisseurs pour la production de l\u2019\u00e9lectricit\u00e9. Dans le cadre du r\u00e9gime de la grille tarifaire r\u00e9glement\u00e9e, des frais fixes vous sont factur\u00e9s. Ces frais pourraient ou non refl\u00e9ter le montant r\u00e9el aux fournisseurs.<\/em><\/p>\n<\/div><\/div><\/div><\/div><\/div>","protected":false},"excerpt":{"rendered":"","protected":false},"author":2,"featured_media":0,"parent":0,"menu_order":0,"comment_status":"closed","ping_status":"closed","template":"100-width.php","meta":{"iawp_total_views":29,"footnotes":""},"class_list":["post-2573","page","type-page","status-publish","hentry"],"yoast_head":"<!-- This site is optimized with the Yoast SEO plugin v27.3 - https:\/\/yoast.com\/product\/yoast-seo-wordpress\/ -->\n<title>Electricity Retailers - Hearst Power Distribution Company Ltd.<\/title>\n<meta name=\"description\" content=\"You have two choices for your electricity supply: buy your electricity from the Hearst Power Distribution Company or purchase it from an electricity retailer at their rate. Deux choix vous sont offerts pour votre approvisionnement en \u00e9lectricit\u00e9 : acheter votre \u00e9lectricit\u00e9 de la Corporation de distribution \u00e9lectrique de Hearst ou l\u2019acheter aupr\u00e8s d\u2019un d\u00e9taillant d\u2019\u00e9lectricit\u00e9 selon leur tarif.\" \/>\n<meta name=\"robots\" content=\"index, follow, max-snippet:-1, max-image-preview:large, max-video-preview:-1\" \/>\n<link rel=\"canonical\" href=\"https:\/\/hearstpower.com\/fr\/electricity-retailers\/\" \/>\n<meta property=\"og:locale\" content=\"fr_CA\" \/>\n<meta property=\"og:type\" content=\"article\" \/>\n<meta property=\"og:title\" content=\"Electricity Retailers - Hearst Power Distribution Company Ltd.\" \/>\n<meta property=\"og:description\" content=\"You have two choices for your electricity supply: buy your electricity from the Hearst Power Distribution Company or purchase it from an electricity retailer at their rate. Deux choix vous sont offerts pour votre approvisionnement en \u00e9lectricit\u00e9 : acheter votre \u00e9lectricit\u00e9 de la Corporation de distribution \u00e9lectrique de Hearst ou l\u2019acheter aupr\u00e8s d\u2019un d\u00e9taillant d\u2019\u00e9lectricit\u00e9 selon leur tarif.\" \/>\n<meta property=\"og:url\" content=\"https:\/\/hearstpower.com\/fr\/electricity-retailers\/\" \/>\n<meta property=\"og:site_name\" content=\"Hearst Power Distribution Company Ltd.\" \/>\n<meta property=\"article:publisher\" content=\"https:\/\/www.facebook.com\/profile.php?id=100030703347012\" \/>\n<meta property=\"article:modified_time\" content=\"2023-08-24T17:26:35+00:00\" \/>\n<meta property=\"og:image\" content=\"https:\/\/hearstpower.com\/wp-content\/uploads\/2023\/08\/Logo_tiny.png\" \/>\n\t<meta property=\"og:image:width\" content=\"1028\" \/>\n\t<meta property=\"og:image:height\" content=\"208\" \/>\n\t<meta property=\"og:image:type\" content=\"image\/png\" \/>\n<meta name=\"twitter:card\" content=\"summary_large_image\" \/>\n<meta name=\"twitter:label1\" content=\"Estimation du temps de lecture\" \/>\n\t<meta name=\"twitter:data1\" content=\"2 minutes\" \/>\n<script type=\"application\/ld+json\" class=\"yoast-schema-graph\">{\"@context\":\"https:\\\/\\\/schema.org\",\"@graph\":[{\"@type\":\"WebPage\",\"@id\":\"https:\\\/\\\/hearstpower.com\\\/electricity-retailers\\\/\",\"url\":\"https:\\\/\\\/hearstpower.com\\\/electricity-retailers\\\/\",\"name\":\"Electricity Retailers - Hearst Power Distribution Company Ltd.\",\"isPartOf\":{\"@id\":\"https:\\\/\\\/hearstpower.com\\\/#website\"},\"datePublished\":\"2023-06-11T18:06:39+00:00\",\"dateModified\":\"2023-08-24T17:26:35+00:00\",\"description\":\"You have two choices for your electricity supply: buy your electricity from the Hearst Power Distribution Company or purchase it from an electricity retailer at their rate. Deux choix vous sont offerts pour votre approvisionnement en \u00e9lectricit\u00e9 : acheter votre \u00e9lectricit\u00e9 de la Corporation de distribution \u00e9lectrique de Hearst ou l\u2019acheter aupr\u00e8s d\u2019un d\u00e9taillant d\u2019\u00e9lectricit\u00e9 selon leur tarif.\",\"breadcrumb\":{\"@id\":\"https:\\\/\\\/hearstpower.com\\\/electricity-retailers\\\/#breadcrumb\"},\"inLanguage\":\"fr-CA\",\"potentialAction\":[{\"@type\":\"ReadAction\",\"target\":[\"https:\\\/\\\/hearstpower.com\\\/electricity-retailers\\\/\"]}]},{\"@type\":\"BreadcrumbList\",\"@id\":\"https:\\\/\\\/hearstpower.com\\\/electricity-retailers\\\/#breadcrumb\",\"itemListElement\":[{\"@type\":\"ListItem\",\"position\":1,\"name\":\"Home\",\"item\":\"https:\\\/\\\/hearstpower.com\\\/\"},{\"@type\":\"ListItem\",\"position\":2,\"name\":\"Electricity Retailers\"}]},{\"@type\":\"WebSite\",\"@id\":\"https:\\\/\\\/hearstpower.com\\\/#website\",\"url\":\"https:\\\/\\\/hearstpower.com\\\/\",\"name\":\"Hearst Power Distribution Company Ltd.\",\"description\":\"Hearst Power\",\"publisher\":{\"@id\":\"https:\\\/\\\/hearstpower.com\\\/#organization\"},\"potentialAction\":[{\"@type\":\"SearchAction\",\"target\":{\"@type\":\"EntryPoint\",\"urlTemplate\":\"https:\\\/\\\/hearstpower.com\\\/?s={search_term_string}\"},\"query-input\":{\"@type\":\"PropertyValueSpecification\",\"valueRequired\":true,\"valueName\":\"search_term_string\"}}],\"inLanguage\":\"fr-CA\"},{\"@type\":\"Organization\",\"@id\":\"https:\\\/\\\/hearstpower.com\\\/#organization\",\"name\":\"Hearst Power Distribution\",\"alternateName\":\"Corporation de distribution \u00e9lectrique de Hearst\",\"url\":\"https:\\\/\\\/hearstpower.com\\\/\",\"logo\":{\"@type\":\"ImageObject\",\"inLanguage\":\"fr-CA\",\"@id\":\"https:\\\/\\\/hearstpower.com\\\/#\\\/schema\\\/logo\\\/image\\\/\",\"url\":\"https:\\\/\\\/www.hearstpower.com\\\/wp-content\\\/uploads\\\/2023\\\/08\\\/Logo_tiny.png\",\"contentUrl\":\"https:\\\/\\\/www.hearstpower.com\\\/wp-content\\\/uploads\\\/2023\\\/08\\\/Logo_tiny.png\",\"width\":1028,\"height\":208,\"caption\":\"Hearst Power Distribution\"},\"image\":{\"@id\":\"https:\\\/\\\/hearstpower.com\\\/#\\\/schema\\\/logo\\\/image\\\/\"},\"sameAs\":[\"https:\\\/\\\/www.facebook.com\\\/profile.php?id=100030703347012\"]}]}<\/script>\n<!-- \/ Yoast SEO plugin. -->","yoast_head_json":{"title":"Electricity Retailers - Hearst Power Distribution Company Ltd.","description":"You have two choices for your electricity supply: buy your electricity from the Hearst Power Distribution Company or purchase it from an electricity retailer at their rate. Deux choix vous sont offerts pour votre approvisionnement en \u00e9lectricit\u00e9 : acheter votre \u00e9lectricit\u00e9 de la Corporation de distribution \u00e9lectrique de Hearst ou l\u2019acheter aupr\u00e8s d\u2019un d\u00e9taillant d\u2019\u00e9lectricit\u00e9 selon leur tarif.","robots":{"index":"index","follow":"follow","max-snippet":"max-snippet:-1","max-image-preview":"max-image-preview:large","max-video-preview":"max-video-preview:-1"},"canonical":"https:\/\/hearstpower.com\/fr\/electricity-retailers\/","og_locale":"fr_CA","og_type":"article","og_title":"Electricity Retailers - Hearst Power Distribution Company Ltd.","og_description":"You have two choices for your electricity supply: buy your electricity from the Hearst Power Distribution Company or purchase it from an electricity retailer at their rate. Deux choix vous sont offerts pour votre approvisionnement en \u00e9lectricit\u00e9 : acheter votre \u00e9lectricit\u00e9 de la Corporation de distribution \u00e9lectrique de Hearst ou l\u2019acheter aupr\u00e8s d\u2019un d\u00e9taillant d\u2019\u00e9lectricit\u00e9 selon leur tarif.","og_url":"https:\/\/hearstpower.com\/fr\/electricity-retailers\/","og_site_name":"Hearst Power Distribution Company Ltd.","article_publisher":"https:\/\/www.facebook.com\/profile.php?id=100030703347012","article_modified_time":"2023-08-24T17:26:35+00:00","og_image":[{"width":1028,"height":208,"url":"https:\/\/hearstpower.com\/wp-content\/uploads\/2023\/08\/Logo_tiny.png","type":"image\/png"}],"twitter_card":"summary_large_image","twitter_misc":{"Estimation du temps de lecture":"2 minutes"},"schema":{"@context":"https:\/\/schema.org","@graph":[{"@type":"WebPage","@id":"https:\/\/hearstpower.com\/electricity-retailers\/","url":"https:\/\/hearstpower.com\/electricity-retailers\/","name":"Electricity Retailers - Hearst Power Distribution Company Ltd.","isPartOf":{"@id":"https:\/\/hearstpower.com\/#website"},"datePublished":"2023-06-11T18:06:39+00:00","dateModified":"2023-08-24T17:26:35+00:00","description":"You have two choices for your electricity supply: buy your electricity from the Hearst Power Distribution Company or purchase it from an electricity retailer at their rate. Deux choix vous sont offerts pour votre approvisionnement en \u00e9lectricit\u00e9 : acheter votre \u00e9lectricit\u00e9 de la Corporation de distribution \u00e9lectrique de Hearst ou l\u2019acheter aupr\u00e8s d\u2019un d\u00e9taillant d\u2019\u00e9lectricit\u00e9 selon leur tarif.","breadcrumb":{"@id":"https:\/\/hearstpower.com\/electricity-retailers\/#breadcrumb"},"inLanguage":"fr-CA","potentialAction":[{"@type":"ReadAction","target":["https:\/\/hearstpower.com\/electricity-retailers\/"]}]},{"@type":"BreadcrumbList","@id":"https:\/\/hearstpower.com\/electricity-retailers\/#breadcrumb","itemListElement":[{"@type":"ListItem","position":1,"name":"Home","item":"https:\/\/hearstpower.com\/"},{"@type":"ListItem","position":2,"name":"Electricity Retailers"}]},{"@type":"WebSite","@id":"https:\/\/hearstpower.com\/#website","url":"https:\/\/hearstpower.com\/","name":"Hearst Power Distribution Company Ltd.","description":"Hearst Power","publisher":{"@id":"https:\/\/hearstpower.com\/#organization"},"potentialAction":[{"@type":"SearchAction","target":{"@type":"EntryPoint","urlTemplate":"https:\/\/hearstpower.com\/?s={search_term_string}"},"query-input":{"@type":"PropertyValueSpecification","valueRequired":true,"valueName":"search_term_string"}}],"inLanguage":"fr-CA"},{"@type":"Organization","@id":"https:\/\/hearstpower.com\/#organization","name":"Corporation de distribution \u00e9lectrique de Hearst","alternateName":"Corporation de distribution \u00e9lectrique de Hearst","url":"https:\/\/hearstpower.com\/","logo":{"@type":"ImageObject","inLanguage":"fr-CA","@id":"https:\/\/hearstpower.com\/#\/schema\/logo\/image\/","url":"https:\/\/www.hearstpower.com\/wp-content\/uploads\/2023\/08\/Logo_tiny.png","contentUrl":"https:\/\/www.hearstpower.com\/wp-content\/uploads\/2023\/08\/Logo_tiny.png","width":1028,"height":208,"caption":"Hearst Power Distribution"},"image":{"@id":"https:\/\/hearstpower.com\/#\/schema\/logo\/image\/"},"sameAs":["https:\/\/www.facebook.com\/profile.php?id=100030703347012"]}]}},"_links":{"self":[{"href":"https:\/\/hearstpower.com\/fr\/wp-json\/wp\/v2\/pages\/2573","targetHints":{"allow":["GET"]}}],"collection":[{"href":"https:\/\/hearstpower.com\/fr\/wp-json\/wp\/v2\/pages"}],"about":[{"href":"https:\/\/hearstpower.com\/fr\/wp-json\/wp\/v2\/types\/page"}],"author":[{"embeddable":true,"href":"https:\/\/hearstpower.com\/fr\/wp-json\/wp\/v2\/users\/2"}],"replies":[{"embeddable":true,"href":"https:\/\/hearstpower.com\/fr\/wp-json\/wp\/v2\/comments?post=2573"}],"version-history":[{"count":7,"href":"https:\/\/hearstpower.com\/fr\/wp-json\/wp\/v2\/pages\/2573\/revisions"}],"predecessor-version":[{"id":3161,"href":"https:\/\/hearstpower.com\/fr\/wp-json\/wp\/v2\/pages\/2573\/revisions\/3161"}],"wp:attachment":[{"href":"https:\/\/hearstpower.com\/fr\/wp-json\/wp\/v2\/media?parent=2573"}],"curies":[{"name":"wp","href":"https:\/\/api.w.org\/{rel}","templated":true}]}}