{"id":2566,"date":"2023-06-11T17:20:13","date_gmt":"2023-06-11T17:20:13","guid":{"rendered":"https:\/\/hearstpower.com\/?page_id=2566"},"modified":"2023-08-24T17:15:57","modified_gmt":"2023-08-24T17:15:57","slug":"safety-around-electrical-equipment-hearst-power","status":"publish","type":"page","link":"https:\/\/hearstpower.com\/fr\/safety-around-electrical-equipment-hearst-power\/","title":{"rendered":"S\u00e9curit\u00e9"},"content":{"rendered":"<div class=\"fusion-fullwidth fullwidth-box fusion-builder-row-1 fusion-flex-container nonhundred-percent-fullwidth non-hundred-percent-height-scrolling\" style=\"--awb-border-radius-top-left:0px;--awb-border-radius-top-right:0px;--awb-border-radius-bottom-right:0px;--awb-border-radius-bottom-left:0px;--awb-flex-wrap:wrap;\" ><div class=\"fusion-builder-row fusion-row fusion-flex-align-items-flex-start fusion-flex-content-wrap\" style=\"max-width:1248px;margin-left: calc(-4% \/ 2 );margin-right: calc(-4% \/ 2 );\"><div class=\"fusion-layout-column fusion_builder_column fusion-builder-column-0 fusion_builder_column_1_1 1_1 fusion-flex-column\" style=\"--awb-bg-blend:overlay;--awb-bg-size:cover;--awb-width-large:100%;--awb-margin-top-large:0px;--awb-spacing-right-large:1.92%;--awb-margin-bottom-large:0px;--awb-spacing-left-large:1.92%;--awb-width-medium:100%;--awb-spacing-right-medium:1.92%;--awb-spacing-left-medium:1.92%;--awb-width-small:100%;--awb-spacing-right-small:1.92%;--awb-spacing-left-small:1.92%;\"><div class=\"fusion-column-wrapper fusion-flex-justify-content-flex-start fusion-content-layout-column\"><div class=\"fusion-text fusion-text-1\"><h3><img decoding=\"async\" class=\"lazyload alignright wp-image-2681 size-fusion-400\" src=\"https:\/\/www.hearstpower.com\/wp-content\/uploads\/2023\/06\/LDC-Posters-11x14-EN_1.pdf-400x509.jpg\" data-orig-src=\"https:\/\/www.hearstpower.com\/wp-content\/uploads\/2023\/06\/LDC-Posters-11x14-EN_1.pdf-400x509.jpg\" alt=\"A poster with an image of powerlines and the text: \u201cKeep clear, stay safe. Stay 3 metres clear from overhead powerlines.\u201d\" width=\"400\" height=\"509\" srcset=\"data:image\/svg+xml,%3Csvg%20xmlns%3D%27http%3A%2F%2Fwww.w3.org%2F2000%2Fsvg%27%20width%3D%27400%27%20height%3D%27509%27%20viewBox%3D%270%200%20400%20509%27%3E%3Crect%20width%3D%27400%27%20height%3D%27509%27%20fill-opacity%3D%220%22%2F%3E%3C%2Fsvg%3E\" data-srcset=\"https:\/\/hearstpower.com\/wp-content\/uploads\/2023\/06\/LDC-Posters-11x14-EN_1.pdf-9x12.jpg 9w, https:\/\/hearstpower.com\/wp-content\/uploads\/2023\/06\/LDC-Posters-11x14-EN_1.pdf-200x255.jpg 200w, https:\/\/hearstpower.com\/wp-content\/uploads\/2023\/06\/LDC-Posters-11x14-EN_1.pdf-236x300.jpg 236w, https:\/\/hearstpower.com\/wp-content\/uploads\/2023\/06\/LDC-Posters-11x14-EN_1.pdf-400x509.jpg 400w, https:\/\/hearstpower.com\/wp-content\/uploads\/2023\/06\/LDC-Posters-11x14-EN_1.pdf-600x764.jpg 600w, https:\/\/hearstpower.com\/wp-content\/uploads\/2023\/06\/LDC-Posters-11x14-EN_1.pdf-768x977.jpg 768w, https:\/\/hearstpower.com\/wp-content\/uploads\/2023\/06\/LDC-Posters-11x14-EN_1.pdf-800x1018.jpg 800w, https:\/\/hearstpower.com\/wp-content\/uploads\/2023\/06\/LDC-Posters-11x14-EN_1.pdf-805x1024.jpg 805w, https:\/\/hearstpower.com\/wp-content\/uploads\/2023\/06\/LDC-Posters-11x14-EN_1.pdf.jpg 6600w\" data-sizes=\"auto\" data-orig-sizes=\"(max-width: 400px) 100vw, 400px\" \/><\/h3>\n<h3>S\u00e9curit\u00e9 autour des \u00e9quipements \u00e9lectriques et des lignes \u00e9lectriques a\u00e9riennes<\/h3>\n<p>La Corporation de distribution \u00e9lectrique de Hearst effectue continuellement des inspections de s\u00e9curit\u00e9 de son \u00e9quipement, de la ligne \u00e9lectrique a\u00e9rienne et du d\u00e9broussaillage pr\u00e8s des lignes \u00e9lectriques. Si vous remarquez quelque chose de suspect ou endommager, restez \u00e0 l'\u00e9cart et contactez-nous imm\u00e9diatement au 705-372-2815 ou 705-372-2816 (apr\u00e8s les heures d'ouverture).<\/p>\n<p>De plus, l'\u00ab\u202fElectrical Safety Authority\u202f\u00bb (\u00ab\u202fESA\u202f\u00bb) a \u00e9t\u00e9 cr\u00e9\u00e9 par la province de l'Ontario pour am\u00e9liorer la s\u00e9curit\u00e9 \u00e9lectrique pour le bien-\u00eatre de la population. Lorsque vous travaillez autour de lignes \u00e9lectriques, assurez-vous de suivre les consignes de s\u00e9curit\u00e9 (voir les exemples ci-dessous) et lorsque vous effectuez des travaux \u00e9lectriques \u00e0 votre domicile ou \u00e0 votre entreprise, n'oubliez pas de les contacter pour demander le permis ESA requis.<\/p>\n<\/div><\/div><\/div><\/div><\/div>","protected":false},"excerpt":{"rendered":"","protected":false},"author":2,"featured_media":0,"parent":0,"menu_order":0,"comment_status":"closed","ping_status":"closed","template":"100-width.php","meta":{"iawp_total_views":27,"footnotes":""},"class_list":["post-2566","page","type-page","status-publish","hentry"],"yoast_head":"<!-- This site is optimized with the Yoast SEO plugin v27.3 - https:\/\/yoast.com\/product\/yoast-seo-wordpress\/ -->\n<title>Safety - Hearst Power Distribution Company Ltd.<\/title>\n<meta name=\"description\" content=\"If you notice anything suspicious or damage around electrical equipment or overhead powerlines, please stay away and contact us immediately at 705-372-2815 or 705-372-2816 (after-hours). Si vous remarquez quelque chose de suspect ou des dommages autour de l&#039;\u00e9quipement \u00e9lectrique ou des lignes \u00e9lectriques a\u00e9riennes, veuillez rester \u00e0 l&#039;\u00e9cart et nous contacter imm\u00e9diatement au 705-372-2815 ou au 705-372-2816 (apr\u00e8s les heures de bureau).\" \/>\n<meta name=\"robots\" content=\"index, follow, max-snippet:-1, max-image-preview:large, max-video-preview:-1\" \/>\n<link rel=\"canonical\" href=\"https:\/\/hearstpower.com\/fr\/safety-around-electrical-equipment-hearst-power\/\" \/>\n<meta property=\"og:locale\" content=\"fr_CA\" \/>\n<meta property=\"og:type\" content=\"article\" \/>\n<meta property=\"og:title\" content=\"Safety - Hearst Power Distribution Company Ltd.\" \/>\n<meta property=\"og:description\" content=\"If you notice anything suspicious or damage around electrical equipment or overhead powerlines, please stay away and contact us immediately at 705-372-2815 or 705-372-2816 (after-hours). Si vous remarquez quelque chose de suspect ou des dommages autour de l&#039;\u00e9quipement \u00e9lectrique ou des lignes \u00e9lectriques a\u00e9riennes, veuillez rester \u00e0 l&#039;\u00e9cart et nous contacter imm\u00e9diatement au 705-372-2815 ou au 705-372-2816 (apr\u00e8s les heures de bureau).\" \/>\n<meta property=\"og:url\" content=\"https:\/\/hearstpower.com\/fr\/safety-around-electrical-equipment-hearst-power\/\" \/>\n<meta property=\"og:site_name\" content=\"Hearst Power Distribution Company Ltd.\" \/>\n<meta property=\"article:publisher\" content=\"https:\/\/www.facebook.com\/profile.php?id=100030703347012\" \/>\n<meta property=\"article:modified_time\" content=\"2023-08-24T17:15:57+00:00\" \/>\n<meta property=\"og:image\" content=\"https:\/\/www.hearstpower.com\/wp-content\/uploads\/2023\/06\/LDC-Posters-11x14-EN_1.pdf-400x509.jpg\" \/>\n<meta name=\"twitter:card\" content=\"summary_large_image\" \/>\n<meta name=\"twitter:label1\" content=\"Estimation du temps de lecture\" \/>\n\t<meta name=\"twitter:data1\" content=\"1 minute\" \/>\n<script type=\"application\/ld+json\" class=\"yoast-schema-graph\">{\"@context\":\"https:\\\/\\\/schema.org\",\"@graph\":[{\"@type\":\"WebPage\",\"@id\":\"https:\\\/\\\/hearstpower.com\\\/safety-around-electrical-equipment-hearst-power\\\/\",\"url\":\"https:\\\/\\\/hearstpower.com\\\/safety-around-electrical-equipment-hearst-power\\\/\",\"name\":\"Safety - Hearst Power Distribution Company Ltd.\",\"isPartOf\":{\"@id\":\"https:\\\/\\\/hearstpower.com\\\/#website\"},\"primaryImageOfPage\":{\"@id\":\"https:\\\/\\\/hearstpower.com\\\/safety-around-electrical-equipment-hearst-power\\\/#primaryimage\"},\"image\":{\"@id\":\"https:\\\/\\\/hearstpower.com\\\/safety-around-electrical-equipment-hearst-power\\\/#primaryimage\"},\"thumbnailUrl\":\"https:\\\/\\\/www.hearstpower.com\\\/wp-content\\\/uploads\\\/2023\\\/06\\\/LDC-Posters-11x14-EN_1.pdf-400x509.jpg\",\"datePublished\":\"2023-06-11T17:20:13+00:00\",\"dateModified\":\"2023-08-24T17:15:57+00:00\",\"description\":\"If you notice anything suspicious or damage around electrical equipment or overhead powerlines, please stay away and contact us immediately at 705-372-2815 or 705-372-2816 (after-hours). Si vous remarquez quelque chose de suspect ou des dommages autour de l'\u00e9quipement \u00e9lectrique ou des lignes \u00e9lectriques a\u00e9riennes, veuillez rester \u00e0 l'\u00e9cart et nous contacter imm\u00e9diatement au 705-372-2815 ou au 705-372-2816 (apr\u00e8s les heures de bureau).\",\"breadcrumb\":{\"@id\":\"https:\\\/\\\/hearstpower.com\\\/safety-around-electrical-equipment-hearst-power\\\/#breadcrumb\"},\"inLanguage\":\"fr-CA\",\"potentialAction\":[{\"@type\":\"ReadAction\",\"target\":[\"https:\\\/\\\/hearstpower.com\\\/safety-around-electrical-equipment-hearst-power\\\/\"]}]},{\"@type\":\"ImageObject\",\"inLanguage\":\"fr-CA\",\"@id\":\"https:\\\/\\\/hearstpower.com\\\/safety-around-electrical-equipment-hearst-power\\\/#primaryimage\",\"url\":\"https:\\\/\\\/www.hearstpower.com\\\/wp-content\\\/uploads\\\/2023\\\/06\\\/LDC-Posters-11x14-EN_1.pdf-400x509.jpg\",\"contentUrl\":\"https:\\\/\\\/www.hearstpower.com\\\/wp-content\\\/uploads\\\/2023\\\/06\\\/LDC-Posters-11x14-EN_1.pdf-400x509.jpg\"},{\"@type\":\"BreadcrumbList\",\"@id\":\"https:\\\/\\\/hearstpower.com\\\/safety-around-electrical-equipment-hearst-power\\\/#breadcrumb\",\"itemListElement\":[{\"@type\":\"ListItem\",\"position\":1,\"name\":\"Home\",\"item\":\"https:\\\/\\\/hearstpower.com\\\/\"},{\"@type\":\"ListItem\",\"position\":2,\"name\":\"Safety\"}]},{\"@type\":\"WebSite\",\"@id\":\"https:\\\/\\\/hearstpower.com\\\/#website\",\"url\":\"https:\\\/\\\/hearstpower.com\\\/\",\"name\":\"Hearst Power Distribution Company Ltd.\",\"description\":\"Hearst Power\",\"publisher\":{\"@id\":\"https:\\\/\\\/hearstpower.com\\\/#organization\"},\"potentialAction\":[{\"@type\":\"SearchAction\",\"target\":{\"@type\":\"EntryPoint\",\"urlTemplate\":\"https:\\\/\\\/hearstpower.com\\\/?s={search_term_string}\"},\"query-input\":{\"@type\":\"PropertyValueSpecification\",\"valueRequired\":true,\"valueName\":\"search_term_string\"}}],\"inLanguage\":\"fr-CA\"},{\"@type\":\"Organization\",\"@id\":\"https:\\\/\\\/hearstpower.com\\\/#organization\",\"name\":\"Hearst Power Distribution\",\"alternateName\":\"Corporation de distribution \u00e9lectrique de Hearst\",\"url\":\"https:\\\/\\\/hearstpower.com\\\/\",\"logo\":{\"@type\":\"ImageObject\",\"inLanguage\":\"fr-CA\",\"@id\":\"https:\\\/\\\/hearstpower.com\\\/#\\\/schema\\\/logo\\\/image\\\/\",\"url\":\"https:\\\/\\\/www.hearstpower.com\\\/wp-content\\\/uploads\\\/2023\\\/08\\\/Logo_tiny.png\",\"contentUrl\":\"https:\\\/\\\/www.hearstpower.com\\\/wp-content\\\/uploads\\\/2023\\\/08\\\/Logo_tiny.png\",\"width\":1028,\"height\":208,\"caption\":\"Hearst Power Distribution\"},\"image\":{\"@id\":\"https:\\\/\\\/hearstpower.com\\\/#\\\/schema\\\/logo\\\/image\\\/\"},\"sameAs\":[\"https:\\\/\\\/www.facebook.com\\\/profile.php?id=100030703347012\"]}]}<\/script>\n<!-- \/ Yoast SEO plugin. -->","yoast_head_json":{"title":"Safety - Hearst Power Distribution Company Ltd.","description":"If you notice anything suspicious or damage around electrical equipment or overhead powerlines, please stay away and contact us immediately at 705-372-2815 or 705-372-2816 (after-hours). Si vous remarquez quelque chose de suspect ou des dommages autour de l'\u00e9quipement \u00e9lectrique ou des lignes \u00e9lectriques a\u00e9riennes, veuillez rester \u00e0 l'\u00e9cart et nous contacter imm\u00e9diatement au 705-372-2815 ou au 705-372-2816 (apr\u00e8s les heures de bureau).","robots":{"index":"index","follow":"follow","max-snippet":"max-snippet:-1","max-image-preview":"max-image-preview:large","max-video-preview":"max-video-preview:-1"},"canonical":"https:\/\/hearstpower.com\/fr\/safety-around-electrical-equipment-hearst-power\/","og_locale":"fr_CA","og_type":"article","og_title":"Safety - Hearst Power Distribution Company Ltd.","og_description":"If you notice anything suspicious or damage around electrical equipment or overhead powerlines, please stay away and contact us immediately at 705-372-2815 or 705-372-2816 (after-hours). Si vous remarquez quelque chose de suspect ou des dommages autour de l'\u00e9quipement \u00e9lectrique ou des lignes \u00e9lectriques a\u00e9riennes, veuillez rester \u00e0 l'\u00e9cart et nous contacter imm\u00e9diatement au 705-372-2815 ou au 705-372-2816 (apr\u00e8s les heures de bureau).","og_url":"https:\/\/hearstpower.com\/fr\/safety-around-electrical-equipment-hearst-power\/","og_site_name":"Hearst Power Distribution Company Ltd.","article_publisher":"https:\/\/www.facebook.com\/profile.php?id=100030703347012","article_modified_time":"2023-08-24T17:15:57+00:00","og_image":[{"url":"https:\/\/www.hearstpower.com\/wp-content\/uploads\/2023\/06\/LDC-Posters-11x14-EN_1.pdf-400x509.jpg","type":"","width":"","height":""}],"twitter_card":"summary_large_image","twitter_misc":{"Estimation du temps de lecture":"1 minute"},"schema":{"@context":"https:\/\/schema.org","@graph":[{"@type":"WebPage","@id":"https:\/\/hearstpower.com\/safety-around-electrical-equipment-hearst-power\/","url":"https:\/\/hearstpower.com\/safety-around-electrical-equipment-hearst-power\/","name":"Safety - Hearst Power Distribution Company Ltd.","isPartOf":{"@id":"https:\/\/hearstpower.com\/#website"},"primaryImageOfPage":{"@id":"https:\/\/hearstpower.com\/safety-around-electrical-equipment-hearst-power\/#primaryimage"},"image":{"@id":"https:\/\/hearstpower.com\/safety-around-electrical-equipment-hearst-power\/#primaryimage"},"thumbnailUrl":"https:\/\/www.hearstpower.com\/wp-content\/uploads\/2023\/06\/LDC-Posters-11x14-EN_1.pdf-400x509.jpg","datePublished":"2023-06-11T17:20:13+00:00","dateModified":"2023-08-24T17:15:57+00:00","description":"If you notice anything suspicious or damage around electrical equipment or overhead powerlines, please stay away and contact us immediately at 705-372-2815 or 705-372-2816 (after-hours). Si vous remarquez quelque chose de suspect ou des dommages autour de l'\u00e9quipement \u00e9lectrique ou des lignes \u00e9lectriques a\u00e9riennes, veuillez rester \u00e0 l'\u00e9cart et nous contacter imm\u00e9diatement au 705-372-2815 ou au 705-372-2816 (apr\u00e8s les heures de bureau).","breadcrumb":{"@id":"https:\/\/hearstpower.com\/safety-around-electrical-equipment-hearst-power\/#breadcrumb"},"inLanguage":"fr-CA","potentialAction":[{"@type":"ReadAction","target":["https:\/\/hearstpower.com\/safety-around-electrical-equipment-hearst-power\/"]}]},{"@type":"ImageObject","inLanguage":"fr-CA","@id":"https:\/\/hearstpower.com\/safety-around-electrical-equipment-hearst-power\/#primaryimage","url":"https:\/\/www.hearstpower.com\/wp-content\/uploads\/2023\/06\/LDC-Posters-11x14-EN_1.pdf-400x509.jpg","contentUrl":"https:\/\/www.hearstpower.com\/wp-content\/uploads\/2023\/06\/LDC-Posters-11x14-EN_1.pdf-400x509.jpg"},{"@type":"BreadcrumbList","@id":"https:\/\/hearstpower.com\/safety-around-electrical-equipment-hearst-power\/#breadcrumb","itemListElement":[{"@type":"ListItem","position":1,"name":"Home","item":"https:\/\/hearstpower.com\/"},{"@type":"ListItem","position":2,"name":"Safety"}]},{"@type":"WebSite","@id":"https:\/\/hearstpower.com\/#website","url":"https:\/\/hearstpower.com\/","name":"Hearst Power Distribution Company Ltd.","description":"Hearst Power","publisher":{"@id":"https:\/\/hearstpower.com\/#organization"},"potentialAction":[{"@type":"SearchAction","target":{"@type":"EntryPoint","urlTemplate":"https:\/\/hearstpower.com\/?s={search_term_string}"},"query-input":{"@type":"PropertyValueSpecification","valueRequired":true,"valueName":"search_term_string"}}],"inLanguage":"fr-CA"},{"@type":"Organization","@id":"https:\/\/hearstpower.com\/#organization","name":"Corporation de distribution \u00e9lectrique de Hearst","alternateName":"Corporation de distribution \u00e9lectrique de Hearst","url":"https:\/\/hearstpower.com\/","logo":{"@type":"ImageObject","inLanguage":"fr-CA","@id":"https:\/\/hearstpower.com\/#\/schema\/logo\/image\/","url":"https:\/\/www.hearstpower.com\/wp-content\/uploads\/2023\/08\/Logo_tiny.png","contentUrl":"https:\/\/www.hearstpower.com\/wp-content\/uploads\/2023\/08\/Logo_tiny.png","width":1028,"height":208,"caption":"Hearst Power Distribution"},"image":{"@id":"https:\/\/hearstpower.com\/#\/schema\/logo\/image\/"},"sameAs":["https:\/\/www.facebook.com\/profile.php?id=100030703347012"]}]}},"_links":{"self":[{"href":"https:\/\/hearstpower.com\/fr\/wp-json\/wp\/v2\/pages\/2566","targetHints":{"allow":["GET"]}}],"collection":[{"href":"https:\/\/hearstpower.com\/fr\/wp-json\/wp\/v2\/pages"}],"about":[{"href":"https:\/\/hearstpower.com\/fr\/wp-json\/wp\/v2\/types\/page"}],"author":[{"embeddable":true,"href":"https:\/\/hearstpower.com\/fr\/wp-json\/wp\/v2\/users\/2"}],"replies":[{"embeddable":true,"href":"https:\/\/hearstpower.com\/fr\/wp-json\/wp\/v2\/comments?post=2566"}],"version-history":[{"count":8,"href":"https:\/\/hearstpower.com\/fr\/wp-json\/wp\/v2\/pages\/2566\/revisions"}],"predecessor-version":[{"id":3158,"href":"https:\/\/hearstpower.com\/fr\/wp-json\/wp\/v2\/pages\/2566\/revisions\/3158"}],"wp:attachment":[{"href":"https:\/\/hearstpower.com\/fr\/wp-json\/wp\/v2\/media?parent=2566"}],"curies":[{"name":"wp","href":"https:\/\/api.w.org\/{rel}","templated":true}]}}