{"id":2561,"date":"2023-06-11T17:03:54","date_gmt":"2023-06-11T17:03:54","guid":{"rendered":"https:\/\/hearstpower.com\/?page_id=2561"},"modified":"2023-08-24T17:10:01","modified_gmt":"2023-08-24T17:10:01","slug":"call-or-click-before-you-dig-hearst-power","status":"publish","type":"page","link":"https:\/\/hearstpower.com\/fr\/call-or-click-before-you-dig-hearst-power\/","title":{"rendered":"Appelez ou cliquez avant de creuser"},"content":{"rendered":"<div class=\"fusion-fullwidth fullwidth-box fusion-builder-row-1 fusion-flex-container nonhundred-percent-fullwidth non-hundred-percent-height-scrolling\" style=\"--awb-border-radius-top-left:0px;--awb-border-radius-top-right:0px;--awb-border-radius-bottom-right:0px;--awb-border-radius-bottom-left:0px;--awb-flex-wrap:wrap;\" ><div class=\"fusion-builder-row fusion-row fusion-flex-align-items-flex-start fusion-flex-content-wrap\" style=\"max-width:1248px;margin-left: calc(-4% \/ 2 );margin-right: calc(-4% \/ 2 );\"><div class=\"fusion-layout-column fusion_builder_column fusion-builder-column-0 fusion_builder_column_1_1 1_1 fusion-flex-column\" style=\"--awb-bg-blend:overlay;--awb-bg-size:cover;--awb-width-large:100%;--awb-margin-top-large:0px;--awb-spacing-right-large:1.92%;--awb-margin-bottom-large:0px;--awb-spacing-left-large:1.92%;--awb-width-medium:100%;--awb-spacing-right-medium:1.92%;--awb-spacing-left-medium:1.92%;--awb-width-small:100%;--awb-spacing-right-small:1.92%;--awb-spacing-left-small:1.92%;\"><div class=\"fusion-column-wrapper fusion-flex-justify-content-flex-start fusion-content-layout-column\"><div class=\"fusion-text fusion-text-1\"><h3 class=\"fusion-responsive-typography-calculated\" style=\"--fontsize: 36; line-height: 1.2;\" data-fontsize=\"36\" data-lineheight=\"43.2px\">Appelez ou cliquez avant de creuser<\/h3>\n<p>Vous plantez un arbre, construisez un patio ou une cl\u00f4ture? Vous devez d'abord communiquer avec OntarioOneCall pour obtenir un rep\u00e9rage afin de pouvoir creuser en toute s\u00e9curit\u00e9. Une fois que vous aurez cr\u00e9\u00e9 une demande de rep\u00e9rage, vous recevrez des informations sur l'infrastructure souterraine dans la zone d\u00e9sign\u00e9e. N'oubliez pas que vous \u00eates responsable de tout dommage ou blessure caus\u00e9 par une interf\u00e9rence avec toute infrastructure enfouie. Demandez votre rep\u00e9rage gratuit\ufeff <b><u><a href=\"https:\/\/ontarioonecall.ca\" target=\"_blank\" rel=\"noopener\">en ligne<\/a><\/u><\/b> ou appelez le 1-800-400-2255.<\/p>\n<p><em>Pr\u00e9voyez 5 jours ouvr\u00e9s pour toutes vos demandes de localisation.<\/em><\/p>\n<\/div><\/div><\/div><\/div><\/div>","protected":false},"excerpt":{"rendered":"","protected":false},"author":2,"featured_media":0,"parent":0,"menu_order":0,"comment_status":"closed","ping_status":"closed","template":"100-width.php","meta":{"iawp_total_views":30,"footnotes":""},"class_list":["post-2561","page","type-page","status-publish","hentry"],"yoast_head":"<!-- This site is optimized with the Yoast SEO plugin v27.3 - https:\/\/yoast.com\/product\/yoast-seo-wordpress\/ -->\n<title>Call or Click Before you Dig - Hearst Power Distribution Company Ltd.<\/title>\n<meta name=\"description\" content=\"Get a locate so you can dig safely by contacting Ontario One Call. Allow 5 working days for all your locating requests. Obtenez une localisation afin de pouvoir creuser en toute s\u00e9curit\u00e9 en contactant Ontario One Call. Pr\u00e9voyez cinq jours ouvrables pour toutes vos demandes de localisation.\" \/>\n<meta name=\"robots\" content=\"index, follow, max-snippet:-1, max-image-preview:large, max-video-preview:-1\" \/>\n<link rel=\"canonical\" href=\"https:\/\/hearstpower.com\/fr\/call-or-click-before-you-dig-hearst-power\/\" \/>\n<meta property=\"og:locale\" content=\"fr_CA\" \/>\n<meta property=\"og:type\" content=\"article\" \/>\n<meta property=\"og:title\" content=\"Call or Click Before you Dig - Hearst Power Distribution Company Ltd.\" \/>\n<meta property=\"og:description\" content=\"Get a locate so you can dig safely by contacting Ontario One Call. Allow 5 working days for all your locating requests. Obtenez une localisation afin de pouvoir creuser en toute s\u00e9curit\u00e9 en contactant Ontario One Call. Pr\u00e9voyez cinq jours ouvrables pour toutes vos demandes de localisation.\" \/>\n<meta property=\"og:url\" content=\"https:\/\/hearstpower.com\/fr\/call-or-click-before-you-dig-hearst-power\/\" \/>\n<meta property=\"og:site_name\" content=\"Hearst Power Distribution Company Ltd.\" \/>\n<meta property=\"article:publisher\" content=\"https:\/\/www.facebook.com\/profile.php?id=100030703347012\" \/>\n<meta property=\"article:modified_time\" content=\"2023-08-24T17:10:01+00:00\" \/>\n<meta property=\"og:image\" content=\"https:\/\/hearstpower.com\/wp-content\/uploads\/2023\/08\/Logo_tiny.png\" \/>\n\t<meta property=\"og:image:width\" content=\"1028\" \/>\n\t<meta property=\"og:image:height\" content=\"208\" \/>\n\t<meta property=\"og:image:type\" content=\"image\/png\" \/>\n<meta name=\"twitter:card\" content=\"summary_large_image\" \/>\n<meta name=\"twitter:label1\" content=\"Estimation du temps de lecture\" \/>\n\t<meta name=\"twitter:data1\" content=\"1 minute\" \/>\n<script type=\"application\/ld+json\" class=\"yoast-schema-graph\">{\"@context\":\"https:\\\/\\\/schema.org\",\"@graph\":[{\"@type\":\"WebPage\",\"@id\":\"https:\\\/\\\/hearstpower.com\\\/call-or-click-before-you-dig-hearst-power\\\/\",\"url\":\"https:\\\/\\\/hearstpower.com\\\/call-or-click-before-you-dig-hearst-power\\\/\",\"name\":\"Call or Click Before you Dig - Hearst Power Distribution Company Ltd.\",\"isPartOf\":{\"@id\":\"https:\\\/\\\/hearstpower.com\\\/#website\"},\"datePublished\":\"2023-06-11T17:03:54+00:00\",\"dateModified\":\"2023-08-24T17:10:01+00:00\",\"description\":\"Get a locate so you can dig safely by contacting Ontario One Call. Allow 5 working days for all your locating requests. Obtenez une localisation afin de pouvoir creuser en toute s\u00e9curit\u00e9 en contactant Ontario One Call. Pr\u00e9voyez cinq jours ouvrables pour toutes vos demandes de localisation.\",\"breadcrumb\":{\"@id\":\"https:\\\/\\\/hearstpower.com\\\/call-or-click-before-you-dig-hearst-power\\\/#breadcrumb\"},\"inLanguage\":\"fr-CA\",\"potentialAction\":[{\"@type\":\"ReadAction\",\"target\":[\"https:\\\/\\\/hearstpower.com\\\/call-or-click-before-you-dig-hearst-power\\\/\"]}]},{\"@type\":\"BreadcrumbList\",\"@id\":\"https:\\\/\\\/hearstpower.com\\\/call-or-click-before-you-dig-hearst-power\\\/#breadcrumb\",\"itemListElement\":[{\"@type\":\"ListItem\",\"position\":1,\"name\":\"Home\",\"item\":\"https:\\\/\\\/hearstpower.com\\\/\"},{\"@type\":\"ListItem\",\"position\":2,\"name\":\"Call or Click Before you Dig\"}]},{\"@type\":\"WebSite\",\"@id\":\"https:\\\/\\\/hearstpower.com\\\/#website\",\"url\":\"https:\\\/\\\/hearstpower.com\\\/\",\"name\":\"Hearst Power Distribution Company Ltd.\",\"description\":\"Hearst Power\",\"publisher\":{\"@id\":\"https:\\\/\\\/hearstpower.com\\\/#organization\"},\"potentialAction\":[{\"@type\":\"SearchAction\",\"target\":{\"@type\":\"EntryPoint\",\"urlTemplate\":\"https:\\\/\\\/hearstpower.com\\\/?s={search_term_string}\"},\"query-input\":{\"@type\":\"PropertyValueSpecification\",\"valueRequired\":true,\"valueName\":\"search_term_string\"}}],\"inLanguage\":\"fr-CA\"},{\"@type\":\"Organization\",\"@id\":\"https:\\\/\\\/hearstpower.com\\\/#organization\",\"name\":\"Hearst Power Distribution\",\"alternateName\":\"Corporation de distribution \u00e9lectrique de Hearst\",\"url\":\"https:\\\/\\\/hearstpower.com\\\/\",\"logo\":{\"@type\":\"ImageObject\",\"inLanguage\":\"fr-CA\",\"@id\":\"https:\\\/\\\/hearstpower.com\\\/#\\\/schema\\\/logo\\\/image\\\/\",\"url\":\"https:\\\/\\\/www.hearstpower.com\\\/wp-content\\\/uploads\\\/2023\\\/08\\\/Logo_tiny.png\",\"contentUrl\":\"https:\\\/\\\/www.hearstpower.com\\\/wp-content\\\/uploads\\\/2023\\\/08\\\/Logo_tiny.png\",\"width\":1028,\"height\":208,\"caption\":\"Hearst Power Distribution\"},\"image\":{\"@id\":\"https:\\\/\\\/hearstpower.com\\\/#\\\/schema\\\/logo\\\/image\\\/\"},\"sameAs\":[\"https:\\\/\\\/www.facebook.com\\\/profile.php?id=100030703347012\"]}]}<\/script>\n<!-- \/ Yoast SEO plugin. -->","yoast_head_json":{"title":"Call or Click Before you Dig - Hearst Power Distribution Company Ltd.","description":"Get a locate so you can dig safely by contacting Ontario One Call. Allow 5 working days for all your locating requests. Obtenez une localisation afin de pouvoir creuser en toute s\u00e9curit\u00e9 en contactant Ontario One Call. Pr\u00e9voyez cinq jours ouvrables pour toutes vos demandes de localisation.","robots":{"index":"index","follow":"follow","max-snippet":"max-snippet:-1","max-image-preview":"max-image-preview:large","max-video-preview":"max-video-preview:-1"},"canonical":"https:\/\/hearstpower.com\/fr\/call-or-click-before-you-dig-hearst-power\/","og_locale":"fr_CA","og_type":"article","og_title":"Call or Click Before you Dig - Hearst Power Distribution Company Ltd.","og_description":"Get a locate so you can dig safely by contacting Ontario One Call. Allow 5 working days for all your locating requests. Obtenez une localisation afin de pouvoir creuser en toute s\u00e9curit\u00e9 en contactant Ontario One Call. Pr\u00e9voyez cinq jours ouvrables pour toutes vos demandes de localisation.","og_url":"https:\/\/hearstpower.com\/fr\/call-or-click-before-you-dig-hearst-power\/","og_site_name":"Hearst Power Distribution Company Ltd.","article_publisher":"https:\/\/www.facebook.com\/profile.php?id=100030703347012","article_modified_time":"2023-08-24T17:10:01+00:00","og_image":[{"width":1028,"height":208,"url":"https:\/\/hearstpower.com\/wp-content\/uploads\/2023\/08\/Logo_tiny.png","type":"image\/png"}],"twitter_card":"summary_large_image","twitter_misc":{"Estimation du temps de lecture":"1 minute"},"schema":{"@context":"https:\/\/schema.org","@graph":[{"@type":"WebPage","@id":"https:\/\/hearstpower.com\/call-or-click-before-you-dig-hearst-power\/","url":"https:\/\/hearstpower.com\/call-or-click-before-you-dig-hearst-power\/","name":"Call or Click Before you Dig - Hearst Power Distribution Company Ltd.","isPartOf":{"@id":"https:\/\/hearstpower.com\/#website"},"datePublished":"2023-06-11T17:03:54+00:00","dateModified":"2023-08-24T17:10:01+00:00","description":"Get a locate so you can dig safely by contacting Ontario One Call. Allow 5 working days for all your locating requests. Obtenez une localisation afin de pouvoir creuser en toute s\u00e9curit\u00e9 en contactant Ontario One Call. Pr\u00e9voyez cinq jours ouvrables pour toutes vos demandes de localisation.","breadcrumb":{"@id":"https:\/\/hearstpower.com\/call-or-click-before-you-dig-hearst-power\/#breadcrumb"},"inLanguage":"fr-CA","potentialAction":[{"@type":"ReadAction","target":["https:\/\/hearstpower.com\/call-or-click-before-you-dig-hearst-power\/"]}]},{"@type":"BreadcrumbList","@id":"https:\/\/hearstpower.com\/call-or-click-before-you-dig-hearst-power\/#breadcrumb","itemListElement":[{"@type":"ListItem","position":1,"name":"Home","item":"https:\/\/hearstpower.com\/"},{"@type":"ListItem","position":2,"name":"Call or Click Before you Dig"}]},{"@type":"WebSite","@id":"https:\/\/hearstpower.com\/#website","url":"https:\/\/hearstpower.com\/","name":"Hearst Power Distribution Company Ltd.","description":"Hearst Power","publisher":{"@id":"https:\/\/hearstpower.com\/#organization"},"potentialAction":[{"@type":"SearchAction","target":{"@type":"EntryPoint","urlTemplate":"https:\/\/hearstpower.com\/?s={search_term_string}"},"query-input":{"@type":"PropertyValueSpecification","valueRequired":true,"valueName":"search_term_string"}}],"inLanguage":"fr-CA"},{"@type":"Organization","@id":"https:\/\/hearstpower.com\/#organization","name":"Corporation de distribution \u00e9lectrique de Hearst","alternateName":"Corporation de distribution \u00e9lectrique de Hearst","url":"https:\/\/hearstpower.com\/","logo":{"@type":"ImageObject","inLanguage":"fr-CA","@id":"https:\/\/hearstpower.com\/#\/schema\/logo\/image\/","url":"https:\/\/www.hearstpower.com\/wp-content\/uploads\/2023\/08\/Logo_tiny.png","contentUrl":"https:\/\/www.hearstpower.com\/wp-content\/uploads\/2023\/08\/Logo_tiny.png","width":1028,"height":208,"caption":"Hearst Power Distribution"},"image":{"@id":"https:\/\/hearstpower.com\/#\/schema\/logo\/image\/"},"sameAs":["https:\/\/www.facebook.com\/profile.php?id=100030703347012"]}]}},"_links":{"self":[{"href":"https:\/\/hearstpower.com\/fr\/wp-json\/wp\/v2\/pages\/2561","targetHints":{"allow":["GET"]}}],"collection":[{"href":"https:\/\/hearstpower.com\/fr\/wp-json\/wp\/v2\/pages"}],"about":[{"href":"https:\/\/hearstpower.com\/fr\/wp-json\/wp\/v2\/types\/page"}],"author":[{"embeddable":true,"href":"https:\/\/hearstpower.com\/fr\/wp-json\/wp\/v2\/users\/2"}],"replies":[{"embeddable":true,"href":"https:\/\/hearstpower.com\/fr\/wp-json\/wp\/v2\/comments?post=2561"}],"version-history":[{"count":5,"href":"https:\/\/hearstpower.com\/fr\/wp-json\/wp\/v2\/pages\/2561\/revisions"}],"predecessor-version":[{"id":3156,"href":"https:\/\/hearstpower.com\/fr\/wp-json\/wp\/v2\/pages\/2561\/revisions\/3156"}],"wp:attachment":[{"href":"https:\/\/hearstpower.com\/fr\/wp-json\/wp\/v2\/media?parent=2561"}],"curies":[{"name":"wp","href":"https:\/\/api.w.org\/{rel}","templated":true}]}}