{"id":2549,"date":"2023-06-11T16:50:08","date_gmt":"2023-06-11T16:50:08","guid":{"rendered":"https:\/\/hearstpower.com\/?page_id=2549"},"modified":"2023-08-24T16:10:12","modified_gmt":"2023-08-24T16:10:12","slug":"outage-safety","status":"publish","type":"page","link":"https:\/\/hearstpower.com\/fr\/outage-safety\/","title":{"rendered":"S\u00e9curit\u00e9 en cas de panne"},"content":{"rendered":"<div class=\"fusion-fullwidth fullwidth-box fusion-builder-row-1 fusion-flex-container nonhundred-percent-fullwidth non-hundred-percent-height-scrolling\" style=\"--awb-border-radius-top-left:0px;--awb-border-radius-top-right:0px;--awb-border-radius-bottom-right:0px;--awb-border-radius-bottom-left:0px;--awb-flex-wrap:wrap;\" ><div class=\"fusion-builder-row fusion-row fusion-flex-align-items-flex-start fusion-flex-content-wrap\" style=\"max-width:1248px;margin-left: calc(-4% \/ 2 );margin-right: calc(-4% \/ 2 );\"><div class=\"fusion-layout-column fusion_builder_column fusion-builder-column-0 fusion_builder_column_1_1 1_1 fusion-flex-column\" style=\"--awb-bg-blend:overlay;--awb-bg-size:cover;--awb-width-large:100%;--awb-margin-top-large:0px;--awb-spacing-right-large:1.92%;--awb-margin-bottom-large:0px;--awb-spacing-left-large:1.92%;--awb-width-medium:100%;--awb-spacing-right-medium:1.92%;--awb-spacing-left-medium:1.92%;--awb-width-small:100%;--awb-spacing-right-small:1.92%;--awb-spacing-left-small:1.92%;\"><div class=\"fusion-column-wrapper fusion-flex-justify-content-flex-start fusion-content-layout-column\"><div class=\"fusion-text fusion-text-1\"><h3>S\u00e9curit\u00e9 en cas de panne<\/h3>\n<p>Les pannes de courant peuvent durer plusieurs heures, et m\u00eame quelques jours.  Elles sont souvent caus\u00e9es par le gel, la pluie, des orages et\/ou des grands vents, qui endommagent les lignes \u00e9lectriques et les pi\u00e8ces d\u2019\u00e9quipement.   Elles sont \u00e9galement fr\u00e9quentes dans les mois d\u2019\u00e9t\u00e9, lorsque la demande en \u00e9lectricit\u00e9 est trop \u00e9lev\u00e9e pour les r\u00e9seaux \u00e9lectriques.   Pendant une panne d\u2019\u00e9lectricit\u00e9, vous pouvez \u00eatre laiss\u00e9 sans chauffage ou climatisation, sans \u00e9clairage, sans eau chaude ou m\u00eame sans eau courante.<\/p>\n<p>Consultez le document ci-bas pour vous aider \u00e0 pr\u00e9parer un plan d\u2019urgence dans l\u2019\u00e9ventualit\u00e9 d\u2019une interruption de courant prolong\u00e9e.<\/p>\n<p><b><u><a href=\"\/wp-content\/uploads\/2023\/06\/prepared-e.pdf\" target=\"_blank\" rel=\"noopener\">Conseils de s\u00e9curit\u00e9 \u00e0 suivre lors d\u2019une panne.<\/a><\/u><\/b><\/p>\n<\/div><\/div><\/div><\/div><\/div>","protected":false},"excerpt":{"rendered":"","protected":false},"author":2,"featured_media":0,"parent":0,"menu_order":0,"comment_status":"closed","ping_status":"closed","template":"100-width.php","meta":{"iawp_total_views":30,"footnotes":""},"class_list":["post-2549","page","type-page","status-publish","hentry"],"yoast_head":"<!-- This site is optimized with the Yoast SEO plugin v27.3 - https:\/\/yoast.com\/product\/yoast-seo-wordpress\/ -->\n<title>Outage Safety - Hearst Power Distribution Company Ltd.<\/title>\n<meta name=\"description\" content=\"Refer to the link below to help you prepare and plan for a power outage and to know what to do. View the important safety tips to follow during a power outage. Consultez le document ci-bas pour vous aider \u00e0 pr\u00e9parer un plan d\u2019urgence dans l\u2019\u00e9ventualit\u00e9 d\u2019une interruption de courant prolong\u00e9e. Voir les conseils de s\u00e9curit\u00e9 \u00e0 suivre lors d\u2019une panne.\" \/>\n<meta name=\"robots\" content=\"index, follow, max-snippet:-1, max-image-preview:large, max-video-preview:-1\" \/>\n<link rel=\"canonical\" href=\"https:\/\/hearstpower.com\/fr\/outage-safety\/\" \/>\n<meta property=\"og:locale\" content=\"fr_CA\" \/>\n<meta property=\"og:type\" content=\"article\" \/>\n<meta property=\"og:title\" content=\"Outage Safety - Hearst Power Distribution Company Ltd.\" \/>\n<meta property=\"og:description\" content=\"Refer to the link below to help you prepare and plan for a power outage and to know what to do. View the important safety tips to follow during a power outage. Consultez le document ci-bas pour vous aider \u00e0 pr\u00e9parer un plan d\u2019urgence dans l\u2019\u00e9ventualit\u00e9 d\u2019une interruption de courant prolong\u00e9e. Voir les conseils de s\u00e9curit\u00e9 \u00e0 suivre lors d\u2019une panne.\" \/>\n<meta property=\"og:url\" content=\"https:\/\/hearstpower.com\/fr\/outage-safety\/\" \/>\n<meta property=\"og:site_name\" content=\"Hearst Power Distribution Company Ltd.\" \/>\n<meta property=\"article:publisher\" content=\"https:\/\/www.facebook.com\/profile.php?id=100030703347012\" \/>\n<meta property=\"article:modified_time\" content=\"2023-08-24T16:10:12+00:00\" \/>\n<meta property=\"og:image\" content=\"https:\/\/hearstpower.com\/wp-content\/uploads\/2023\/08\/Logo_tiny.png\" \/>\n\t<meta property=\"og:image:width\" content=\"1028\" \/>\n\t<meta property=\"og:image:height\" content=\"208\" \/>\n\t<meta property=\"og:image:type\" content=\"image\/png\" \/>\n<meta name=\"twitter:card\" content=\"summary_large_image\" \/>\n<meta name=\"twitter:label1\" content=\"Estimation du temps de lecture\" \/>\n\t<meta name=\"twitter:data1\" content=\"1 minute\" \/>\n<script type=\"application\/ld+json\" class=\"yoast-schema-graph\">{\"@context\":\"https:\\\/\\\/schema.org\",\"@graph\":[{\"@type\":\"WebPage\",\"@id\":\"https:\\\/\\\/hearstpower.com\\\/outage-safety\\\/\",\"url\":\"https:\\\/\\\/hearstpower.com\\\/outage-safety\\\/\",\"name\":\"Outage Safety - Hearst Power Distribution Company Ltd.\",\"isPartOf\":{\"@id\":\"https:\\\/\\\/hearstpower.com\\\/#website\"},\"datePublished\":\"2023-06-11T16:50:08+00:00\",\"dateModified\":\"2023-08-24T16:10:12+00:00\",\"description\":\"Refer to the link below to help you prepare and plan for a power outage and to know what to do. View the important safety tips to follow during a power outage. Consultez le document ci-bas pour vous aider \u00e0 pr\u00e9parer un plan d\u2019urgence dans l\u2019\u00e9ventualit\u00e9 d\u2019une interruption de courant prolong\u00e9e. Voir les conseils de s\u00e9curit\u00e9 \u00e0 suivre lors d\u2019une panne.\",\"breadcrumb\":{\"@id\":\"https:\\\/\\\/hearstpower.com\\\/outage-safety\\\/#breadcrumb\"},\"inLanguage\":\"fr-CA\",\"potentialAction\":[{\"@type\":\"ReadAction\",\"target\":[\"https:\\\/\\\/hearstpower.com\\\/outage-safety\\\/\"]}]},{\"@type\":\"BreadcrumbList\",\"@id\":\"https:\\\/\\\/hearstpower.com\\\/outage-safety\\\/#breadcrumb\",\"itemListElement\":[{\"@type\":\"ListItem\",\"position\":1,\"name\":\"Home\",\"item\":\"https:\\\/\\\/hearstpower.com\\\/\"},{\"@type\":\"ListItem\",\"position\":2,\"name\":\"Outage Safety\"}]},{\"@type\":\"WebSite\",\"@id\":\"https:\\\/\\\/hearstpower.com\\\/#website\",\"url\":\"https:\\\/\\\/hearstpower.com\\\/\",\"name\":\"Hearst Power Distribution Company Ltd.\",\"description\":\"Hearst Power\",\"publisher\":{\"@id\":\"https:\\\/\\\/hearstpower.com\\\/#organization\"},\"potentialAction\":[{\"@type\":\"SearchAction\",\"target\":{\"@type\":\"EntryPoint\",\"urlTemplate\":\"https:\\\/\\\/hearstpower.com\\\/?s={search_term_string}\"},\"query-input\":{\"@type\":\"PropertyValueSpecification\",\"valueRequired\":true,\"valueName\":\"search_term_string\"}}],\"inLanguage\":\"fr-CA\"},{\"@type\":\"Organization\",\"@id\":\"https:\\\/\\\/hearstpower.com\\\/#organization\",\"name\":\"Hearst Power Distribution\",\"alternateName\":\"Corporation de distribution \u00e9lectrique de Hearst\",\"url\":\"https:\\\/\\\/hearstpower.com\\\/\",\"logo\":{\"@type\":\"ImageObject\",\"inLanguage\":\"fr-CA\",\"@id\":\"https:\\\/\\\/hearstpower.com\\\/#\\\/schema\\\/logo\\\/image\\\/\",\"url\":\"https:\\\/\\\/www.hearstpower.com\\\/wp-content\\\/uploads\\\/2023\\\/08\\\/Logo_tiny.png\",\"contentUrl\":\"https:\\\/\\\/www.hearstpower.com\\\/wp-content\\\/uploads\\\/2023\\\/08\\\/Logo_tiny.png\",\"width\":1028,\"height\":208,\"caption\":\"Hearst Power Distribution\"},\"image\":{\"@id\":\"https:\\\/\\\/hearstpower.com\\\/#\\\/schema\\\/logo\\\/image\\\/\"},\"sameAs\":[\"https:\\\/\\\/www.facebook.com\\\/profile.php?id=100030703347012\"]}]}<\/script>\n<!-- \/ Yoast SEO plugin. -->","yoast_head_json":{"title":"Outage Safety - Hearst Power Distribution Company Ltd.","description":"Refer to the link below to help you prepare and plan for a power outage and to know what to do. View the important safety tips to follow during a power outage. Consultez le document ci-bas pour vous aider \u00e0 pr\u00e9parer un plan d\u2019urgence dans l\u2019\u00e9ventualit\u00e9 d\u2019une interruption de courant prolong\u00e9e. Voir les conseils de s\u00e9curit\u00e9 \u00e0 suivre lors d\u2019une panne.","robots":{"index":"index","follow":"follow","max-snippet":"max-snippet:-1","max-image-preview":"max-image-preview:large","max-video-preview":"max-video-preview:-1"},"canonical":"https:\/\/hearstpower.com\/fr\/outage-safety\/","og_locale":"fr_CA","og_type":"article","og_title":"Outage Safety - Hearst Power Distribution Company Ltd.","og_description":"Refer to the link below to help you prepare and plan for a power outage and to know what to do. View the important safety tips to follow during a power outage. Consultez le document ci-bas pour vous aider \u00e0 pr\u00e9parer un plan d\u2019urgence dans l\u2019\u00e9ventualit\u00e9 d\u2019une interruption de courant prolong\u00e9e. Voir les conseils de s\u00e9curit\u00e9 \u00e0 suivre lors d\u2019une panne.","og_url":"https:\/\/hearstpower.com\/fr\/outage-safety\/","og_site_name":"Hearst Power Distribution Company Ltd.","article_publisher":"https:\/\/www.facebook.com\/profile.php?id=100030703347012","article_modified_time":"2023-08-24T16:10:12+00:00","og_image":[{"width":1028,"height":208,"url":"https:\/\/hearstpower.com\/wp-content\/uploads\/2023\/08\/Logo_tiny.png","type":"image\/png"}],"twitter_card":"summary_large_image","twitter_misc":{"Estimation du temps de lecture":"1 minute"},"schema":{"@context":"https:\/\/schema.org","@graph":[{"@type":"WebPage","@id":"https:\/\/hearstpower.com\/outage-safety\/","url":"https:\/\/hearstpower.com\/outage-safety\/","name":"Outage Safety - Hearst Power Distribution Company Ltd.","isPartOf":{"@id":"https:\/\/hearstpower.com\/#website"},"datePublished":"2023-06-11T16:50:08+00:00","dateModified":"2023-08-24T16:10:12+00:00","description":"Refer to the link below to help you prepare and plan for a power outage and to know what to do. View the important safety tips to follow during a power outage. Consultez le document ci-bas pour vous aider \u00e0 pr\u00e9parer un plan d\u2019urgence dans l\u2019\u00e9ventualit\u00e9 d\u2019une interruption de courant prolong\u00e9e. Voir les conseils de s\u00e9curit\u00e9 \u00e0 suivre lors d\u2019une panne.","breadcrumb":{"@id":"https:\/\/hearstpower.com\/outage-safety\/#breadcrumb"},"inLanguage":"fr-CA","potentialAction":[{"@type":"ReadAction","target":["https:\/\/hearstpower.com\/outage-safety\/"]}]},{"@type":"BreadcrumbList","@id":"https:\/\/hearstpower.com\/outage-safety\/#breadcrumb","itemListElement":[{"@type":"ListItem","position":1,"name":"Home","item":"https:\/\/hearstpower.com\/"},{"@type":"ListItem","position":2,"name":"Outage Safety"}]},{"@type":"WebSite","@id":"https:\/\/hearstpower.com\/#website","url":"https:\/\/hearstpower.com\/","name":"Hearst Power Distribution Company Ltd.","description":"Hearst Power","publisher":{"@id":"https:\/\/hearstpower.com\/#organization"},"potentialAction":[{"@type":"SearchAction","target":{"@type":"EntryPoint","urlTemplate":"https:\/\/hearstpower.com\/?s={search_term_string}"},"query-input":{"@type":"PropertyValueSpecification","valueRequired":true,"valueName":"search_term_string"}}],"inLanguage":"fr-CA"},{"@type":"Organization","@id":"https:\/\/hearstpower.com\/#organization","name":"Corporation de distribution \u00e9lectrique de Hearst","alternateName":"Corporation de distribution \u00e9lectrique de Hearst","url":"https:\/\/hearstpower.com\/","logo":{"@type":"ImageObject","inLanguage":"fr-CA","@id":"https:\/\/hearstpower.com\/#\/schema\/logo\/image\/","url":"https:\/\/www.hearstpower.com\/wp-content\/uploads\/2023\/08\/Logo_tiny.png","contentUrl":"https:\/\/www.hearstpower.com\/wp-content\/uploads\/2023\/08\/Logo_tiny.png","width":1028,"height":208,"caption":"Hearst Power Distribution"},"image":{"@id":"https:\/\/hearstpower.com\/#\/schema\/logo\/image\/"},"sameAs":["https:\/\/www.facebook.com\/profile.php?id=100030703347012"]}]}},"_links":{"self":[{"href":"https:\/\/hearstpower.com\/fr\/wp-json\/wp\/v2\/pages\/2549","targetHints":{"allow":["GET"]}}],"collection":[{"href":"https:\/\/hearstpower.com\/fr\/wp-json\/wp\/v2\/pages"}],"about":[{"href":"https:\/\/hearstpower.com\/fr\/wp-json\/wp\/v2\/types\/page"}],"author":[{"embeddable":true,"href":"https:\/\/hearstpower.com\/fr\/wp-json\/wp\/v2\/users\/2"}],"replies":[{"embeddable":true,"href":"https:\/\/hearstpower.com\/fr\/wp-json\/wp\/v2\/comments?post=2549"}],"version-history":[{"count":6,"href":"https:\/\/hearstpower.com\/fr\/wp-json\/wp\/v2\/pages\/2549\/revisions"}],"predecessor-version":[{"id":3154,"href":"https:\/\/hearstpower.com\/fr\/wp-json\/wp\/v2\/pages\/2549\/revisions\/3154"}],"wp:attachment":[{"href":"https:\/\/hearstpower.com\/fr\/wp-json\/wp\/v2\/media?parent=2549"}],"curies":[{"name":"wp","href":"https:\/\/api.w.org\/{rel}","templated":true}]}}