{"id":2530,"date":"2023-06-09T20:26:02","date_gmt":"2023-06-09T20:26:02","guid":{"rendered":"https:\/\/hearstpower.com\/?page_id=2530"},"modified":"2023-09-19T17:59:32","modified_gmt":"2023-09-19T17:59:32","slug":"understanding-your-bill-hearst-power","status":"publish","type":"page","link":"https:\/\/hearstpower.com\/fr\/understanding-your-bill-hearst-power\/","title":{"rendered":"Comprendre votre facture"},"content":{"rendered":"<div class=\"fusion-fullwidth fullwidth-box fusion-builder-row-1 fusion-flex-container nonhundred-percent-fullwidth non-hundred-percent-height-scrolling\" style=\"--awb-border-radius-top-left:0px;--awb-border-radius-top-right:0px;--awb-border-radius-bottom-right:0px;--awb-border-radius-bottom-left:0px;--awb-flex-wrap:wrap;\" ><div class=\"fusion-builder-row fusion-row fusion-flex-align-items-flex-start fusion-flex-content-wrap\" style=\"max-width:1248px;margin-left: calc(-4% \/ 2 );margin-right: calc(-4% \/ 2 );\"><div class=\"fusion-layout-column fusion_builder_column fusion-builder-column-0 fusion_builder_column_1_1 1_1 fusion-flex-column\" style=\"--awb-bg-blend:overlay;--awb-bg-size:cover;--awb-width-large:100%;--awb-margin-top-large:0px;--awb-spacing-right-large:1.92%;--awb-margin-bottom-large:0px;--awb-spacing-left-large:1.92%;--awb-width-medium:100%;--awb-spacing-right-medium:1.92%;--awb-spacing-left-medium:1.92%;--awb-width-small:100%;--awb-spacing-right-small:1.92%;--awb-spacing-left-small:1.92%;\"><div class=\"fusion-column-wrapper fusion-flex-justify-content-flex-start fusion-content-layout-column\"><div class=\"fusion-text fusion-text-1\"><h3>Comprendre votre facture&nbsp;<\/h3>\n<p>Veuillez consulter la page web suivante de la Commission de l'\u00e9nergie de l'Ontario pour plus d'informations sur vos factures et leurs composantes :<\/p>\n<p><u><a href=\"https:\/\/www.oeb.ca\/fr\/consommateurs\/tarifs-delectricite\/comprendre-votre-facture-delectricite\" target=\"_blank\" rel=\"noopener\"><strong>https:\/\/www.oeb.ca\/fr\/consommateurs\/tarifs-delectricite\/comprendre-votre-facture-delectricite<\/strong><\/a><\/u><\/p>\n<h4>Plan budg\u00e9taire \/ Mode de paiements \u00e9gaux<\/h4>\n<p>Le paiement mensuel est \u00e9tabli en fonction des frais d\u2019\u00e9lectricit\u00e9 pay\u00e9s lors des derniers douze (12) mois, divis\u00e9 par douze (12). Ceci permet d\u2019\u00e9taler le paiement de la facture annuelle d\u2019\u00e9lectricit\u00e9 en douze (12) paiements \u00e9gaux.<\/p>\n<p>Pour un nouveau client ayant moins de douze (12) mois de service avec la Corporation de distribution \u00e9lectrique de Hearst, le paiement mensuel est estim\u00e9 en utilisant la consommation du ou des r\u00e9sidents pr\u00e9c\u00e9dents.<\/p>\n<p>\u00c0 la demande du client, le montant des paiements mensuels peut \u00eatre augment\u00e9 si celui-ci juge que le montant fix\u00e9 n\u2019est pas suffisant.<\/p>\n<p>Au cours du terme, le montant des paiements \u00e9gaux peut \u00eatre r\u00e9vis\u00e9 et ajust\u00e9 pour correspondre aux changements de consommation d\u2019\u00e9lectricit\u00e9 du client.<\/p>\n<p>Au douzi\u00e8me mois, le montant d\u00fb refl\u00e8te la somme des versements re\u00e7us, versus la consommation r\u00e9elle du client pendant le terme de douze (12) mois. Ce montant peut \u00eatre une somme plus \u00e9lev\u00e9e que le paiement mensuel \u00e9tabli ant\u00e9rieurement, ou encore un cr\u00e9dit, si la consommation actuelle est inf\u00e9rieure au montant pay\u00e9 au cours du terme.<\/p>\n<p>\u00c0 la fin du douzi\u00e8me mois, le nouveau paiement mensuel est d\u00e9termin\u00e9 en fonction de la consommation des douze (12) derniers mois.<\/p>\n<p>La Corporation de distribution \u00e9lectrique de Hearst peut refuser l\u2019option du plan budg\u00e9taire aux clients qui poss\u00e8dent un arr\u00e9rage sur leur compte d\u2019\u00e9lectricit\u00e9, et peut annuler un plan budg\u00e9taire actif, sans pr\u00e9avis, aux clients qui ne r\u00e8glent pas leur facture par la date limite.<\/p>\n<\/div><\/div><\/div><\/div><\/div>","protected":false},"excerpt":{"rendered":"","protected":false},"author":2,"featured_media":0,"parent":0,"menu_order":0,"comment_status":"closed","ping_status":"closed","template":"100-width.php","meta":{"iawp_total_views":58,"footnotes":""},"class_list":["post-2530","page","type-page","status-publish","hentry"],"yoast_head":"<!-- This site is optimized with the Yoast SEO plugin v27.3 - https:\/\/yoast.com\/product\/yoast-seo-wordpress\/ -->\n<title>Understanding your Bill - Hearst Power Distribution Company Ltd.<\/title>\n<meta name=\"description\" content=\"Please visit the following Ontario Energy Board webpage for more information on your invoices and its components. Veuillez consulter la page web suivante de la Commission de l&#039;\u00e9nergie de l&#039;Ontario pour plus d&#039;informations sur vos factures et leurs composantes.\" \/>\n<meta name=\"robots\" content=\"index, follow, max-snippet:-1, max-image-preview:large, max-video-preview:-1\" \/>\n<link rel=\"canonical\" href=\"https:\/\/hearstpower.com\/fr\/understanding-your-bill-hearst-power\/\" \/>\n<meta property=\"og:locale\" content=\"fr_CA\" \/>\n<meta property=\"og:type\" content=\"article\" \/>\n<meta property=\"og:title\" content=\"Understanding your Bill - Hearst Power Distribution Company Ltd.\" \/>\n<meta property=\"og:description\" content=\"Please visit the following Ontario Energy Board webpage for more information on your invoices and its components. Veuillez consulter la page web suivante de la Commission de l&#039;\u00e9nergie de l&#039;Ontario pour plus d&#039;informations sur vos factures et leurs composantes.\" \/>\n<meta property=\"og:url\" content=\"https:\/\/hearstpower.com\/fr\/understanding-your-bill-hearst-power\/\" \/>\n<meta property=\"og:site_name\" content=\"Hearst Power Distribution Company Ltd.\" \/>\n<meta property=\"article:publisher\" content=\"https:\/\/www.facebook.com\/profile.php?id=100030703347012\" \/>\n<meta property=\"article:modified_time\" content=\"2023-09-19T17:59:32+00:00\" \/>\n<meta property=\"og:image\" content=\"https:\/\/hearstpower.com\/wp-content\/uploads\/2023\/08\/Logo_tiny.png\" \/>\n\t<meta property=\"og:image:width\" content=\"1028\" \/>\n\t<meta property=\"og:image:height\" content=\"208\" \/>\n\t<meta property=\"og:image:type\" content=\"image\/png\" \/>\n<meta name=\"twitter:card\" content=\"summary_large_image\" \/>\n<meta name=\"twitter:label1\" content=\"Estimation du temps de lecture\" \/>\n\t<meta name=\"twitter:data1\" content=\"2 minutes\" \/>\n<script type=\"application\/ld+json\" class=\"yoast-schema-graph\">{\"@context\":\"https:\\\/\\\/schema.org\",\"@graph\":[{\"@type\":\"WebPage\",\"@id\":\"https:\\\/\\\/hearstpower.com\\\/understanding-your-bill-hearst-power\\\/\",\"url\":\"https:\\\/\\\/hearstpower.com\\\/understanding-your-bill-hearst-power\\\/\",\"name\":\"Understanding your Bill - Hearst Power Distribution Company Ltd.\",\"isPartOf\":{\"@id\":\"https:\\\/\\\/hearstpower.com\\\/#website\"},\"datePublished\":\"2023-06-09T20:26:02+00:00\",\"dateModified\":\"2023-09-19T17:59:32+00:00\",\"description\":\"Please visit the following Ontario Energy Board webpage for more information on your invoices and its components. Veuillez consulter la page web suivante de la Commission de l'\u00e9nergie de l'Ontario pour plus d'informations sur vos factures et leurs composantes.\",\"breadcrumb\":{\"@id\":\"https:\\\/\\\/hearstpower.com\\\/understanding-your-bill-hearst-power\\\/#breadcrumb\"},\"inLanguage\":\"fr-CA\",\"potentialAction\":[{\"@type\":\"ReadAction\",\"target\":[\"https:\\\/\\\/hearstpower.com\\\/understanding-your-bill-hearst-power\\\/\"]}]},{\"@type\":\"BreadcrumbList\",\"@id\":\"https:\\\/\\\/hearstpower.com\\\/understanding-your-bill-hearst-power\\\/#breadcrumb\",\"itemListElement\":[{\"@type\":\"ListItem\",\"position\":1,\"name\":\"Home\",\"item\":\"https:\\\/\\\/hearstpower.com\\\/\"},{\"@type\":\"ListItem\",\"position\":2,\"name\":\"Understanding your Bill\"}]},{\"@type\":\"WebSite\",\"@id\":\"https:\\\/\\\/hearstpower.com\\\/#website\",\"url\":\"https:\\\/\\\/hearstpower.com\\\/\",\"name\":\"Hearst Power Distribution Company Ltd.\",\"description\":\"Hearst Power\",\"publisher\":{\"@id\":\"https:\\\/\\\/hearstpower.com\\\/#organization\"},\"potentialAction\":[{\"@type\":\"SearchAction\",\"target\":{\"@type\":\"EntryPoint\",\"urlTemplate\":\"https:\\\/\\\/hearstpower.com\\\/?s={search_term_string}\"},\"query-input\":{\"@type\":\"PropertyValueSpecification\",\"valueRequired\":true,\"valueName\":\"search_term_string\"}}],\"inLanguage\":\"fr-CA\"},{\"@type\":\"Organization\",\"@id\":\"https:\\\/\\\/hearstpower.com\\\/#organization\",\"name\":\"Hearst Power Distribution\",\"alternateName\":\"Corporation de distribution \u00e9lectrique de Hearst\",\"url\":\"https:\\\/\\\/hearstpower.com\\\/\",\"logo\":{\"@type\":\"ImageObject\",\"inLanguage\":\"fr-CA\",\"@id\":\"https:\\\/\\\/hearstpower.com\\\/#\\\/schema\\\/logo\\\/image\\\/\",\"url\":\"https:\\\/\\\/www.hearstpower.com\\\/wp-content\\\/uploads\\\/2023\\\/08\\\/Logo_tiny.png\",\"contentUrl\":\"https:\\\/\\\/www.hearstpower.com\\\/wp-content\\\/uploads\\\/2023\\\/08\\\/Logo_tiny.png\",\"width\":1028,\"height\":208,\"caption\":\"Hearst Power Distribution\"},\"image\":{\"@id\":\"https:\\\/\\\/hearstpower.com\\\/#\\\/schema\\\/logo\\\/image\\\/\"},\"sameAs\":[\"https:\\\/\\\/www.facebook.com\\\/profile.php?id=100030703347012\"]}]}<\/script>\n<!-- \/ Yoast SEO plugin. -->","yoast_head_json":{"title":"Understanding your Bill - Hearst Power Distribution Company Ltd.","description":"Please visit the following Ontario Energy Board webpage for more information on your invoices and its components. Veuillez consulter la page web suivante de la Commission de l'\u00e9nergie de l'Ontario pour plus d'informations sur vos factures et leurs composantes.","robots":{"index":"index","follow":"follow","max-snippet":"max-snippet:-1","max-image-preview":"max-image-preview:large","max-video-preview":"max-video-preview:-1"},"canonical":"https:\/\/hearstpower.com\/fr\/understanding-your-bill-hearst-power\/","og_locale":"fr_CA","og_type":"article","og_title":"Understanding your Bill - Hearst Power Distribution Company Ltd.","og_description":"Please visit the following Ontario Energy Board webpage for more information on your invoices and its components. Veuillez consulter la page web suivante de la Commission de l'\u00e9nergie de l'Ontario pour plus d'informations sur vos factures et leurs composantes.","og_url":"https:\/\/hearstpower.com\/fr\/understanding-your-bill-hearst-power\/","og_site_name":"Hearst Power Distribution Company Ltd.","article_publisher":"https:\/\/www.facebook.com\/profile.php?id=100030703347012","article_modified_time":"2023-09-19T17:59:32+00:00","og_image":[{"width":1028,"height":208,"url":"https:\/\/hearstpower.com\/wp-content\/uploads\/2023\/08\/Logo_tiny.png","type":"image\/png"}],"twitter_card":"summary_large_image","twitter_misc":{"Estimation du temps de lecture":"2 minutes"},"schema":{"@context":"https:\/\/schema.org","@graph":[{"@type":"WebPage","@id":"https:\/\/hearstpower.com\/understanding-your-bill-hearst-power\/","url":"https:\/\/hearstpower.com\/understanding-your-bill-hearst-power\/","name":"Understanding your Bill - Hearst Power Distribution Company Ltd.","isPartOf":{"@id":"https:\/\/hearstpower.com\/#website"},"datePublished":"2023-06-09T20:26:02+00:00","dateModified":"2023-09-19T17:59:32+00:00","description":"Please visit the following Ontario Energy Board webpage for more information on your invoices and its components. Veuillez consulter la page web suivante de la Commission de l'\u00e9nergie de l'Ontario pour plus d'informations sur vos factures et leurs composantes.","breadcrumb":{"@id":"https:\/\/hearstpower.com\/understanding-your-bill-hearst-power\/#breadcrumb"},"inLanguage":"fr-CA","potentialAction":[{"@type":"ReadAction","target":["https:\/\/hearstpower.com\/understanding-your-bill-hearst-power\/"]}]},{"@type":"BreadcrumbList","@id":"https:\/\/hearstpower.com\/understanding-your-bill-hearst-power\/#breadcrumb","itemListElement":[{"@type":"ListItem","position":1,"name":"Home","item":"https:\/\/hearstpower.com\/"},{"@type":"ListItem","position":2,"name":"Understanding your Bill"}]},{"@type":"WebSite","@id":"https:\/\/hearstpower.com\/#website","url":"https:\/\/hearstpower.com\/","name":"Hearst Power Distribution Company Ltd.","description":"Hearst Power","publisher":{"@id":"https:\/\/hearstpower.com\/#organization"},"potentialAction":[{"@type":"SearchAction","target":{"@type":"EntryPoint","urlTemplate":"https:\/\/hearstpower.com\/?s={search_term_string}"},"query-input":{"@type":"PropertyValueSpecification","valueRequired":true,"valueName":"search_term_string"}}],"inLanguage":"fr-CA"},{"@type":"Organization","@id":"https:\/\/hearstpower.com\/#organization","name":"Corporation de distribution \u00e9lectrique de Hearst","alternateName":"Corporation de distribution \u00e9lectrique de Hearst","url":"https:\/\/hearstpower.com\/","logo":{"@type":"ImageObject","inLanguage":"fr-CA","@id":"https:\/\/hearstpower.com\/#\/schema\/logo\/image\/","url":"https:\/\/www.hearstpower.com\/wp-content\/uploads\/2023\/08\/Logo_tiny.png","contentUrl":"https:\/\/www.hearstpower.com\/wp-content\/uploads\/2023\/08\/Logo_tiny.png","width":1028,"height":208,"caption":"Hearst Power Distribution"},"image":{"@id":"https:\/\/hearstpower.com\/#\/schema\/logo\/image\/"},"sameAs":["https:\/\/www.facebook.com\/profile.php?id=100030703347012"]}]}},"_links":{"self":[{"href":"https:\/\/hearstpower.com\/fr\/wp-json\/wp\/v2\/pages\/2530","targetHints":{"allow":["GET"]}}],"collection":[{"href":"https:\/\/hearstpower.com\/fr\/wp-json\/wp\/v2\/pages"}],"about":[{"href":"https:\/\/hearstpower.com\/fr\/wp-json\/wp\/v2\/types\/page"}],"author":[{"embeddable":true,"href":"https:\/\/hearstpower.com\/fr\/wp-json\/wp\/v2\/users\/2"}],"replies":[{"embeddable":true,"href":"https:\/\/hearstpower.com\/fr\/wp-json\/wp\/v2\/comments?post=2530"}],"version-history":[{"count":9,"href":"https:\/\/hearstpower.com\/fr\/wp-json\/wp\/v2\/pages\/2530\/revisions"}],"predecessor-version":[{"id":3376,"href":"https:\/\/hearstpower.com\/fr\/wp-json\/wp\/v2\/pages\/2530\/revisions\/3376"}],"wp:attachment":[{"href":"https:\/\/hearstpower.com\/fr\/wp-json\/wp\/v2\/media?parent=2530"}],"curies":[{"name":"wp","href":"https:\/\/api.w.org\/{rel}","templated":true}]}}