{"id":2510,"date":"2023-06-09T19:42:43","date_gmt":"2023-06-09T19:42:43","guid":{"rendered":"https:\/\/hearstpower.com\/?page_id=2510"},"modified":"2023-08-24T15:04:56","modified_gmt":"2023-08-24T15:04:56","slug":"mon-compte%ef%83%b4-distribution-electrique-de-hearst","status":"publish","type":"page","link":"https:\/\/hearstpower.com\/fr\/mon-compte%ef%83%b4-distribution-electrique-de-hearst\/","title":{"rendered":"Mon compte \u2013 ebilling"},"content":{"rendered":"<div class=\"fusion-fullwidth fullwidth-box fusion-builder-row-1 fusion-flex-container has-pattern-background has-mask-background nonhundred-percent-fullwidth non-hundred-percent-height-scrolling\" style=\"--awb-border-radius-top-left:0px;--awb-border-radius-top-right:0px;--awb-border-radius-bottom-right:0px;--awb-border-radius-bottom-left:0px;--awb-padding-bottom:129px;--awb-flex-wrap:wrap;\" ><div class=\"fusion-builder-row fusion-row fusion-flex-align-items-flex-start fusion-flex-content-wrap\" style=\"max-width:1248px;margin-left: calc(-4% \/ 2 );margin-right: calc(-4% \/ 2 );\"><div class=\"fusion-layout-column fusion_builder_column fusion-builder-column-0 fusion_builder_column_1_1 1_1 fusion-flex-column\" style=\"--awb-bg-size:cover;--awb-width-large:100%;--awb-margin-top-large:0px;--awb-spacing-right-large:1.92%;--awb-margin-bottom-large:20px;--awb-spacing-left-large:1.92%;--awb-width-medium:100%;--awb-order-medium:0;--awb-spacing-right-medium:1.92%;--awb-spacing-left-medium:1.92%;--awb-width-small:100%;--awb-order-small:0;--awb-spacing-right-small:1.92%;--awb-spacing-left-small:1.92%;\"><div class=\"fusion-column-wrapper fusion-column-has-shadow fusion-flex-justify-content-flex-start fusion-content-layout-column\"><div class=\"fusion-text fusion-text-1\"><h3><strong>Vous souhaitez passer aux factures en ligne ? Inscrivez-vous \u00e0 eBilling d\u00e8s aujourd'hui !<\/strong><\/h3>\n<p>Nous cherchons continuellement des moyens d'am\u00e9liorer nos services et aider notre communaut\u00e9. Nous offrons maintenant la facturation sans papier qui vous permet de consulter vos factures en ligne. Vous serez avis\u00e9 par courriel lorsque votre facture sera disponible sur votre portail web.<\/p>\n<p>Les avantages de ce service incluent :<\/p>\n<ul>\n<li>Un moyen simple et pratique de recevoir et de g\u00e9rer vos factures<\/li>\n<li>Acc\u00e9dez aux donn\u00e9es de consommation actuelles et historiques de votre compteur<\/li>\n<li>Flexibilit\u00e9 \u2013 disponible 24h sur 24 et 7 jours sur 7<\/li>\n<li>Afficher les informations de facturation actuelles et pass\u00e9es<\/li>\n<li>Aidez l'environnement en r\u00e9duisant l'utilisation du papier<\/li>\n<\/ul>\n<p><u><a href=\"https:\/\/myaccount.hearstpower.com\/app\/login.jsp\" target=\"_blank\" rel=\"noopener\"><strong>Inscrivez-vous ou connectez-vous maintenant<\/strong><\/a><\/u><\/p>\n<\/div><\/div><\/div><\/div><\/div>","protected":false},"excerpt":{"rendered":"","protected":false},"author":2,"featured_media":0,"parent":0,"menu_order":0,"comment_status":"closed","ping_status":"closed","template":"100-width.php","meta":{"iawp_total_views":574,"footnotes":""},"class_list":["post-2510","page","type-page","status-publish","hentry"],"yoast_head":"<!-- This site is optimized with the Yoast SEO plugin v27.3 - https:\/\/yoast.com\/product\/yoast-seo-wordpress\/ -->\n<title>My Account \u2013 ebilling - Hearst Power Distribution Company Ltd.<\/title>\n<meta name=\"description\" content=\"We now offer the convenience of paperless billing to view your bills online. Register or Login Now. Nous offrons maintenant la facturation sans papier qui vous permet de consulter vos factures en ligne. Inscrivez-vous ou connectez-vous maintenant.\" \/>\n<meta name=\"robots\" content=\"index, follow, max-snippet:-1, max-image-preview:large, max-video-preview:-1\" \/>\n<link rel=\"canonical\" href=\"https:\/\/hearstpower.com\/fr\/mon-compte\uf0f4-distribution-electrique-de-hearst\/\" \/>\n<meta property=\"og:locale\" content=\"fr_CA\" \/>\n<meta property=\"og:type\" content=\"article\" \/>\n<meta property=\"og:title\" content=\"My Account \u2013 ebilling - Hearst Power Distribution Company Ltd.\" \/>\n<meta property=\"og:description\" content=\"We now offer the convenience of paperless billing to view your bills online. Register or Login Now. Nous offrons maintenant la facturation sans papier qui vous permet de consulter vos factures en ligne. Inscrivez-vous ou connectez-vous maintenant.\" \/>\n<meta property=\"og:url\" content=\"https:\/\/hearstpower.com\/fr\/mon-compte\uf0f4-distribution-electrique-de-hearst\/\" \/>\n<meta property=\"og:site_name\" content=\"Hearst Power Distribution Company Ltd.\" \/>\n<meta property=\"article:publisher\" content=\"https:\/\/www.facebook.com\/profile.php?id=100030703347012\" \/>\n<meta property=\"article:modified_time\" content=\"2023-08-24T15:04:56+00:00\" \/>\n<meta property=\"og:image\" content=\"https:\/\/hearstpower.com\/wp-content\/uploads\/2023\/08\/Logo_tiny.png\" \/>\n\t<meta property=\"og:image:width\" content=\"1028\" \/>\n\t<meta property=\"og:image:height\" content=\"208\" \/>\n\t<meta property=\"og:image:type\" content=\"image\/png\" \/>\n<meta name=\"twitter:card\" content=\"summary_large_image\" \/>\n<meta name=\"twitter:label1\" content=\"Estimation du temps de lecture\" \/>\n\t<meta name=\"twitter:data1\" content=\"2 minutes\" \/>\n<script type=\"application\/ld+json\" class=\"yoast-schema-graph\">{\"@context\":\"https:\\\/\\\/schema.org\",\"@graph\":[{\"@type\":\"WebPage\",\"@id\":\"https:\\\/\\\/hearstpower.com\\\/mon-compte%ef%83%b4-distribution-electrique-de-hearst\\\/\",\"url\":\"https:\\\/\\\/hearstpower.com\\\/mon-compte%ef%83%b4-distribution-electrique-de-hearst\\\/\",\"name\":\"My Account \u2013 ebilling - Hearst Power Distribution Company Ltd.\",\"isPartOf\":{\"@id\":\"https:\\\/\\\/hearstpower.com\\\/#website\"},\"datePublished\":\"2023-06-09T19:42:43+00:00\",\"dateModified\":\"2023-08-24T15:04:56+00:00\",\"description\":\"We now offer the convenience of paperless billing to view your bills online. Register or Login Now. Nous offrons maintenant la facturation sans papier qui vous permet de consulter vos factures en ligne. Inscrivez-vous ou connectez-vous maintenant.\",\"breadcrumb\":{\"@id\":\"https:\\\/\\\/hearstpower.com\\\/mon-compte%ef%83%b4-distribution-electrique-de-hearst\\\/#breadcrumb\"},\"inLanguage\":\"fr-CA\",\"potentialAction\":[{\"@type\":\"ReadAction\",\"target\":[\"https:\\\/\\\/hearstpower.com\\\/mon-compte%ef%83%b4-distribution-electrique-de-hearst\\\/\"]}]},{\"@type\":\"BreadcrumbList\",\"@id\":\"https:\\\/\\\/hearstpower.com\\\/mon-compte%ef%83%b4-distribution-electrique-de-hearst\\\/#breadcrumb\",\"itemListElement\":[{\"@type\":\"ListItem\",\"position\":1,\"name\":\"Home\",\"item\":\"https:\\\/\\\/hearstpower.com\\\/\"},{\"@type\":\"ListItem\",\"position\":2,\"name\":\"My Account \u2013 ebilling\"}]},{\"@type\":\"WebSite\",\"@id\":\"https:\\\/\\\/hearstpower.com\\\/#website\",\"url\":\"https:\\\/\\\/hearstpower.com\\\/\",\"name\":\"Hearst Power Distribution Company Ltd.\",\"description\":\"Hearst Power\",\"publisher\":{\"@id\":\"https:\\\/\\\/hearstpower.com\\\/#organization\"},\"potentialAction\":[{\"@type\":\"SearchAction\",\"target\":{\"@type\":\"EntryPoint\",\"urlTemplate\":\"https:\\\/\\\/hearstpower.com\\\/?s={search_term_string}\"},\"query-input\":{\"@type\":\"PropertyValueSpecification\",\"valueRequired\":true,\"valueName\":\"search_term_string\"}}],\"inLanguage\":\"fr-CA\"},{\"@type\":\"Organization\",\"@id\":\"https:\\\/\\\/hearstpower.com\\\/#organization\",\"name\":\"Hearst Power Distribution\",\"alternateName\":\"Corporation de distribution \u00e9lectrique de Hearst\",\"url\":\"https:\\\/\\\/hearstpower.com\\\/\",\"logo\":{\"@type\":\"ImageObject\",\"inLanguage\":\"fr-CA\",\"@id\":\"https:\\\/\\\/hearstpower.com\\\/#\\\/schema\\\/logo\\\/image\\\/\",\"url\":\"https:\\\/\\\/www.hearstpower.com\\\/wp-content\\\/uploads\\\/2023\\\/08\\\/Logo_tiny.png\",\"contentUrl\":\"https:\\\/\\\/www.hearstpower.com\\\/wp-content\\\/uploads\\\/2023\\\/08\\\/Logo_tiny.png\",\"width\":1028,\"height\":208,\"caption\":\"Hearst Power Distribution\"},\"image\":{\"@id\":\"https:\\\/\\\/hearstpower.com\\\/#\\\/schema\\\/logo\\\/image\\\/\"},\"sameAs\":[\"https:\\\/\\\/www.facebook.com\\\/profile.php?id=100030703347012\"]}]}<\/script>\n<!-- \/ Yoast SEO plugin. -->","yoast_head_json":{"title":"My Account \u2013 ebilling - Hearst Power Distribution Company Ltd.","description":"We now offer the convenience of paperless billing to view your bills online. Register or Login Now. Nous offrons maintenant la facturation sans papier qui vous permet de consulter vos factures en ligne. Inscrivez-vous ou connectez-vous maintenant.","robots":{"index":"index","follow":"follow","max-snippet":"max-snippet:-1","max-image-preview":"max-image-preview:large","max-video-preview":"max-video-preview:-1"},"canonical":"https:\/\/hearstpower.com\/fr\/mon-compte\uf0f4-distribution-electrique-de-hearst\/","og_locale":"fr_CA","og_type":"article","og_title":"My Account \u2013 ebilling - Hearst Power Distribution Company Ltd.","og_description":"We now offer the convenience of paperless billing to view your bills online. Register or Login Now. Nous offrons maintenant la facturation sans papier qui vous permet de consulter vos factures en ligne. Inscrivez-vous ou connectez-vous maintenant.","og_url":"https:\/\/hearstpower.com\/fr\/mon-compte\uf0f4-distribution-electrique-de-hearst\/","og_site_name":"Hearst Power Distribution Company Ltd.","article_publisher":"https:\/\/www.facebook.com\/profile.php?id=100030703347012","article_modified_time":"2023-08-24T15:04:56+00:00","og_image":[{"width":1028,"height":208,"url":"https:\/\/hearstpower.com\/wp-content\/uploads\/2023\/08\/Logo_tiny.png","type":"image\/png"}],"twitter_card":"summary_large_image","twitter_misc":{"Estimation du temps de lecture":"2 minutes"},"schema":{"@context":"https:\/\/schema.org","@graph":[{"@type":"WebPage","@id":"https:\/\/hearstpower.com\/mon-compte%ef%83%b4-distribution-electrique-de-hearst\/","url":"https:\/\/hearstpower.com\/mon-compte%ef%83%b4-distribution-electrique-de-hearst\/","name":"My Account \u2013 ebilling - Hearst Power Distribution Company Ltd.","isPartOf":{"@id":"https:\/\/hearstpower.com\/#website"},"datePublished":"2023-06-09T19:42:43+00:00","dateModified":"2023-08-24T15:04:56+00:00","description":"We now offer the convenience of paperless billing to view your bills online. Register or Login Now. Nous offrons maintenant la facturation sans papier qui vous permet de consulter vos factures en ligne. Inscrivez-vous ou connectez-vous maintenant.","breadcrumb":{"@id":"https:\/\/hearstpower.com\/mon-compte%ef%83%b4-distribution-electrique-de-hearst\/#breadcrumb"},"inLanguage":"fr-CA","potentialAction":[{"@type":"ReadAction","target":["https:\/\/hearstpower.com\/mon-compte%ef%83%b4-distribution-electrique-de-hearst\/"]}]},{"@type":"BreadcrumbList","@id":"https:\/\/hearstpower.com\/mon-compte%ef%83%b4-distribution-electrique-de-hearst\/#breadcrumb","itemListElement":[{"@type":"ListItem","position":1,"name":"Home","item":"https:\/\/hearstpower.com\/"},{"@type":"ListItem","position":2,"name":"My Account \u2013 ebilling"}]},{"@type":"WebSite","@id":"https:\/\/hearstpower.com\/#website","url":"https:\/\/hearstpower.com\/","name":"Hearst Power Distribution Company Ltd.","description":"Hearst Power","publisher":{"@id":"https:\/\/hearstpower.com\/#organization"},"potentialAction":[{"@type":"SearchAction","target":{"@type":"EntryPoint","urlTemplate":"https:\/\/hearstpower.com\/?s={search_term_string}"},"query-input":{"@type":"PropertyValueSpecification","valueRequired":true,"valueName":"search_term_string"}}],"inLanguage":"fr-CA"},{"@type":"Organization","@id":"https:\/\/hearstpower.com\/#organization","name":"Corporation de distribution \u00e9lectrique de Hearst","alternateName":"Corporation de distribution \u00e9lectrique de Hearst","url":"https:\/\/hearstpower.com\/","logo":{"@type":"ImageObject","inLanguage":"fr-CA","@id":"https:\/\/hearstpower.com\/#\/schema\/logo\/image\/","url":"https:\/\/www.hearstpower.com\/wp-content\/uploads\/2023\/08\/Logo_tiny.png","contentUrl":"https:\/\/www.hearstpower.com\/wp-content\/uploads\/2023\/08\/Logo_tiny.png","width":1028,"height":208,"caption":"Hearst Power Distribution"},"image":{"@id":"https:\/\/hearstpower.com\/#\/schema\/logo\/image\/"},"sameAs":["https:\/\/www.facebook.com\/profile.php?id=100030703347012"]}]}},"_links":{"self":[{"href":"https:\/\/hearstpower.com\/fr\/wp-json\/wp\/v2\/pages\/2510","targetHints":{"allow":["GET"]}}],"collection":[{"href":"https:\/\/hearstpower.com\/fr\/wp-json\/wp\/v2\/pages"}],"about":[{"href":"https:\/\/hearstpower.com\/fr\/wp-json\/wp\/v2\/types\/page"}],"author":[{"embeddable":true,"href":"https:\/\/hearstpower.com\/fr\/wp-json\/wp\/v2\/users\/2"}],"replies":[{"embeddable":true,"href":"https:\/\/hearstpower.com\/fr\/wp-json\/wp\/v2\/comments?post=2510"}],"version-history":[{"count":13,"href":"https:\/\/hearstpower.com\/fr\/wp-json\/wp\/v2\/pages\/2510\/revisions"}],"predecessor-version":[{"id":3149,"href":"https:\/\/hearstpower.com\/fr\/wp-json\/wp\/v2\/pages\/2510\/revisions\/3149"}],"wp:attachment":[{"href":"https:\/\/hearstpower.com\/fr\/wp-json\/wp\/v2\/media?parent=2510"}],"curies":[{"name":"wp","href":"https:\/\/api.w.org\/{rel}","templated":true}]}}