{"id":2466,"date":"2023-05-29T15:21:15","date_gmt":"2023-05-29T15:21:15","guid":{"rendered":"https:\/\/hearstpower.com\/?page_id=2466"},"modified":"2023-09-19T18:04:44","modified_gmt":"2023-09-19T18:04:44","slug":"smart-meters","status":"publish","type":"page","link":"https:\/\/hearstpower.com\/fr\/smart-meters\/","title":{"rendered":"Compteurs intelligents"},"content":{"rendered":"<div class=\"fusion-fullwidth fullwidth-box fusion-builder-row-1 fusion-flex-container nonhundred-percent-fullwidth non-hundred-percent-height-scrolling\" style=\"--awb-border-radius-top-left:0px;--awb-border-radius-top-right:0px;--awb-border-radius-bottom-right:0px;--awb-border-radius-bottom-left:0px;--awb-flex-wrap:wrap;\" ><div class=\"fusion-builder-row fusion-row fusion-flex-align-items-flex-start fusion-flex-content-wrap\" style=\"max-width:1248px;margin-left: calc(-4% \/ 2 );margin-right: calc(-4% \/ 2 );\"><div class=\"fusion-layout-column fusion_builder_column fusion-builder-column-0 fusion_builder_column_1_1 1_1 fusion-flex-column\" style=\"--awb-bg-blend:overlay;--awb-bg-size:cover;--awb-width-large:100%;--awb-margin-top-large:0px;--awb-spacing-right-large:1.92%;--awb-margin-bottom-large:0px;--awb-spacing-left-large:1.92%;--awb-width-medium:100%;--awb-spacing-right-medium:1.92%;--awb-spacing-left-medium:1.92%;--awb-width-small:100%;--awb-spacing-right-small:1.92%;--awb-spacing-left-small:1.92%;\"><div class=\"fusion-column-wrapper fusion-flex-justify-content-flex-start fusion-content-layout-column\"><div class=\"fusion-text fusion-text-1\"><h3>Compteurs intelligents<\/h3>\n<p><strong>Qu\u2019est-ce qu\u2019un compteur intelligent ? <img decoding=\"async\" class=\"lazyload alignright wp-image-435\" src=\"data:image\/svg+xml,%3Csvg%20xmlns%3D%27http%3A%2F%2Fwww.w3.org%2F2000%2Fsvg%27%20width%3D%27255%27%20height%3D%27265%27%20viewBox%3D%270%200%20255%20265%27%3E%3Crect%20width%3D%27255%27%20height%3D%27265%27%20fill-opacity%3D%220%22%2F%3E%3C%2Fsvg%3E\" data-orig-src=\"http:\/\/hearstpower.com\/hpdc\/wp-content\/uploads\/smartmeter.gif\" alt=\"smartmeter\" width=\"255\" height=\"265\"><\/strong><\/p>\n<p>Un compteur intelligent contr\u00f4le et enregistre la quantit\u00e9 d\u2019\u00e9lectricit\u00e9 que vous consommez et le moment o\u00f9 vous l\u2019utilisez. Ces donn\u00e9es sont automatiquement transmises par radiofr\u00e9quence \u00e0 un ordinateur central. Les compteurs conventionnels (\u00e9lectrom\u00e9caniques) mesuraient la quantit\u00e9 d\u2019\u00e9lectricit\u00e9 utilis\u00e9e d\u2019une lecture pr\u00e9cise \u00e0 une autre, et ces lectures devaient \u00eatre prises et rapport\u00e9es manuellement. Les compteurs intelligents mesurent et enregistrent les donn\u00e9es relatives \u00e0 votre consommation d\u2019\u00e9lectricit\u00e9 pendant de courtes p\u00e9riodes (habituellement une heure), et les transmettent automatiquement \u00e0 votre utilit\u00e9. L\u2019utilisation de compteurs intelligents ne conduira pas automatiquement \u00e0 une conservation de l\u2019\u00e9nergie. Toutefois, ils vous permettront de consulter votre consommation d\u2019\u00e9lectricit\u00e9 sur une base horaire et vous aideront \u00e0 choisir les moments de la journ\u00e9e o\u00f9 vous souhaiterez modifier vos habitudes de consommation pour mieux g\u00e9rer votre utilisation et vos co\u00fbts d\u2019\u00e9lectricit\u00e9.<\/p>\n<p><strong style=\"color: var(--awb-text-color); font-family: var(--awb-text-font-family); font-size: var(--awb-font-size); font-style: var(--awb-text-font-style); letter-spacing: var(--awb-letter-spacing); text-align: var(--awb-content-alignment); text-transform: var(--awb-text-transform); background-color: var(--awb-bg-color-hover);\">Les avantages environnementaux et op\u00e9rationnels<\/strong><\/p>\n<p>Changer ses habitudes de fa\u00e7on \u00e0 utiliser l\u2019\u00e9lectricit\u00e9 hors des p\u00e9riodes de pointe r\u00e9duit le besoin d\u2019investir dans la construction de nouvelles installations de production d\u2019\u00e9lectricit\u00e9, ce qui aidera \u00e0 ralentir les hausses de tarifs dans l\u2019avenir. Cela apportera \u00e9galement des bienfaits pour l\u2019environnement en r\u00e9duisant notre besoin de produire de l\u2019\u00e9nergie suppl\u00e9mentaire au moyen d\u2019autres sources de production d\u2019\u00e9nergie, ou d\u2019en importer.<\/p>\n<p>Parmi les sources de production d\u2019\u00e9nergie alternatives, beaucoup sont plus polluantes et plus co\u00fbteuses \u00e0 exploiter.<\/p>\n<\/div><\/div><\/div><\/div><\/div>","protected":false},"excerpt":{"rendered":"","protected":false},"author":2,"featured_media":0,"parent":0,"menu_order":0,"comment_status":"closed","ping_status":"closed","template":"100-width.php","meta":{"iawp_total_views":22,"footnotes":""},"class_list":["post-2466","page","type-page","status-publish","hentry"],"yoast_head":"<!-- This site is optimized with the Yoast SEO plugin v27.3 - https:\/\/yoast.com\/product\/yoast-seo-wordpress\/ -->\n<title>Smart Meters - Hearst Power Distribution Company Ltd.<\/title>\n<meta name=\"description\" content=\"A Smart meter is a meter that can record and report electricity consumption information automatically. It monitors and records how much electricity you use and when you use it. Un compteur intelligent contr\u00f4le et enregistre la quantit\u00e9 d\u2019\u00e9lectricit\u00e9 que vous consommez et le moment o\u00f9 vous l\u2019utilisez.\" \/>\n<meta name=\"robots\" content=\"index, follow, max-snippet:-1, max-image-preview:large, max-video-preview:-1\" \/>\n<link rel=\"canonical\" href=\"https:\/\/hearstpower.com\/fr\/smart-meters\/\" \/>\n<meta property=\"og:locale\" content=\"fr_CA\" \/>\n<meta property=\"og:type\" content=\"article\" \/>\n<meta property=\"og:title\" content=\"Smart Meters - Hearst Power Distribution Company Ltd.\" \/>\n<meta property=\"og:description\" content=\"A Smart meter is a meter that can record and report electricity consumption information automatically. It monitors and records how much electricity you use and when you use it. Un compteur intelligent contr\u00f4le et enregistre la quantit\u00e9 d\u2019\u00e9lectricit\u00e9 que vous consommez et le moment o\u00f9 vous l\u2019utilisez.\" \/>\n<meta property=\"og:url\" content=\"https:\/\/hearstpower.com\/fr\/smart-meters\/\" \/>\n<meta property=\"og:site_name\" content=\"Hearst Power Distribution Company Ltd.\" \/>\n<meta property=\"article:publisher\" content=\"https:\/\/www.facebook.com\/profile.php?id=100030703347012\" \/>\n<meta property=\"article:modified_time\" content=\"2023-09-19T18:04:44+00:00\" \/>\n<meta property=\"og:image\" content=\"http:\/\/hearstpower.com\/hpdc\/wp-content\/uploads\/smartmeter.gif\" \/>\n<meta name=\"twitter:card\" content=\"summary_large_image\" \/>\n<meta name=\"twitter:label1\" content=\"Estimation du temps de lecture\" \/>\n\t<meta name=\"twitter:data1\" content=\"2 minutes\" \/>\n<script type=\"application\/ld+json\" class=\"yoast-schema-graph\">{\"@context\":\"https:\\\/\\\/schema.org\",\"@graph\":[{\"@type\":\"WebPage\",\"@id\":\"https:\\\/\\\/hearstpower.com\\\/smart-meters\\\/\",\"url\":\"https:\\\/\\\/hearstpower.com\\\/smart-meters\\\/\",\"name\":\"Smart Meters - Hearst Power Distribution Company Ltd.\",\"isPartOf\":{\"@id\":\"https:\\\/\\\/hearstpower.com\\\/#website\"},\"primaryImageOfPage\":{\"@id\":\"https:\\\/\\\/hearstpower.com\\\/smart-meters\\\/#primaryimage\"},\"image\":{\"@id\":\"https:\\\/\\\/hearstpower.com\\\/smart-meters\\\/#primaryimage\"},\"thumbnailUrl\":\"http:\\\/\\\/hearstpower.com\\\/hpdc\\\/wp-content\\\/uploads\\\/smartmeter.gif\",\"datePublished\":\"2023-05-29T15:21:15+00:00\",\"dateModified\":\"2023-09-19T18:04:44+00:00\",\"description\":\"A Smart meter is a meter that can record and report electricity consumption information automatically. It monitors and records how much electricity you use and when you use it. Un compteur intelligent contr\u00f4le et enregistre la quantit\u00e9 d\u2019\u00e9lectricit\u00e9 que vous consommez et le moment o\u00f9 vous l\u2019utilisez.\",\"breadcrumb\":{\"@id\":\"https:\\\/\\\/hearstpower.com\\\/smart-meters\\\/#breadcrumb\"},\"inLanguage\":\"fr-CA\",\"potentialAction\":[{\"@type\":\"ReadAction\",\"target\":[\"https:\\\/\\\/hearstpower.com\\\/smart-meters\\\/\"]}]},{\"@type\":\"ImageObject\",\"inLanguage\":\"fr-CA\",\"@id\":\"https:\\\/\\\/hearstpower.com\\\/smart-meters\\\/#primaryimage\",\"url\":\"http:\\\/\\\/hearstpower.com\\\/hpdc\\\/wp-content\\\/uploads\\\/smartmeter.gif\",\"contentUrl\":\"http:\\\/\\\/hearstpower.com\\\/hpdc\\\/wp-content\\\/uploads\\\/smartmeter.gif\"},{\"@type\":\"BreadcrumbList\",\"@id\":\"https:\\\/\\\/hearstpower.com\\\/smart-meters\\\/#breadcrumb\",\"itemListElement\":[{\"@type\":\"ListItem\",\"position\":1,\"name\":\"Home\",\"item\":\"https:\\\/\\\/hearstpower.com\\\/\"},{\"@type\":\"ListItem\",\"position\":2,\"name\":\"Smart Meters\"}]},{\"@type\":\"WebSite\",\"@id\":\"https:\\\/\\\/hearstpower.com\\\/#website\",\"url\":\"https:\\\/\\\/hearstpower.com\\\/\",\"name\":\"Hearst Power Distribution Company Ltd.\",\"description\":\"Hearst Power\",\"publisher\":{\"@id\":\"https:\\\/\\\/hearstpower.com\\\/#organization\"},\"potentialAction\":[{\"@type\":\"SearchAction\",\"target\":{\"@type\":\"EntryPoint\",\"urlTemplate\":\"https:\\\/\\\/hearstpower.com\\\/?s={search_term_string}\"},\"query-input\":{\"@type\":\"PropertyValueSpecification\",\"valueRequired\":true,\"valueName\":\"search_term_string\"}}],\"inLanguage\":\"fr-CA\"},{\"@type\":\"Organization\",\"@id\":\"https:\\\/\\\/hearstpower.com\\\/#organization\",\"name\":\"Hearst Power Distribution\",\"alternateName\":\"Corporation de distribution \u00e9lectrique de Hearst\",\"url\":\"https:\\\/\\\/hearstpower.com\\\/\",\"logo\":{\"@type\":\"ImageObject\",\"inLanguage\":\"fr-CA\",\"@id\":\"https:\\\/\\\/hearstpower.com\\\/#\\\/schema\\\/logo\\\/image\\\/\",\"url\":\"https:\\\/\\\/www.hearstpower.com\\\/wp-content\\\/uploads\\\/2023\\\/08\\\/Logo_tiny.png\",\"contentUrl\":\"https:\\\/\\\/www.hearstpower.com\\\/wp-content\\\/uploads\\\/2023\\\/08\\\/Logo_tiny.png\",\"width\":1028,\"height\":208,\"caption\":\"Hearst Power Distribution\"},\"image\":{\"@id\":\"https:\\\/\\\/hearstpower.com\\\/#\\\/schema\\\/logo\\\/image\\\/\"},\"sameAs\":[\"https:\\\/\\\/www.facebook.com\\\/profile.php?id=100030703347012\"]}]}<\/script>\n<!-- \/ Yoast SEO plugin. -->","yoast_head_json":{"title":"Smart Meters - Hearst Power Distribution Company Ltd.","description":"A Smart meter is a meter that can record and report electricity consumption information automatically. It monitors and records how much electricity you use and when you use it. Un compteur intelligent contr\u00f4le et enregistre la quantit\u00e9 d\u2019\u00e9lectricit\u00e9 que vous consommez et le moment o\u00f9 vous l\u2019utilisez.","robots":{"index":"index","follow":"follow","max-snippet":"max-snippet:-1","max-image-preview":"max-image-preview:large","max-video-preview":"max-video-preview:-1"},"canonical":"https:\/\/hearstpower.com\/fr\/smart-meters\/","og_locale":"fr_CA","og_type":"article","og_title":"Smart Meters - Hearst Power Distribution Company Ltd.","og_description":"A Smart meter is a meter that can record and report electricity consumption information automatically. It monitors and records how much electricity you use and when you use it. Un compteur intelligent contr\u00f4le et enregistre la quantit\u00e9 d\u2019\u00e9lectricit\u00e9 que vous consommez et le moment o\u00f9 vous l\u2019utilisez.","og_url":"https:\/\/hearstpower.com\/fr\/smart-meters\/","og_site_name":"Hearst Power Distribution Company Ltd.","article_publisher":"https:\/\/www.facebook.com\/profile.php?id=100030703347012","article_modified_time":"2023-09-19T18:04:44+00:00","og_image":[{"url":"http:\/\/hearstpower.com\/hpdc\/wp-content\/uploads\/smartmeter.gif","type":"","width":"","height":""}],"twitter_card":"summary_large_image","twitter_misc":{"Estimation du temps de lecture":"2 minutes"},"schema":{"@context":"https:\/\/schema.org","@graph":[{"@type":"WebPage","@id":"https:\/\/hearstpower.com\/smart-meters\/","url":"https:\/\/hearstpower.com\/smart-meters\/","name":"Smart Meters - Hearst Power Distribution Company Ltd.","isPartOf":{"@id":"https:\/\/hearstpower.com\/#website"},"primaryImageOfPage":{"@id":"https:\/\/hearstpower.com\/smart-meters\/#primaryimage"},"image":{"@id":"https:\/\/hearstpower.com\/smart-meters\/#primaryimage"},"thumbnailUrl":"http:\/\/hearstpower.com\/hpdc\/wp-content\/uploads\/smartmeter.gif","datePublished":"2023-05-29T15:21:15+00:00","dateModified":"2023-09-19T18:04:44+00:00","description":"A Smart meter is a meter that can record and report electricity consumption information automatically. It monitors and records how much electricity you use and when you use it. Un compteur intelligent contr\u00f4le et enregistre la quantit\u00e9 d\u2019\u00e9lectricit\u00e9 que vous consommez et le moment o\u00f9 vous l\u2019utilisez.","breadcrumb":{"@id":"https:\/\/hearstpower.com\/smart-meters\/#breadcrumb"},"inLanguage":"fr-CA","potentialAction":[{"@type":"ReadAction","target":["https:\/\/hearstpower.com\/smart-meters\/"]}]},{"@type":"ImageObject","inLanguage":"fr-CA","@id":"https:\/\/hearstpower.com\/smart-meters\/#primaryimage","url":"http:\/\/hearstpower.com\/hpdc\/wp-content\/uploads\/smartmeter.gif","contentUrl":"http:\/\/hearstpower.com\/hpdc\/wp-content\/uploads\/smartmeter.gif"},{"@type":"BreadcrumbList","@id":"https:\/\/hearstpower.com\/smart-meters\/#breadcrumb","itemListElement":[{"@type":"ListItem","position":1,"name":"Home","item":"https:\/\/hearstpower.com\/"},{"@type":"ListItem","position":2,"name":"Smart Meters"}]},{"@type":"WebSite","@id":"https:\/\/hearstpower.com\/#website","url":"https:\/\/hearstpower.com\/","name":"Hearst Power Distribution Company Ltd.","description":"Hearst Power","publisher":{"@id":"https:\/\/hearstpower.com\/#organization"},"potentialAction":[{"@type":"SearchAction","target":{"@type":"EntryPoint","urlTemplate":"https:\/\/hearstpower.com\/?s={search_term_string}"},"query-input":{"@type":"PropertyValueSpecification","valueRequired":true,"valueName":"search_term_string"}}],"inLanguage":"fr-CA"},{"@type":"Organization","@id":"https:\/\/hearstpower.com\/#organization","name":"Corporation de distribution \u00e9lectrique de Hearst","alternateName":"Corporation de distribution \u00e9lectrique de Hearst","url":"https:\/\/hearstpower.com\/","logo":{"@type":"ImageObject","inLanguage":"fr-CA","@id":"https:\/\/hearstpower.com\/#\/schema\/logo\/image\/","url":"https:\/\/www.hearstpower.com\/wp-content\/uploads\/2023\/08\/Logo_tiny.png","contentUrl":"https:\/\/www.hearstpower.com\/wp-content\/uploads\/2023\/08\/Logo_tiny.png","width":1028,"height":208,"caption":"Hearst Power Distribution"},"image":{"@id":"https:\/\/hearstpower.com\/#\/schema\/logo\/image\/"},"sameAs":["https:\/\/www.facebook.com\/profile.php?id=100030703347012"]}]}},"_links":{"self":[{"href":"https:\/\/hearstpower.com\/fr\/wp-json\/wp\/v2\/pages\/2466","targetHints":{"allow":["GET"]}}],"collection":[{"href":"https:\/\/hearstpower.com\/fr\/wp-json\/wp\/v2\/pages"}],"about":[{"href":"https:\/\/hearstpower.com\/fr\/wp-json\/wp\/v2\/types\/page"}],"author":[{"embeddable":true,"href":"https:\/\/hearstpower.com\/fr\/wp-json\/wp\/v2\/users\/2"}],"replies":[{"embeddable":true,"href":"https:\/\/hearstpower.com\/fr\/wp-json\/wp\/v2\/comments?post=2466"}],"version-history":[{"count":6,"href":"https:\/\/hearstpower.com\/fr\/wp-json\/wp\/v2\/pages\/2466\/revisions"}],"predecessor-version":[{"id":3377,"href":"https:\/\/hearstpower.com\/fr\/wp-json\/wp\/v2\/pages\/2466\/revisions\/3377"}],"wp:attachment":[{"href":"https:\/\/hearstpower.com\/fr\/wp-json\/wp\/v2\/media?parent=2466"}],"curies":[{"name":"wp","href":"https:\/\/api.w.org\/{rel}","templated":true}]}}