{"id":2459,"date":"2023-05-29T15:08:57","date_gmt":"2023-05-29T15:08:57","guid":{"rendered":"https:\/\/hearstpower.com\/?page_id=2459"},"modified":"2023-05-29T15:10:49","modified_gmt":"2023-05-29T15:10:49","slug":"schedule-of-rates-charges","status":"publish","type":"page","link":"https:\/\/hearstpower.com\/fr\/schedule-of-rates-charges\/","title":{"rendered":"Bar\u00e8me des tarifs et charges"},"content":{"rendered":"<div class=\"fusion-fullwidth fullwidth-box fusion-builder-row-1 fusion-flex-container nonhundred-percent-fullwidth non-hundred-percent-height-scrolling\" style=\"--awb-border-radius-top-left:0px;--awb-border-radius-top-right:0px;--awb-border-radius-bottom-right:0px;--awb-border-radius-bottom-left:0px;--awb-flex-wrap:wrap;\" ><div class=\"fusion-builder-row fusion-row fusion-flex-align-items-flex-start fusion-flex-content-wrap\" style=\"max-width:1248px;margin-left: calc(-4% \/ 2 );margin-right: calc(-4% \/ 2 );\"><div class=\"fusion-layout-column fusion_builder_column fusion-builder-column-0 fusion_builder_column_1_1 1_1 fusion-flex-column\" style=\"--awb-bg-size:cover;--awb-width-large:100%;--awb-margin-top-large:0px;--awb-spacing-right-large:1.92%;--awb-margin-bottom-large:0px;--awb-spacing-left-large:1.92%;--awb-width-medium:100%;--awb-spacing-right-medium:1.92%;--awb-spacing-left-medium:1.92%;--awb-width-small:100%;--awb-spacing-right-small:1.92%;--awb-spacing-left-small:1.92%;\"><div class=\"fusion-column-wrapper fusion-flex-justify-content-flex-start fusion-content-layout-column\"><div class=\"fusion-text fusion-text-1\"><h3>Bar\u00e8me des tarifs et charges<\/h3>\n<p><img decoding=\"async\" class=\"lazyload alignnone size-full wp-image-2460\" src=\"https:\/\/www.hearstpower.com\/wp-content\/uploads\/2023\/05\/banner.png\" data-orig-src=\"https:\/\/www.hearstpower.com\/wp-content\/uploads\/2023\/05\/banner.png\" alt=\"\" width=\"1243\" height=\"555\" srcset=\"data:image\/svg+xml,%3Csvg%20xmlns%3D%27http%3A%2F%2Fwww.w3.org%2F2000%2Fsvg%27%20width%3D%271243%27%20height%3D%27555%27%20viewBox%3D%270%200%201243%20555%27%3E%3Crect%20width%3D%271243%27%20height%3D%27555%27%20fill-opacity%3D%220%22%2F%3E%3C%2Fsvg%3E\" data-srcset=\"https:\/\/hearstpower.com\/wp-content\/uploads\/2023\/05\/banner-18x8.png 18w, https:\/\/hearstpower.com\/wp-content\/uploads\/2023\/05\/banner-200x89.png 200w, https:\/\/hearstpower.com\/wp-content\/uploads\/2023\/05\/banner-300x134.png 300w, https:\/\/hearstpower.com\/wp-content\/uploads\/2023\/05\/banner-400x179.png 400w, https:\/\/hearstpower.com\/wp-content\/uploads\/2023\/05\/banner-600x268.png 600w, https:\/\/hearstpower.com\/wp-content\/uploads\/2023\/05\/banner-768x343.png 768w, https:\/\/hearstpower.com\/wp-content\/uploads\/2023\/05\/banner-800x357.png 800w, https:\/\/hearstpower.com\/wp-content\/uploads\/2023\/05\/banner-1024x457.png 1024w, https:\/\/hearstpower.com\/wp-content\/uploads\/2023\/05\/banner-1200x536.png 1200w, https:\/\/hearstpower.com\/wp-content\/uploads\/2023\/05\/banner.png 1243w\" data-sizes=\"auto\" data-orig-sizes=\"(max-width: 1243px) 100vw, 1243px\" \/><\/p>\n<p>Voici le programme de <a href=\"\/wp-content\/uploads\/2023\/03\/dec_rate-order_Hearst_2020-IRM_20200416.pdf\" target=\"_blank\" rel=\"noopener\">tarifs et charges d'\u00e9lectricit\u00e9<\/a> pour Hearst Power Distribution Company Ltd., tel qu'approuv\u00e9 par la Commission de l'\u00e9nergie de l'Ontario. Les tarifs ci-joints sont en vigueur le 1er mai 2020. Sauf indication contraire, ce bar\u00e8me ne contient aucun frais pour le produit d'\u00e9lectricit\u00e9, que ce soit en vertu de la grille tarifaire r\u00e9glement\u00e9e, d'un contrat avec un d\u00e9taillant ou du prix du march\u00e9 de gros, selon le cas.<\/p>\n<\/div><\/div><\/div><\/div><\/div>","protected":false},"excerpt":{"rendered":"","protected":false},"author":2,"featured_media":0,"parent":0,"menu_order":0,"comment_status":"closed","ping_status":"closed","template":"100-width.php","meta":{"iawp_total_views":5,"footnotes":""},"class_list":["post-2459","page","type-page","status-publish","hentry"],"yoast_head":"<!-- This site is optimized with the Yoast SEO plugin v27.4 - https:\/\/yoast.com\/product\/yoast-seo-wordpress\/ -->\n<title>Schedule Of Rates &amp; Charges - Hearst Power Distribution Company Ltd.<\/title>\n<meta name=\"robots\" content=\"index, follow, max-snippet:-1, max-image-preview:large, max-video-preview:-1\" \/>\n<link rel=\"canonical\" href=\"https:\/\/hearstpower.com\/fr\/schedule-of-rates-charges\/\" \/>\n<meta property=\"og:locale\" content=\"fr_CA\" \/>\n<meta property=\"og:type\" content=\"article\" \/>\n<meta property=\"og:title\" content=\"Schedule Of Rates &amp; Charges - Hearst Power Distribution Company Ltd.\" \/>\n<meta property=\"og:url\" content=\"https:\/\/hearstpower.com\/fr\/schedule-of-rates-charges\/\" \/>\n<meta property=\"og:site_name\" content=\"Hearst Power Distribution Company Ltd.\" \/>\n<meta property=\"article:publisher\" content=\"https:\/\/www.facebook.com\/profile.php?id=100030703347012\" \/>\n<meta property=\"article:modified_time\" content=\"2023-05-29T15:10:49+00:00\" \/>\n<meta property=\"og:image\" content=\"https:\/\/www.hearstpower.com\/wp-content\/uploads\/2023\/05\/banner.png\" \/>\n<meta name=\"twitter:card\" content=\"summary_large_image\" \/>\n<meta name=\"twitter:label1\" content=\"Estimation du temps de lecture\" \/>\n\t<meta name=\"twitter:data1\" content=\"1 minute\" \/>\n<script type=\"application\/ld+json\" class=\"yoast-schema-graph\">{\"@context\":\"https:\\\/\\\/schema.org\",\"@graph\":[{\"@type\":\"WebPage\",\"@id\":\"https:\\\/\\\/hearstpower.com\\\/schedule-of-rates-charges\\\/\",\"url\":\"https:\\\/\\\/hearstpower.com\\\/schedule-of-rates-charges\\\/\",\"name\":\"Schedule Of Rates & Charges - Hearst Power Distribution Company Ltd.\",\"isPartOf\":{\"@id\":\"https:\\\/\\\/hearstpower.com\\\/#website\"},\"primaryImageOfPage\":{\"@id\":\"https:\\\/\\\/hearstpower.com\\\/schedule-of-rates-charges\\\/#primaryimage\"},\"image\":{\"@id\":\"https:\\\/\\\/hearstpower.com\\\/schedule-of-rates-charges\\\/#primaryimage\"},\"thumbnailUrl\":\"https:\\\/\\\/www.hearstpower.com\\\/wp-content\\\/uploads\\\/2023\\\/05\\\/banner.png\",\"datePublished\":\"2023-05-29T15:08:57+00:00\",\"dateModified\":\"2023-05-29T15:10:49+00:00\",\"breadcrumb\":{\"@id\":\"https:\\\/\\\/hearstpower.com\\\/schedule-of-rates-charges\\\/#breadcrumb\"},\"inLanguage\":\"fr-CA\",\"potentialAction\":[{\"@type\":\"ReadAction\",\"target\":[\"https:\\\/\\\/hearstpower.com\\\/schedule-of-rates-charges\\\/\"]}]},{\"@type\":\"ImageObject\",\"inLanguage\":\"fr-CA\",\"@id\":\"https:\\\/\\\/hearstpower.com\\\/schedule-of-rates-charges\\\/#primaryimage\",\"url\":\"https:\\\/\\\/www.hearstpower.com\\\/wp-content\\\/uploads\\\/2023\\\/05\\\/banner.png\",\"contentUrl\":\"https:\\\/\\\/www.hearstpower.com\\\/wp-content\\\/uploads\\\/2023\\\/05\\\/banner.png\"},{\"@type\":\"BreadcrumbList\",\"@id\":\"https:\\\/\\\/hearstpower.com\\\/schedule-of-rates-charges\\\/#breadcrumb\",\"itemListElement\":[{\"@type\":\"ListItem\",\"position\":1,\"name\":\"Home\",\"item\":\"https:\\\/\\\/hearstpower.com\\\/\"},{\"@type\":\"ListItem\",\"position\":2,\"name\":\"Schedule Of Rates &#038; Charges\"}]},{\"@type\":\"WebSite\",\"@id\":\"https:\\\/\\\/hearstpower.com\\\/#website\",\"url\":\"https:\\\/\\\/hearstpower.com\\\/\",\"name\":\"Hearst Power Distribution Company Ltd.\",\"description\":\"Hearst Power\",\"publisher\":{\"@id\":\"https:\\\/\\\/hearstpower.com\\\/#organization\"},\"potentialAction\":[{\"@type\":\"SearchAction\",\"target\":{\"@type\":\"EntryPoint\",\"urlTemplate\":\"https:\\\/\\\/hearstpower.com\\\/?s={search_term_string}\"},\"query-input\":{\"@type\":\"PropertyValueSpecification\",\"valueRequired\":true,\"valueName\":\"search_term_string\"}}],\"inLanguage\":\"fr-CA\"},{\"@type\":\"Organization\",\"@id\":\"https:\\\/\\\/hearstpower.com\\\/#organization\",\"name\":\"Hearst Power Distribution\",\"alternateName\":\"Corporation de distribution \u00e9lectrique de Hearst\",\"url\":\"https:\\\/\\\/hearstpower.com\\\/\",\"logo\":{\"@type\":\"ImageObject\",\"inLanguage\":\"fr-CA\",\"@id\":\"https:\\\/\\\/hearstpower.com\\\/#\\\/schema\\\/logo\\\/image\\\/\",\"url\":\"https:\\\/\\\/www.hearstpower.com\\\/wp-content\\\/uploads\\\/2023\\\/08\\\/Logo_tiny.png\",\"contentUrl\":\"https:\\\/\\\/www.hearstpower.com\\\/wp-content\\\/uploads\\\/2023\\\/08\\\/Logo_tiny.png\",\"width\":1028,\"height\":208,\"caption\":\"Hearst Power Distribution\"},\"image\":{\"@id\":\"https:\\\/\\\/hearstpower.com\\\/#\\\/schema\\\/logo\\\/image\\\/\"},\"sameAs\":[\"https:\\\/\\\/www.facebook.com\\\/profile.php?id=100030703347012\"]}]}<\/script>\n<!-- \/ Yoast SEO plugin. -->","yoast_head_json":{"title":"Schedule Of Rates & Charges - Hearst Power Distribution Company Ltd.","robots":{"index":"index","follow":"follow","max-snippet":"max-snippet:-1","max-image-preview":"max-image-preview:large","max-video-preview":"max-video-preview:-1"},"canonical":"https:\/\/hearstpower.com\/fr\/schedule-of-rates-charges\/","og_locale":"fr_CA","og_type":"article","og_title":"Schedule Of Rates & Charges - Hearst Power Distribution Company Ltd.","og_url":"https:\/\/hearstpower.com\/fr\/schedule-of-rates-charges\/","og_site_name":"Hearst Power Distribution Company Ltd.","article_publisher":"https:\/\/www.facebook.com\/profile.php?id=100030703347012","article_modified_time":"2023-05-29T15:10:49+00:00","og_image":[{"url":"https:\/\/www.hearstpower.com\/wp-content\/uploads\/2023\/05\/banner.png","type":"","width":"","height":""}],"twitter_card":"summary_large_image","twitter_misc":{"Estimation du temps de lecture":"1 minute"},"schema":{"@context":"https:\/\/schema.org","@graph":[{"@type":"WebPage","@id":"https:\/\/hearstpower.com\/schedule-of-rates-charges\/","url":"https:\/\/hearstpower.com\/schedule-of-rates-charges\/","name":"Schedule Of Rates & Charges - Hearst Power Distribution Company Ltd.","isPartOf":{"@id":"https:\/\/hearstpower.com\/#website"},"primaryImageOfPage":{"@id":"https:\/\/hearstpower.com\/schedule-of-rates-charges\/#primaryimage"},"image":{"@id":"https:\/\/hearstpower.com\/schedule-of-rates-charges\/#primaryimage"},"thumbnailUrl":"https:\/\/www.hearstpower.com\/wp-content\/uploads\/2023\/05\/banner.png","datePublished":"2023-05-29T15:08:57+00:00","dateModified":"2023-05-29T15:10:49+00:00","breadcrumb":{"@id":"https:\/\/hearstpower.com\/schedule-of-rates-charges\/#breadcrumb"},"inLanguage":"fr-CA","potentialAction":[{"@type":"ReadAction","target":["https:\/\/hearstpower.com\/schedule-of-rates-charges\/"]}]},{"@type":"ImageObject","inLanguage":"fr-CA","@id":"https:\/\/hearstpower.com\/schedule-of-rates-charges\/#primaryimage","url":"https:\/\/www.hearstpower.com\/wp-content\/uploads\/2023\/05\/banner.png","contentUrl":"https:\/\/www.hearstpower.com\/wp-content\/uploads\/2023\/05\/banner.png"},{"@type":"BreadcrumbList","@id":"https:\/\/hearstpower.com\/schedule-of-rates-charges\/#breadcrumb","itemListElement":[{"@type":"ListItem","position":1,"name":"Home","item":"https:\/\/hearstpower.com\/"},{"@type":"ListItem","position":2,"name":"Schedule Of Rates &#038; Charges"}]},{"@type":"WebSite","@id":"https:\/\/hearstpower.com\/#website","url":"https:\/\/hearstpower.com\/","name":"Hearst Power Distribution Company Ltd.","description":"Hearst Power","publisher":{"@id":"https:\/\/hearstpower.com\/#organization"},"potentialAction":[{"@type":"SearchAction","target":{"@type":"EntryPoint","urlTemplate":"https:\/\/hearstpower.com\/?s={search_term_string}"},"query-input":{"@type":"PropertyValueSpecification","valueRequired":true,"valueName":"search_term_string"}}],"inLanguage":"fr-CA"},{"@type":"Organization","@id":"https:\/\/hearstpower.com\/#organization","name":"Corporation de distribution \u00e9lectrique de Hearst","alternateName":"Corporation de distribution \u00e9lectrique de Hearst","url":"https:\/\/hearstpower.com\/","logo":{"@type":"ImageObject","inLanguage":"fr-CA","@id":"https:\/\/hearstpower.com\/#\/schema\/logo\/image\/","url":"https:\/\/www.hearstpower.com\/wp-content\/uploads\/2023\/08\/Logo_tiny.png","contentUrl":"https:\/\/www.hearstpower.com\/wp-content\/uploads\/2023\/08\/Logo_tiny.png","width":1028,"height":208,"caption":"Hearst Power Distribution"},"image":{"@id":"https:\/\/hearstpower.com\/#\/schema\/logo\/image\/"},"sameAs":["https:\/\/www.facebook.com\/profile.php?id=100030703347012"]}]}},"_links":{"self":[{"href":"https:\/\/hearstpower.com\/fr\/wp-json\/wp\/v2\/pages\/2459","targetHints":{"allow":["GET"]}}],"collection":[{"href":"https:\/\/hearstpower.com\/fr\/wp-json\/wp\/v2\/pages"}],"about":[{"href":"https:\/\/hearstpower.com\/fr\/wp-json\/wp\/v2\/types\/page"}],"author":[{"embeddable":true,"href":"https:\/\/hearstpower.com\/fr\/wp-json\/wp\/v2\/users\/2"}],"replies":[{"embeddable":true,"href":"https:\/\/hearstpower.com\/fr\/wp-json\/wp\/v2\/comments?post=2459"}],"version-history":[{"count":3,"href":"https:\/\/hearstpower.com\/fr\/wp-json\/wp\/v2\/pages\/2459\/revisions"}],"predecessor-version":[{"id":2463,"href":"https:\/\/hearstpower.com\/fr\/wp-json\/wp\/v2\/pages\/2459\/revisions\/2463"}],"wp:attachment":[{"href":"https:\/\/hearstpower.com\/fr\/wp-json\/wp\/v2\/media?parent=2459"}],"curies":[{"name":"wp","href":"https:\/\/api.w.org\/{rel}","templated":true}]}}