{"id":2443,"date":"2023-05-29T14:32:36","date_gmt":"2023-05-29T14:32:36","guid":{"rendered":"https:\/\/hearstpower.com\/?page_id=2443"},"modified":"2025-12-01T21:32:37","modified_gmt":"2025-12-01T21:32:37","slug":"energy-conservation-tips","status":"publish","type":"page","link":"https:\/\/hearstpower.com\/fr\/energy-conservation-tips\/","title":{"rendered":"Conseils pour \u00e9conomiser l\u2019\u00e9nergie"},"content":{"rendered":"<div class=\"fusion-fullwidth fullwidth-box fusion-builder-row-1 fusion-flex-container nonhundred-percent-fullwidth non-hundred-percent-height-scrolling\" style=\"--awb-border-radius-top-left:0px;--awb-border-radius-top-right:0px;--awb-border-radius-bottom-right:0px;--awb-border-radius-bottom-left:0px;--awb-flex-wrap:wrap;\" ><div class=\"fusion-builder-row fusion-row fusion-flex-align-items-flex-start fusion-flex-content-wrap\" style=\"max-width:1248px;margin-left: calc(-4% \/ 2 );margin-right: calc(-4% \/ 2 );\"><div class=\"fusion-layout-column fusion_builder_column fusion-builder-column-0 fusion_builder_column_1_1 1_1 fusion-flex-column\" style=\"--awb-bg-blend:overlay;--awb-bg-size:cover;--awb-width-large:100%;--awb-margin-top-large:0px;--awb-spacing-right-large:1.92%;--awb-margin-bottom-large:0px;--awb-spacing-left-large:1.92%;--awb-width-medium:100%;--awb-spacing-right-medium:1.92%;--awb-spacing-left-medium:1.92%;--awb-width-small:100%;--awb-spacing-right-small:1.92%;--awb-spacing-left-small:1.92%;\"><div class=\"fusion-column-wrapper fusion-flex-justify-content-flex-start fusion-content-layout-column\"><div class=\"fusion-text fusion-text-1\"><h2 style=\"font-size: 36px;\">Explorez nos programmes complets \u00c9conomisez l'\u00e9nergie :<\/h2>\n<p>\u2022 <u><a href=\"https:\/\/hearstpower.com\/fr\/business\/\" target=\"_blank\" rel=\"noopener noreferrer\" data-fusion-font=\"true\" style=\"font-size: 18px;\"><b>Visitez notre page Programmes pour entreprises<\/b><\/a><span data-fusion-font=\"true\" style=\"font-size: 18px;\"> <\/span><\/u><span data-fusion-font=\"true\" style=\"font-size: 18px;\">&#8211;<\/span> Incitatifs d'efficacit\u00e9 \u00e9nerg\u00e9tique pour les petites entreprises, les installations industrielles et les op\u00e9rations commerciales<\/p>\n<p>\u2022<b> <\/b><u><a href=\"https:\/\/hearstpower.com\/fr\/residential\/\" target=\"_blank\" rel=\"noopener noreferrer\" data-fusion-font=\"true\" style=\"font-size: 18px;\"><b>Visitez notre page Programmes r\u00e9sidentiels<\/b><\/a><span data-fusion-font=\"true\" style=\"font-size: 18px;\"> <\/span><\/u><span data-fusion-font=\"true\" style=\"font-size: 18px;\">&#8211;<\/span> \u00c9conomies de r\u00e9novation domiciliaire, avantages en p\u00e9riode de pointe et programmes d'abordabilit\u00e9 \u00e9nerg\u00e9tique  <\/p>\n<p>\u2022<u> <a href=\"https:\/\/hearstpower.com\/fr\/first-nations\/\" target=\"_blank\" rel=\"noopener noreferrer\" data-fusion-font=\"true\" style=\"font-size: 18px;\"><b>Visitez notre page Programmes des Premi\u00e8res Nations<\/b><\/a><span data-fusion-font=\"true\" style=\"font-size: 18px;\"> <\/span><\/u><span data-fusion-font=\"true\" style=\"font-size: 18px;\">&#8211;<\/span> Programmes de r\u00e9novation sp\u00e9cialis\u00e9s pour les communaut\u00e9s des Premi\u00e8res Nations<\/p>\n<\/p>\n<p><span style=\"background-color: rgba(0, 0, 0, 0); font-size: 36px; letter-spacing: -0.54px;\"><b>Conseils <\/b><\/span><span style=\"background-color: rgba(0, 0, 0, 0); font-size: 36px; font-weight: 600; letter-spacing: -0.54px;\">Utiles<\/span><\/p>\n<p>Dehors, il peut faire chaud et ensoleill\u00e9 ou il peut faire froid et neiger, mais nous avons quelques conseils et suggestions utiles pour vous garder confortable durant toutes les saisons et de rendre votre maison plus \u00e9conerg\u00e9tique.<\/p>\n<p><a href=\"https:\/\/economisezlenergie.ca\/Astuces-et-Conseils\">Visitez le lien ici pour obtenir des conseils et astuces<\/a><\/p>\n<\/div><\/div><\/div><\/div><\/div>","protected":false},"excerpt":{"rendered":"","protected":false},"author":2,"featured_media":0,"parent":0,"menu_order":0,"comment_status":"closed","ping_status":"closed","template":"100-width.php","meta":{"iawp_total_views":35,"footnotes":""},"class_list":["post-2443","page","type-page","status-publish","hentry"],"yoast_head":"<!-- This site is optimized with the Yoast SEO plugin v27.3 - https:\/\/yoast.com\/product\/yoast-seo-wordpress\/ -->\n<title>Energy Conservation Tips - Hearst Power Distribution Company Ltd.<\/title>\n<meta name=\"description\" content=\"Visit https:\/\/saveonenergy.ca\/ to discover energy-saving incentive programs that you could be eligible. Make your home more energy efficient. Visitez https:\/\/economisezlenergie.ca pour d\u00e9couvrir des programmes incitatifs dont vous pourriez \u00eatre \u00e9ligible. Rendez votre maison plus \u00e9conerg\u00e9tique.\" \/>\n<meta name=\"robots\" content=\"index, follow, max-snippet:-1, max-image-preview:large, max-video-preview:-1\" \/>\n<link rel=\"canonical\" href=\"https:\/\/hearstpower.com\/fr\/energy-conservation-tips\/\" \/>\n<meta property=\"og:locale\" content=\"fr_CA\" \/>\n<meta property=\"og:type\" content=\"article\" \/>\n<meta property=\"og:title\" content=\"Energy Conservation Tips - Hearst Power Distribution Company Ltd.\" \/>\n<meta property=\"og:description\" content=\"Visit https:\/\/saveonenergy.ca\/ to discover energy-saving incentive programs that you could be eligible. Make your home more energy efficient. Visitez https:\/\/economisezlenergie.ca pour d\u00e9couvrir des programmes incitatifs dont vous pourriez \u00eatre \u00e9ligible. Rendez votre maison plus \u00e9conerg\u00e9tique.\" \/>\n<meta property=\"og:url\" content=\"https:\/\/hearstpower.com\/fr\/energy-conservation-tips\/\" \/>\n<meta property=\"og:site_name\" content=\"Hearst Power Distribution Company Ltd.\" \/>\n<meta property=\"article:publisher\" content=\"https:\/\/www.facebook.com\/profile.php?id=100030703347012\" \/>\n<meta property=\"article:modified_time\" content=\"2025-12-01T21:32:37+00:00\" \/>\n<meta property=\"og:image\" content=\"https:\/\/hearstpower.com\/wp-content\/uploads\/2023\/08\/Logo_tiny.png\" \/>\n\t<meta property=\"og:image:width\" content=\"1028\" \/>\n\t<meta property=\"og:image:height\" content=\"208\" \/>\n\t<meta property=\"og:image:type\" content=\"image\/png\" \/>\n<meta name=\"twitter:card\" content=\"summary_large_image\" \/>\n<meta name=\"twitter:label1\" content=\"Estimation du temps de lecture\" \/>\n\t<meta name=\"twitter:data1\" content=\"1 minute\" \/>\n<script type=\"application\/ld+json\" class=\"yoast-schema-graph\">{\"@context\":\"https:\\\/\\\/schema.org\",\"@graph\":[{\"@type\":\"WebPage\",\"@id\":\"https:\\\/\\\/hearstpower.com\\\/energy-conservation-tips\\\/\",\"url\":\"https:\\\/\\\/hearstpower.com\\\/energy-conservation-tips\\\/\",\"name\":\"Energy Conservation Tips - Hearst Power Distribution Company Ltd.\",\"isPartOf\":{\"@id\":\"https:\\\/\\\/hearstpower.com\\\/#website\"},\"datePublished\":\"2023-05-29T14:32:36+00:00\",\"dateModified\":\"2025-12-01T21:32:37+00:00\",\"description\":\"Visit https:\\\/\\\/saveonenergy.ca\\\/ to discover energy-saving incentive programs that you could be eligible. Make your home more energy efficient. Visitez https:\\\/\\\/economisezlenergie.ca pour d\u00e9couvrir des programmes incitatifs dont vous pourriez \u00eatre \u00e9ligible. Rendez votre maison plus \u00e9conerg\u00e9tique.\",\"breadcrumb\":{\"@id\":\"https:\\\/\\\/hearstpower.com\\\/energy-conservation-tips\\\/#breadcrumb\"},\"inLanguage\":\"fr-CA\",\"potentialAction\":[{\"@type\":\"ReadAction\",\"target\":[\"https:\\\/\\\/hearstpower.com\\\/energy-conservation-tips\\\/\"]}]},{\"@type\":\"BreadcrumbList\",\"@id\":\"https:\\\/\\\/hearstpower.com\\\/energy-conservation-tips\\\/#breadcrumb\",\"itemListElement\":[{\"@type\":\"ListItem\",\"position\":1,\"name\":\"Home\",\"item\":\"https:\\\/\\\/hearstpower.com\\\/\"},{\"@type\":\"ListItem\",\"position\":2,\"name\":\"Energy Conservation Tips\"}]},{\"@type\":\"WebSite\",\"@id\":\"https:\\\/\\\/hearstpower.com\\\/#website\",\"url\":\"https:\\\/\\\/hearstpower.com\\\/\",\"name\":\"Hearst Power Distribution Company Ltd.\",\"description\":\"Hearst Power\",\"publisher\":{\"@id\":\"https:\\\/\\\/hearstpower.com\\\/#organization\"},\"potentialAction\":[{\"@type\":\"SearchAction\",\"target\":{\"@type\":\"EntryPoint\",\"urlTemplate\":\"https:\\\/\\\/hearstpower.com\\\/?s={search_term_string}\"},\"query-input\":{\"@type\":\"PropertyValueSpecification\",\"valueRequired\":true,\"valueName\":\"search_term_string\"}}],\"inLanguage\":\"fr-CA\"},{\"@type\":\"Organization\",\"@id\":\"https:\\\/\\\/hearstpower.com\\\/#organization\",\"name\":\"Hearst Power Distribution\",\"alternateName\":\"Corporation de distribution \u00e9lectrique de Hearst\",\"url\":\"https:\\\/\\\/hearstpower.com\\\/\",\"logo\":{\"@type\":\"ImageObject\",\"inLanguage\":\"fr-CA\",\"@id\":\"https:\\\/\\\/hearstpower.com\\\/#\\\/schema\\\/logo\\\/image\\\/\",\"url\":\"https:\\\/\\\/www.hearstpower.com\\\/wp-content\\\/uploads\\\/2023\\\/08\\\/Logo_tiny.png\",\"contentUrl\":\"https:\\\/\\\/www.hearstpower.com\\\/wp-content\\\/uploads\\\/2023\\\/08\\\/Logo_tiny.png\",\"width\":1028,\"height\":208,\"caption\":\"Hearst Power Distribution\"},\"image\":{\"@id\":\"https:\\\/\\\/hearstpower.com\\\/#\\\/schema\\\/logo\\\/image\\\/\"},\"sameAs\":[\"https:\\\/\\\/www.facebook.com\\\/profile.php?id=100030703347012\"]}]}<\/script>\n<!-- \/ Yoast SEO plugin. -->","yoast_head_json":{"title":"Energy Conservation Tips - Hearst Power Distribution Company Ltd.","description":"Visit https:\/\/saveonenergy.ca\/ to discover energy-saving incentive programs that you could be eligible. Make your home more energy efficient. Visitez https:\/\/economisezlenergie.ca pour d\u00e9couvrir des programmes incitatifs dont vous pourriez \u00eatre \u00e9ligible. Rendez votre maison plus \u00e9conerg\u00e9tique.","robots":{"index":"index","follow":"follow","max-snippet":"max-snippet:-1","max-image-preview":"max-image-preview:large","max-video-preview":"max-video-preview:-1"},"canonical":"https:\/\/hearstpower.com\/fr\/energy-conservation-tips\/","og_locale":"fr_CA","og_type":"article","og_title":"Energy Conservation Tips - Hearst Power Distribution Company Ltd.","og_description":"Visit https:\/\/saveonenergy.ca\/ to discover energy-saving incentive programs that you could be eligible. Make your home more energy efficient. Visitez https:\/\/economisezlenergie.ca pour d\u00e9couvrir des programmes incitatifs dont vous pourriez \u00eatre \u00e9ligible. Rendez votre maison plus \u00e9conerg\u00e9tique.","og_url":"https:\/\/hearstpower.com\/fr\/energy-conservation-tips\/","og_site_name":"Hearst Power Distribution Company Ltd.","article_publisher":"https:\/\/www.facebook.com\/profile.php?id=100030703347012","article_modified_time":"2025-12-01T21:32:37+00:00","og_image":[{"width":1028,"height":208,"url":"https:\/\/hearstpower.com\/wp-content\/uploads\/2023\/08\/Logo_tiny.png","type":"image\/png"}],"twitter_card":"summary_large_image","twitter_misc":{"Estimation du temps de lecture":"1 minute"},"schema":{"@context":"https:\/\/schema.org","@graph":[{"@type":"WebPage","@id":"https:\/\/hearstpower.com\/energy-conservation-tips\/","url":"https:\/\/hearstpower.com\/energy-conservation-tips\/","name":"Energy Conservation Tips - Hearst Power Distribution Company Ltd.","isPartOf":{"@id":"https:\/\/hearstpower.com\/#website"},"datePublished":"2023-05-29T14:32:36+00:00","dateModified":"2025-12-01T21:32:37+00:00","description":"Visit https:\/\/saveonenergy.ca\/ to discover energy-saving incentive programs that you could be eligible. Make your home more energy efficient. Visitez https:\/\/economisezlenergie.ca pour d\u00e9couvrir des programmes incitatifs dont vous pourriez \u00eatre \u00e9ligible. Rendez votre maison plus \u00e9conerg\u00e9tique.","breadcrumb":{"@id":"https:\/\/hearstpower.com\/energy-conservation-tips\/#breadcrumb"},"inLanguage":"fr-CA","potentialAction":[{"@type":"ReadAction","target":["https:\/\/hearstpower.com\/energy-conservation-tips\/"]}]},{"@type":"BreadcrumbList","@id":"https:\/\/hearstpower.com\/energy-conservation-tips\/#breadcrumb","itemListElement":[{"@type":"ListItem","position":1,"name":"Home","item":"https:\/\/hearstpower.com\/"},{"@type":"ListItem","position":2,"name":"Energy Conservation Tips"}]},{"@type":"WebSite","@id":"https:\/\/hearstpower.com\/#website","url":"https:\/\/hearstpower.com\/","name":"Hearst Power Distribution Company Ltd.","description":"Hearst Power","publisher":{"@id":"https:\/\/hearstpower.com\/#organization"},"potentialAction":[{"@type":"SearchAction","target":{"@type":"EntryPoint","urlTemplate":"https:\/\/hearstpower.com\/?s={search_term_string}"},"query-input":{"@type":"PropertyValueSpecification","valueRequired":true,"valueName":"search_term_string"}}],"inLanguage":"fr-CA"},{"@type":"Organization","@id":"https:\/\/hearstpower.com\/#organization","name":"Corporation de distribution \u00e9lectrique de Hearst","alternateName":"Corporation de distribution \u00e9lectrique de Hearst","url":"https:\/\/hearstpower.com\/","logo":{"@type":"ImageObject","inLanguage":"fr-CA","@id":"https:\/\/hearstpower.com\/#\/schema\/logo\/image\/","url":"https:\/\/www.hearstpower.com\/wp-content\/uploads\/2023\/08\/Logo_tiny.png","contentUrl":"https:\/\/www.hearstpower.com\/wp-content\/uploads\/2023\/08\/Logo_tiny.png","width":1028,"height":208,"caption":"Hearst Power Distribution"},"image":{"@id":"https:\/\/hearstpower.com\/#\/schema\/logo\/image\/"},"sameAs":["https:\/\/www.facebook.com\/profile.php?id=100030703347012"]}]}},"_links":{"self":[{"href":"https:\/\/hearstpower.com\/fr\/wp-json\/wp\/v2\/pages\/2443","targetHints":{"allow":["GET"]}}],"collection":[{"href":"https:\/\/hearstpower.com\/fr\/wp-json\/wp\/v2\/pages"}],"about":[{"href":"https:\/\/hearstpower.com\/fr\/wp-json\/wp\/v2\/types\/page"}],"author":[{"embeddable":true,"href":"https:\/\/hearstpower.com\/fr\/wp-json\/wp\/v2\/users\/2"}],"replies":[{"embeddable":true,"href":"https:\/\/hearstpower.com\/fr\/wp-json\/wp\/v2\/comments?post=2443"}],"version-history":[{"count":12,"href":"https:\/\/hearstpower.com\/fr\/wp-json\/wp\/v2\/pages\/2443\/revisions"}],"predecessor-version":[{"id":3706,"href":"https:\/\/hearstpower.com\/fr\/wp-json\/wp\/v2\/pages\/2443\/revisions\/3706"}],"wp:attachment":[{"href":"https:\/\/hearstpower.com\/fr\/wp-json\/wp\/v2\/media?parent=2443"}],"curies":[{"name":"wp","href":"https:\/\/api.w.org\/{rel}","templated":true}]}}