{"id":2438,"date":"2023-05-29T14:20:39","date_gmt":"2023-05-29T14:20:39","guid":{"rendered":"https:\/\/hearstpower.com\/?page_id=2438"},"modified":"2023-05-29T14:24:02","modified_gmt":"2023-05-29T14:24:02","slug":"customer-choice-billing","status":"publish","type":"page","link":"https:\/\/hearstpower.com\/fr\/customer-choice-billing\/","title":{"rendered":"Facturation au choix du client"},"content":{"rendered":"<div class=\"fusion-fullwidth fullwidth-box fusion-builder-row-1 fusion-flex-container nonhundred-percent-fullwidth non-hundred-percent-height-scrolling\" style=\"--awb-border-radius-top-left:0px;--awb-border-radius-top-right:0px;--awb-border-radius-bottom-right:0px;--awb-border-radius-bottom-left:0px;--awb-flex-wrap:wrap;\" ><div class=\"fusion-builder-row fusion-row fusion-flex-align-items-flex-start fusion-flex-content-wrap\" style=\"max-width:1248px;margin-left: calc(-4% \/ 2 );margin-right: calc(-4% \/ 2 );\"><div class=\"fusion-layout-column fusion_builder_column fusion-builder-column-0 fusion_builder_column_1_1 1_1 fusion-flex-column\" style=\"--awb-bg-size:cover;--awb-width-large:100%;--awb-margin-top-large:0px;--awb-spacing-right-large:1.92%;--awb-margin-bottom-large:0px;--awb-spacing-left-large:1.92%;--awb-width-medium:100%;--awb-spacing-right-medium:1.92%;--awb-spacing-left-medium:1.92%;--awb-width-small:100%;--awb-spacing-right-small:1.92%;--awb-spacing-left-small:1.92%;\"><div class=\"fusion-column-wrapper fusion-flex-justify-content-flex-start fusion-content-layout-column\"><div class=\"fusion-text fusion-text-1\"><h3 style=\"text-align: left; --fontSize: 36; line-height: 1.2;\" data-fontsize=\"36\" data-lineheight=\"43.2px\" class=\"fusion-responsive-typography-calculated\"><strong>Facturation au choix du client<\/strong><\/h3>\n<p style=\"text-align: left;\"><strong>* Nouveaut\u00e9 * \u2013 Le Choix du Client \u2013 <\/strong><strong>Facturation en fonction de l\u2019heure ou par palier<\/strong><\/p>\n<p>Le gouvernement de l\u2019Ontario a annonc\u00e9 qu\u2019il offrirait aux clients r\u00e9sidentiels et aux petites entreprises assujettis \u00e0 la grille tarifaire r\u00e9glement\u00e9e la possibilit\u00e9 de choisir la structure tarifaire qu\u2019ils souhaitent se voir facturer \u00e0 compter du 1er novembre 2020 : les tarifs en fonction de l\u2019heure de consommation ou les tarifs par palier.<\/p>\n<p>D\u00e8s aujourd\u2019hui, si vous \u00eates un client r\u00e9sidentiel ou une petite entreprise qui paie les prix de l\u2019\u00e9lectricit\u00e9 au temps d\u2019utilisation (TOU), vous pouvez choisir de passer \u00e0 des tarifs par palier. <a href=\"http:\/\/hearstpower.com\/hpdc\/wp-content\/uploads\/HPDC-customer-Election-Form_english.pdf\">HPDC customer Election Form<\/a> <\/b> <a href=\"mailto:service@hearstpower.com\">service@hearstpower.com<\/a> <\/br><\/p>\n<p>Avec le prix en fonction de l\u2019heure (TOU), le prix que vous payez d\u00e9pend du moment o\u00f9 vous utilisez l\u2019\u00e9lectricit\u00e9. Avec les des tarifs par palier, vous pouvez utiliser une certaine quantit\u00e9 d\u2019\u00e9lectricit\u00e9 chaque mois \u00e0 un prix inf\u00e9rieur. Une fois cette limite d\u00e9pass\u00e9e, un prix plus \u00e9lev\u00e9 s\u2019applique.\n<\/br><\/br>\nSi vous \u00eates un client factur\u00e9 selon le prix en fonction de l\u2019heure (TOU) et ne voulez pas passer \u00e0 des tarifs par palier, vous n\u2019avez pas besoin de faire quoi que ce soit. Vous resterez sur les prix TOU.\n<\/br><\/br>\nSi vous souhaitez en savoir plus sur vos options de tarification ou acc\u00e9der \u00e0 la calculatrice du OEB, visitez <a href=\"https:\/\/oeb.ca\/choix\">oeb.ca\/choix.<\/a>.<\/p>\n<p>Si vous \u00eates un client factur\u00e9 selon le prix en fonction de l\u2019heure (TOU) et ne voulez pas passer \u00e0 des tarifs par palier, vous n\u2019avez pas besoin de faire quoi que ce soit. Vous resterez sur les prix TOU.<\/p>\n<p>Si vous souhaitez en savoir plus sur vos options de tarification ou acc\u00e9der \u00e0 la calculatrice du OEB, visitez https:\/\/oeb.ca\/choix.  <\/br><\/br>\nPour passer du prix en fonction de l\u2019heure (TOU) aux tarifs par palier, vous devez compl\u00e9ter le Formulaire de s\u00e9lection de la structure pour la grille tarifaire et nous le retourner. <\/br><\/br>\nCe changement, prix en fonction de l\u2019heure (TOU) aux tarifs par palier ne peut entrer en vigueur qu\u2019au d\u00e9but d\u2019une p\u00e9riode de facturation. Vous \u00eates g\u00e9n\u00e9ralement factur\u00e9 pour une p\u00e9riode de 30 jours, et les dates de d\u00e9but et de fin sont indiqu\u00e9es sur votre facture d\u2019\u00e9lectricit\u00e9.<\/br><\/br>Le choix de prix en fonction de l\u2019heure (TOU) aux tarifs par palier est disponible pour presque tous les clients r\u00e9sidentiels et les petites entreprises qui ont des compteurs intelligents et sont factur\u00e9s sur TOU. Certains clients r\u00e9sidentiels et de petites entreprises sont pr\u00e9sentement et ne peuvent pas passer aux prix en fonction de l\u2019heure (TOU) pour le moment.<\/br><\/br>Les clients qui ach\u00e8tent leur \u00e9lectricit\u00e9 aupr\u00e8s d\u2019un d\u00e9taillant d\u2019\u00e9nergie paient le prix de l\u2019\u00e9lectricit\u00e9 pr\u00e9vu dans leur contrat. Une fois qu\u2019ils auront quitt\u00e9 leur contrat de vente au d\u00e9tail, ils auront le choix entre payer des prix en fonction de l\u2019heure (TOU) ou les tarifs par palier. Pour plus de d\u00e9tails sur votre contrat \u00e9nerg\u00e9tique, contactez votre d\u00e9taillant d\u2019\u00e9nergie.<\/p>\n<p><strong>Prix en fonction de l\u2019heure de consommation (TOU)<\/strong><\/p>\n<p>Avec les prix en fonction de l\u2019heure (TOU), le prix d\u00e9pend du moment o\u00f9 vous utilisez l\u2019\u00e9lectricit\u00e9. Vous pouvez aider \u00e0 g\u00e9rer vos co\u00fbts d\u2019\u00e9lectricit\u00e9 en transf\u00e9rant votre utilisation \u00e0 des p\u00e9riodes o\u00f9 le prix est le plus bas.<\/p>\n<p>Il y a trois p\u00e9riodes :<\/p>\n<ul>\n<li>P\u00e9riode creuse : Lorsque la demande d\u2019\u00e9lectricit\u00e9 est la plus faible. Les m\u00e9nages de l\u2019Ontario utilisent la plus grande partie de leur \u00e9lectricit\u00e9 \u2013 pr\u00e8s des deux tiers \u2013 pendant les heures creuses.<\/li>\n<li>P\u00e9riode m\u00e9diane : Lorsque la demande d\u2019\u00e9lectricit\u00e9 est mod\u00e9r\u00e9e. Ces p\u00e9riodes sont pendant la journ\u00e9e, mais pas les moments les plus achaland\u00e9s de la journ\u00e9e.<\/li>\n<li>P\u00e9riode de pointe: Lorsque la demande d\u2019\u00e9lectricit\u00e9 est g\u00e9n\u00e9ralement plus \u00e9lev\u00e9e. Ce sont les moments les plus occup\u00e9s de la journ\u00e9e \u2013 g\u00e9n\u00e9ralement lorsque les gens cuisinent, d\u00e9marrent leurs ordinateurs et les appareils de chauffage en cours d\u2019ex\u00e9cution ou climatiseurs.<\/li>\n<\/ul>\n<p>Les gens utilisent l\u2019\u00e9lectricit\u00e9 diff\u00e9remment selon la saison, de sorte que les p\u00e9riodes de prix sont diff\u00e9rentes en hiver qu\u2019ils ne le sont en \u00e9t\u00e9.<\/p>\n<p><img decoding=\"async\" class=\"lazyload aligncenter size-large wp-image-2175\" style=\"text-align: left;\" src=\"data:image\/svg+xml,%3Csvg%20xmlns%3D%27http%3A%2F%2Fwww.w3.org%2F2000%2Fsvg%27%20width%3D%27600%27%20height%3D%27241%27%20viewBox%3D%270%200%20600%20241%27%3E%3Crect%20width%3D%27600%27%20height%3D%27241%27%20fill-opacity%3D%220%22%2F%3E%3C%2Fsvg%3E\" data-orig-src=\"http:\/\/hearstpower.com\/hpdc\/wp-content\/uploads\/TOU-EN-600x241.jpg\" alt=\"\" width=\"600\" height=\"241\"><\/p>\n<p><strong>Tarif par paliers<\/strong><\/p>\n<p>Avec les Tarifs par Palier, vous pouvez utiliser une certaine quantit\u00e9 d\u2019\u00e9lectricit\u00e9 chaque mois \u00e0 un prix inf\u00e9rieur. Une fois que cette limite (appel\u00e9e seuil) est d\u00e9pass\u00e9e, un prix plus \u00e9lev\u00e9 s\u2019applique. Pour les clients r\u00e9sidentiels, le seuil change normalement avec la saison pour refl\u00e9ter l\u2019\u00e9volution des habitudes d\u2019utilisation<\/p>\n<p>Pendant la p\u00e9riode hivernale (du 1er novembre au 30 avril), le seuil de niveau pour les clients r\u00e9sidentiels est de 1 000 kWh, de sorte que les m\u00e9nages peuvent utiliser plus d\u2019\u00e9lectricit\u00e9 au prix inf\u00e9rieur. Au cours de la p\u00e9riode estivale (du 1er mai au 31 octobre), le seuil de niveau pour les clients r\u00e9sidentiels est de 600 kWh.<\/p>\n<p>Pour les clients des petites entreprises, le seuil de niveau est de 750 kWh toute l\u2019ann\u00e9e. Les prix \u00e9chelonn\u00e9s vous donnent la flexibilit\u00e9 d\u2019utiliser l\u2019\u00e9lectricit\u00e9 \u00e0 tout moment de la journ\u00e9e au m\u00eame prix, bien que ce prix change si vous d\u00e9passez le seuil au cours du mois.<\/p>\n<p>Si vous souhaitez en savoir plus sur vos options de tarification ou acc\u00e9der \u00e0 la calculatrice du OEB, visitez https:\/\/oeb.ca\/choix.<\/p>\n<\/div><\/div><\/div><\/div><\/div>","protected":false},"excerpt":{"rendered":"","protected":false},"author":2,"featured_media":0,"parent":0,"menu_order":0,"comment_status":"closed","ping_status":"closed","template":"100-width.php","meta":{"iawp_total_views":12,"footnotes":""},"class_list":["post-2438","page","type-page","status-publish","hentry"],"yoast_head":"<!-- This site is optimized with the Yoast SEO plugin v27.4 - https:\/\/yoast.com\/product\/yoast-seo-wordpress\/ -->\n<title>Customer Choice Billing - Hearst Power Distribution Company Ltd.<\/title>\n<meta name=\"robots\" content=\"index, follow, max-snippet:-1, max-image-preview:large, max-video-preview:-1\" \/>\n<link rel=\"canonical\" href=\"https:\/\/hearstpower.com\/fr\/customer-choice-billing\/\" \/>\n<meta property=\"og:locale\" content=\"fr_CA\" \/>\n<meta property=\"og:type\" content=\"article\" \/>\n<meta property=\"og:title\" content=\"Customer Choice Billing - Hearst Power Distribution Company Ltd.\" \/>\n<meta property=\"og:url\" content=\"https:\/\/hearstpower.com\/fr\/customer-choice-billing\/\" \/>\n<meta property=\"og:site_name\" content=\"Hearst Power Distribution Company Ltd.\" \/>\n<meta property=\"article:publisher\" content=\"https:\/\/www.facebook.com\/profile.php?id=100030703347012\" \/>\n<meta property=\"article:modified_time\" content=\"2023-05-29T14:24:02+00:00\" \/>\n<meta property=\"og:image\" content=\"http:\/\/hearstpower.com\/hpdc\/wp-content\/uploads\/TOU-EN-600x241.jpg\" \/>\n<meta name=\"twitter:card\" content=\"summary_large_image\" \/>\n<meta name=\"twitter:label1\" content=\"Estimation du temps de lecture\" \/>\n\t<meta name=\"twitter:data1\" content=\"3 minutes\" \/>\n<script type=\"application\/ld+json\" class=\"yoast-schema-graph\">{\"@context\":\"https:\\\/\\\/schema.org\",\"@graph\":[{\"@type\":\"WebPage\",\"@id\":\"https:\\\/\\\/hearstpower.com\\\/customer-choice-billing\\\/\",\"url\":\"https:\\\/\\\/hearstpower.com\\\/customer-choice-billing\\\/\",\"name\":\"Customer Choice Billing - Hearst Power Distribution Company Ltd.\",\"isPartOf\":{\"@id\":\"https:\\\/\\\/hearstpower.com\\\/#website\"},\"primaryImageOfPage\":{\"@id\":\"https:\\\/\\\/hearstpower.com\\\/customer-choice-billing\\\/#primaryimage\"},\"image\":{\"@id\":\"https:\\\/\\\/hearstpower.com\\\/customer-choice-billing\\\/#primaryimage\"},\"thumbnailUrl\":\"http:\\\/\\\/hearstpower.com\\\/hpdc\\\/wp-content\\\/uploads\\\/TOU-EN-600x241.jpg\",\"datePublished\":\"2023-05-29T14:20:39+00:00\",\"dateModified\":\"2023-05-29T14:24:02+00:00\",\"breadcrumb\":{\"@id\":\"https:\\\/\\\/hearstpower.com\\\/customer-choice-billing\\\/#breadcrumb\"},\"inLanguage\":\"fr-CA\",\"potentialAction\":[{\"@type\":\"ReadAction\",\"target\":[\"https:\\\/\\\/hearstpower.com\\\/customer-choice-billing\\\/\"]}]},{\"@type\":\"ImageObject\",\"inLanguage\":\"fr-CA\",\"@id\":\"https:\\\/\\\/hearstpower.com\\\/customer-choice-billing\\\/#primaryimage\",\"url\":\"http:\\\/\\\/hearstpower.com\\\/hpdc\\\/wp-content\\\/uploads\\\/TOU-EN-600x241.jpg\",\"contentUrl\":\"http:\\\/\\\/hearstpower.com\\\/hpdc\\\/wp-content\\\/uploads\\\/TOU-EN-600x241.jpg\"},{\"@type\":\"BreadcrumbList\",\"@id\":\"https:\\\/\\\/hearstpower.com\\\/customer-choice-billing\\\/#breadcrumb\",\"itemListElement\":[{\"@type\":\"ListItem\",\"position\":1,\"name\":\"Home\",\"item\":\"https:\\\/\\\/hearstpower.com\\\/\"},{\"@type\":\"ListItem\",\"position\":2,\"name\":\"Customer Choice Billing\"}]},{\"@type\":\"WebSite\",\"@id\":\"https:\\\/\\\/hearstpower.com\\\/#website\",\"url\":\"https:\\\/\\\/hearstpower.com\\\/\",\"name\":\"Hearst Power Distribution Company Ltd.\",\"description\":\"Hearst Power\",\"publisher\":{\"@id\":\"https:\\\/\\\/hearstpower.com\\\/#organization\"},\"potentialAction\":[{\"@type\":\"SearchAction\",\"target\":{\"@type\":\"EntryPoint\",\"urlTemplate\":\"https:\\\/\\\/hearstpower.com\\\/?s={search_term_string}\"},\"query-input\":{\"@type\":\"PropertyValueSpecification\",\"valueRequired\":true,\"valueName\":\"search_term_string\"}}],\"inLanguage\":\"fr-CA\"},{\"@type\":\"Organization\",\"@id\":\"https:\\\/\\\/hearstpower.com\\\/#organization\",\"name\":\"Hearst Power Distribution\",\"alternateName\":\"Corporation de distribution \u00e9lectrique de Hearst\",\"url\":\"https:\\\/\\\/hearstpower.com\\\/\",\"logo\":{\"@type\":\"ImageObject\",\"inLanguage\":\"fr-CA\",\"@id\":\"https:\\\/\\\/hearstpower.com\\\/#\\\/schema\\\/logo\\\/image\\\/\",\"url\":\"https:\\\/\\\/www.hearstpower.com\\\/wp-content\\\/uploads\\\/2023\\\/08\\\/Logo_tiny.png\",\"contentUrl\":\"https:\\\/\\\/www.hearstpower.com\\\/wp-content\\\/uploads\\\/2023\\\/08\\\/Logo_tiny.png\",\"width\":1028,\"height\":208,\"caption\":\"Hearst Power Distribution\"},\"image\":{\"@id\":\"https:\\\/\\\/hearstpower.com\\\/#\\\/schema\\\/logo\\\/image\\\/\"},\"sameAs\":[\"https:\\\/\\\/www.facebook.com\\\/profile.php?id=100030703347012\"]}]}<\/script>\n<!-- \/ Yoast SEO plugin. -->","yoast_head_json":{"title":"Customer Choice Billing - Hearst Power Distribution Company Ltd.","robots":{"index":"index","follow":"follow","max-snippet":"max-snippet:-1","max-image-preview":"max-image-preview:large","max-video-preview":"max-video-preview:-1"},"canonical":"https:\/\/hearstpower.com\/fr\/customer-choice-billing\/","og_locale":"fr_CA","og_type":"article","og_title":"Customer Choice Billing - Hearst Power Distribution Company Ltd.","og_url":"https:\/\/hearstpower.com\/fr\/customer-choice-billing\/","og_site_name":"Hearst Power Distribution Company Ltd.","article_publisher":"https:\/\/www.facebook.com\/profile.php?id=100030703347012","article_modified_time":"2023-05-29T14:24:02+00:00","og_image":[{"url":"http:\/\/hearstpower.com\/hpdc\/wp-content\/uploads\/TOU-EN-600x241.jpg","type":"","width":"","height":""}],"twitter_card":"summary_large_image","twitter_misc":{"Estimation du temps de lecture":"3 minutes"},"schema":{"@context":"https:\/\/schema.org","@graph":[{"@type":"WebPage","@id":"https:\/\/hearstpower.com\/customer-choice-billing\/","url":"https:\/\/hearstpower.com\/customer-choice-billing\/","name":"Customer Choice Billing - Hearst Power Distribution Company Ltd.","isPartOf":{"@id":"https:\/\/hearstpower.com\/#website"},"primaryImageOfPage":{"@id":"https:\/\/hearstpower.com\/customer-choice-billing\/#primaryimage"},"image":{"@id":"https:\/\/hearstpower.com\/customer-choice-billing\/#primaryimage"},"thumbnailUrl":"http:\/\/hearstpower.com\/hpdc\/wp-content\/uploads\/TOU-EN-600x241.jpg","datePublished":"2023-05-29T14:20:39+00:00","dateModified":"2023-05-29T14:24:02+00:00","breadcrumb":{"@id":"https:\/\/hearstpower.com\/customer-choice-billing\/#breadcrumb"},"inLanguage":"fr-CA","potentialAction":[{"@type":"ReadAction","target":["https:\/\/hearstpower.com\/customer-choice-billing\/"]}]},{"@type":"ImageObject","inLanguage":"fr-CA","@id":"https:\/\/hearstpower.com\/customer-choice-billing\/#primaryimage","url":"http:\/\/hearstpower.com\/hpdc\/wp-content\/uploads\/TOU-EN-600x241.jpg","contentUrl":"http:\/\/hearstpower.com\/hpdc\/wp-content\/uploads\/TOU-EN-600x241.jpg"},{"@type":"BreadcrumbList","@id":"https:\/\/hearstpower.com\/customer-choice-billing\/#breadcrumb","itemListElement":[{"@type":"ListItem","position":1,"name":"Home","item":"https:\/\/hearstpower.com\/"},{"@type":"ListItem","position":2,"name":"Customer Choice Billing"}]},{"@type":"WebSite","@id":"https:\/\/hearstpower.com\/#website","url":"https:\/\/hearstpower.com\/","name":"Hearst Power Distribution Company Ltd.","description":"Hearst Power","publisher":{"@id":"https:\/\/hearstpower.com\/#organization"},"potentialAction":[{"@type":"SearchAction","target":{"@type":"EntryPoint","urlTemplate":"https:\/\/hearstpower.com\/?s={search_term_string}"},"query-input":{"@type":"PropertyValueSpecification","valueRequired":true,"valueName":"search_term_string"}}],"inLanguage":"fr-CA"},{"@type":"Organization","@id":"https:\/\/hearstpower.com\/#organization","name":"Corporation de distribution \u00e9lectrique de Hearst","alternateName":"Corporation de distribution \u00e9lectrique de Hearst","url":"https:\/\/hearstpower.com\/","logo":{"@type":"ImageObject","inLanguage":"fr-CA","@id":"https:\/\/hearstpower.com\/#\/schema\/logo\/image\/","url":"https:\/\/www.hearstpower.com\/wp-content\/uploads\/2023\/08\/Logo_tiny.png","contentUrl":"https:\/\/www.hearstpower.com\/wp-content\/uploads\/2023\/08\/Logo_tiny.png","width":1028,"height":208,"caption":"Hearst Power Distribution"},"image":{"@id":"https:\/\/hearstpower.com\/#\/schema\/logo\/image\/"},"sameAs":["https:\/\/www.facebook.com\/profile.php?id=100030703347012"]}]}},"_links":{"self":[{"href":"https:\/\/hearstpower.com\/fr\/wp-json\/wp\/v2\/pages\/2438","targetHints":{"allow":["GET"]}}],"collection":[{"href":"https:\/\/hearstpower.com\/fr\/wp-json\/wp\/v2\/pages"}],"about":[{"href":"https:\/\/hearstpower.com\/fr\/wp-json\/wp\/v2\/types\/page"}],"author":[{"embeddable":true,"href":"https:\/\/hearstpower.com\/fr\/wp-json\/wp\/v2\/users\/2"}],"replies":[{"embeddable":true,"href":"https:\/\/hearstpower.com\/fr\/wp-json\/wp\/v2\/comments?post=2438"}],"version-history":[{"count":2,"href":"https:\/\/hearstpower.com\/fr\/wp-json\/wp\/v2\/pages\/2438\/revisions"}],"predecessor-version":[{"id":2441,"href":"https:\/\/hearstpower.com\/fr\/wp-json\/wp\/v2\/pages\/2438\/revisions\/2441"}],"wp:attachment":[{"href":"https:\/\/hearstpower.com\/fr\/wp-json\/wp\/v2\/media?parent=2438"}],"curies":[{"name":"wp","href":"https:\/\/api.w.org\/{rel}","templated":true}]}}