{"id":2410,"date":"2023-05-25T18:39:01","date_gmt":"2023-05-25T18:39:01","guid":{"rendered":"https:\/\/hearstpower.com\/?page_id=2410"},"modified":"2023-05-25T18:40:20","modified_gmt":"2023-05-25T18:40:20","slug":"2410-2","status":"publish","type":"page","link":"https:\/\/hearstpower.com\/fr\/2410-2\/","title":{"rendered":"Options de paiement"},"content":{"rendered":"<div class=\"fusion-fullwidth fullwidth-box fusion-builder-row-1 fusion-flex-container nonhundred-percent-fullwidth non-hundred-percent-height-scrolling\" style=\"--awb-border-radius-top-left:0px;--awb-border-radius-top-right:0px;--awb-border-radius-bottom-right:0px;--awb-border-radius-bottom-left:0px;--awb-flex-wrap:wrap;\" ><div class=\"fusion-builder-row fusion-row fusion-flex-align-items-flex-start fusion-flex-content-wrap\" style=\"max-width:1248px;margin-left: calc(-4% \/ 2 );margin-right: calc(-4% \/ 2 );\"><div class=\"fusion-layout-column fusion_builder_column fusion-builder-column-0 fusion_builder_column_1_1 1_1 fusion-flex-column\" style=\"--awb-bg-size:cover;--awb-width-large:100%;--awb-margin-top-large:0px;--awb-spacing-right-large:1.92%;--awb-margin-bottom-large:0px;--awb-spacing-left-large:1.92%;--awb-width-medium:100%;--awb-spacing-right-medium:1.92%;--awb-spacing-left-medium:1.92%;--awb-width-small:100%;--awb-spacing-right-small:1.92%;--awb-spacing-left-small:1.92%;\"><div class=\"fusion-column-wrapper fusion-flex-justify-content-flex-start fusion-content-layout-column\"><div class=\"fusion-text fusion-text-1\"><div class=\"table-1\">\n<h3 class=\"title-heading-left\">Options de paiement<\/h3>\n<p>Les options de paiement ci-dessous sont disponibles:<\/p>\n<table width=\"100%\">\n<thead>\n<tr>\n<th align=\"left\">Options de paiement<\/th>\n<th align=\"left\">Instructions<\/th>\n<\/tr>\n<\/thead>\n<tbody>\n<tr>\n<td align=\"left\">\u00c0 la plupart des institutions financi\u00e8res<\/td>\n<td align=\"left\">Comprend les paiements faits au guichet ou sur internet.  Veuillez allouer de 3 \u00e0 5 jours ouvrables pour que votre paiement nous soit remis.<\/td>\n<\/tr>\n<tr>\n<td align=\"left\">Paiements pr\u00e9-autoris\u00e9s<\/td>\n<td align=\"left\">\n<p>C\u2019est la m\u00e9thode de paiement la plus commode.  Vous n\u2019aurez jamais \u00e0 vous soucier d\u2019\u00eatre en retard ou de manquer un paiement.<\/p>\n<p><strong><a href=\"http:\/\/hearstpower.com\/hpdc\/wp-content\/uploads\/AuthorizationForDebit.pdf\">Formulaire de paiement pr\u00e9-autoris\u00e9<\/a><\/strong><\/p>\n<\/td>\n<\/tr>\n<tr>\n<td align=\"left\">D\u00e9p\u00f4ts de nuit<\/td>\n<td align=\"left\">Un casier pour d\u00e9p\u00f4t de nuit est disponible pr\u00e8s de la porte d\u2019entr\u00e9e de nos bureaux pour y d\u00e9poser vos paiements en dehors des heures r\u00e9guli\u00e8res d\u2019ouverture.<\/td>\n<\/tr>\n<tr>\n<td align=\"left\">En personne<\/td>\n<td align=\"left\">\n<p>Vous pouvez effectuer votre paiement \u00e0 notre bureau, de 9h00 \u00e0 16h30, du lundi au vendredi.  Nous acceptons les paiements comptants, par carte de d\u00e9bit ou par ch\u00e8que.  Notre bureau est situ\u00e9 au:<\/p>\n<p style=\"text-align: left;\"><span style=\"color: #3366ff;\"><span style=\"color: #336699;\"><strong>Corporation de distribution \u00e9lectrique de Hearst<br \/>925 Rue Alexandra, Hearst, Ontario<\/strong><\/span><\/span><\/p>\n<\/td>\n<\/tr>\n<tr>\n<td align=\"left\">Par la poste<\/td>\n<td align=\"left\">\n<p>Vous pouvez envoyer un ch\u00e8que ou mandat de poste \u00e0:<\/p>\n<p style=\"text-align: left;\"><span style=\"color: #3366ff;\"><span style=\"color: #336699;\"><strong>Corporation de distribution \u00e9lectrique de Hearst<br \/>Sac Postal 5000<br \/>Hearst, Ontario<br \/>P0L 1N0<\/strong><\/span><\/span><\/p>\n<\/td>\n<\/tr>\n<tr>\n<td align=\"left\">Par carte de cr\u00e9dit<\/td>\n<td align=\"left\">Payez votre facture <a href=\"https:\/\/ipn.paymentus.com\/rotp\/hpd\">en ligne<\/a> avec votre carte Visa ou Mastercard, ou en appelant la Corporation de distribution \u00e9lectrique de Hearst au 705-372-2815.  Les paiements sont g\u00e9r\u00e9s par notre partenaire Paymentus, qui per\u00e7oit des frais de 1,75% par transaction.<\/td>\n<\/tr>\n<\/tbody>\n<\/table>\n<\/div>\n<\/div><\/div><\/div><\/div><\/div>","protected":false},"excerpt":{"rendered":"","protected":false},"author":2,"featured_media":0,"parent":0,"menu_order":0,"comment_status":"closed","ping_status":"closed","template":"100-width.php","meta":{"iawp_total_views":5,"footnotes":""},"class_list":["post-2410","page","type-page","status-publish","hentry"],"yoast_head":"<!-- This site is optimized with the Yoast SEO plugin v27.3 - https:\/\/yoast.com\/product\/yoast-seo-wordpress\/ -->\n<title>Payment Options - Hearst Power Distribution Company Ltd.<\/title>\n<meta name=\"robots\" content=\"index, follow, max-snippet:-1, max-image-preview:large, max-video-preview:-1\" \/>\n<link rel=\"canonical\" href=\"https:\/\/hearstpower.com\/fr\/2410-2\/\" \/>\n<meta property=\"og:locale\" content=\"fr_CA\" \/>\n<meta property=\"og:type\" content=\"article\" \/>\n<meta property=\"og:title\" content=\"Payment Options - Hearst Power Distribution Company Ltd.\" \/>\n<meta property=\"og:url\" content=\"https:\/\/hearstpower.com\/fr\/2410-2\/\" \/>\n<meta property=\"og:site_name\" content=\"Hearst Power Distribution Company Ltd.\" \/>\n<meta property=\"article:publisher\" content=\"https:\/\/www.facebook.com\/profile.php?id=100030703347012\" \/>\n<meta property=\"article:modified_time\" content=\"2023-05-25T18:40:20+00:00\" \/>\n<meta property=\"og:image\" content=\"https:\/\/hearstpower.com\/wp-content\/uploads\/2023\/08\/Logo_tiny.png\" \/>\n\t<meta property=\"og:image:width\" content=\"1028\" \/>\n\t<meta property=\"og:image:height\" content=\"208\" \/>\n\t<meta property=\"og:image:type\" content=\"image\/png\" \/>\n<meta name=\"twitter:card\" content=\"summary_large_image\" \/>\n<meta name=\"twitter:label1\" content=\"Estimation du temps de lecture\" \/>\n\t<meta name=\"twitter:data1\" content=\"1 minute\" \/>\n<script type=\"application\/ld+json\" class=\"yoast-schema-graph\">{\"@context\":\"https:\\\/\\\/schema.org\",\"@graph\":[{\"@type\":\"WebPage\",\"@id\":\"https:\\\/\\\/hearstpower.com\\\/2410-2\\\/\",\"url\":\"https:\\\/\\\/hearstpower.com\\\/2410-2\\\/\",\"name\":\"Payment Options - Hearst Power Distribution Company Ltd.\",\"isPartOf\":{\"@id\":\"https:\\\/\\\/hearstpower.com\\\/#website\"},\"datePublished\":\"2023-05-25T18:39:01+00:00\",\"dateModified\":\"2023-05-25T18:40:20+00:00\",\"breadcrumb\":{\"@id\":\"https:\\\/\\\/hearstpower.com\\\/2410-2\\\/#breadcrumb\"},\"inLanguage\":\"fr-CA\",\"potentialAction\":[{\"@type\":\"ReadAction\",\"target\":[\"https:\\\/\\\/hearstpower.com\\\/2410-2\\\/\"]}]},{\"@type\":\"BreadcrumbList\",\"@id\":\"https:\\\/\\\/hearstpower.com\\\/2410-2\\\/#breadcrumb\",\"itemListElement\":[{\"@type\":\"ListItem\",\"position\":1,\"name\":\"Home\",\"item\":\"https:\\\/\\\/hearstpower.com\\\/\"},{\"@type\":\"ListItem\",\"position\":2,\"name\":\"Payment Options\"}]},{\"@type\":\"WebSite\",\"@id\":\"https:\\\/\\\/hearstpower.com\\\/#website\",\"url\":\"https:\\\/\\\/hearstpower.com\\\/\",\"name\":\"Hearst Power Distribution Company Ltd.\",\"description\":\"Hearst Power\",\"publisher\":{\"@id\":\"https:\\\/\\\/hearstpower.com\\\/#organization\"},\"potentialAction\":[{\"@type\":\"SearchAction\",\"target\":{\"@type\":\"EntryPoint\",\"urlTemplate\":\"https:\\\/\\\/hearstpower.com\\\/?s={search_term_string}\"},\"query-input\":{\"@type\":\"PropertyValueSpecification\",\"valueRequired\":true,\"valueName\":\"search_term_string\"}}],\"inLanguage\":\"fr-CA\"},{\"@type\":\"Organization\",\"@id\":\"https:\\\/\\\/hearstpower.com\\\/#organization\",\"name\":\"Hearst Power Distribution\",\"alternateName\":\"Corporation de distribution \u00e9lectrique de Hearst\",\"url\":\"https:\\\/\\\/hearstpower.com\\\/\",\"logo\":{\"@type\":\"ImageObject\",\"inLanguage\":\"fr-CA\",\"@id\":\"https:\\\/\\\/hearstpower.com\\\/#\\\/schema\\\/logo\\\/image\\\/\",\"url\":\"https:\\\/\\\/www.hearstpower.com\\\/wp-content\\\/uploads\\\/2023\\\/08\\\/Logo_tiny.png\",\"contentUrl\":\"https:\\\/\\\/www.hearstpower.com\\\/wp-content\\\/uploads\\\/2023\\\/08\\\/Logo_tiny.png\",\"width\":1028,\"height\":208,\"caption\":\"Hearst Power Distribution\"},\"image\":{\"@id\":\"https:\\\/\\\/hearstpower.com\\\/#\\\/schema\\\/logo\\\/image\\\/\"},\"sameAs\":[\"https:\\\/\\\/www.facebook.com\\\/profile.php?id=100030703347012\"]}]}<\/script>\n<!-- \/ Yoast SEO plugin. -->","yoast_head_json":{"title":"Payment Options - Hearst Power Distribution Company Ltd.","robots":{"index":"index","follow":"follow","max-snippet":"max-snippet:-1","max-image-preview":"max-image-preview:large","max-video-preview":"max-video-preview:-1"},"canonical":"https:\/\/hearstpower.com\/fr\/2410-2\/","og_locale":"fr_CA","og_type":"article","og_title":"Payment Options - Hearst Power Distribution Company Ltd.","og_url":"https:\/\/hearstpower.com\/fr\/2410-2\/","og_site_name":"Hearst Power Distribution Company Ltd.","article_publisher":"https:\/\/www.facebook.com\/profile.php?id=100030703347012","article_modified_time":"2023-05-25T18:40:20+00:00","og_image":[{"width":1028,"height":208,"url":"https:\/\/hearstpower.com\/wp-content\/uploads\/2023\/08\/Logo_tiny.png","type":"image\/png"}],"twitter_card":"summary_large_image","twitter_misc":{"Estimation du temps de lecture":"1 minute"},"schema":{"@context":"https:\/\/schema.org","@graph":[{"@type":"WebPage","@id":"https:\/\/hearstpower.com\/2410-2\/","url":"https:\/\/hearstpower.com\/2410-2\/","name":"Payment Options - Hearst Power Distribution Company Ltd.","isPartOf":{"@id":"https:\/\/hearstpower.com\/#website"},"datePublished":"2023-05-25T18:39:01+00:00","dateModified":"2023-05-25T18:40:20+00:00","breadcrumb":{"@id":"https:\/\/hearstpower.com\/2410-2\/#breadcrumb"},"inLanguage":"fr-CA","potentialAction":[{"@type":"ReadAction","target":["https:\/\/hearstpower.com\/2410-2\/"]}]},{"@type":"BreadcrumbList","@id":"https:\/\/hearstpower.com\/2410-2\/#breadcrumb","itemListElement":[{"@type":"ListItem","position":1,"name":"Home","item":"https:\/\/hearstpower.com\/"},{"@type":"ListItem","position":2,"name":"Payment Options"}]},{"@type":"WebSite","@id":"https:\/\/hearstpower.com\/#website","url":"https:\/\/hearstpower.com\/","name":"Hearst Power Distribution Company Ltd.","description":"Hearst Power","publisher":{"@id":"https:\/\/hearstpower.com\/#organization"},"potentialAction":[{"@type":"SearchAction","target":{"@type":"EntryPoint","urlTemplate":"https:\/\/hearstpower.com\/?s={search_term_string}"},"query-input":{"@type":"PropertyValueSpecification","valueRequired":true,"valueName":"search_term_string"}}],"inLanguage":"fr-CA"},{"@type":"Organization","@id":"https:\/\/hearstpower.com\/#organization","name":"Corporation de distribution \u00e9lectrique de Hearst","alternateName":"Corporation de distribution \u00e9lectrique de Hearst","url":"https:\/\/hearstpower.com\/","logo":{"@type":"ImageObject","inLanguage":"fr-CA","@id":"https:\/\/hearstpower.com\/#\/schema\/logo\/image\/","url":"https:\/\/www.hearstpower.com\/wp-content\/uploads\/2023\/08\/Logo_tiny.png","contentUrl":"https:\/\/www.hearstpower.com\/wp-content\/uploads\/2023\/08\/Logo_tiny.png","width":1028,"height":208,"caption":"Hearst Power Distribution"},"image":{"@id":"https:\/\/hearstpower.com\/#\/schema\/logo\/image\/"},"sameAs":["https:\/\/www.facebook.com\/profile.php?id=100030703347012"]}]}},"_links":{"self":[{"href":"https:\/\/hearstpower.com\/fr\/wp-json\/wp\/v2\/pages\/2410","targetHints":{"allow":["GET"]}}],"collection":[{"href":"https:\/\/hearstpower.com\/fr\/wp-json\/wp\/v2\/pages"}],"about":[{"href":"https:\/\/hearstpower.com\/fr\/wp-json\/wp\/v2\/types\/page"}],"author":[{"embeddable":true,"href":"https:\/\/hearstpower.com\/fr\/wp-json\/wp\/v2\/users\/2"}],"replies":[{"embeddable":true,"href":"https:\/\/hearstpower.com\/fr\/wp-json\/wp\/v2\/comments?post=2410"}],"version-history":[{"count":3,"href":"https:\/\/hearstpower.com\/fr\/wp-json\/wp\/v2\/pages\/2410\/revisions"}],"predecessor-version":[{"id":2413,"href":"https:\/\/hearstpower.com\/fr\/wp-json\/wp\/v2\/pages\/2410\/revisions\/2413"}],"wp:attachment":[{"href":"https:\/\/hearstpower.com\/fr\/wp-json\/wp\/v2\/media?parent=2410"}],"curies":[{"name":"wp","href":"https:\/\/api.w.org\/{rel}","templated":true}]}}