{"id":2310,"date":"2023-05-17T20:32:13","date_gmt":"2023-05-17T20:32:13","guid":{"rendered":"https:\/\/hearstpower.com\/?page_id=2310"},"modified":"2025-12-16T16:57:12","modified_gmt":"2025-12-16T16:57:12","slug":"conditions-of-service-hearst-power","status":"publish","type":"page","link":"https:\/\/hearstpower.com\/fr\/conditions-of-service-hearst-power\/","title":{"rendered":"Conditions de service"},"content":{"rendered":"<div class=\"fusion-fullwidth fullwidth-box fusion-builder-row-1 fusion-flex-container nonhundred-percent-fullwidth non-hundred-percent-height-scrolling\" style=\"--awb-border-radius-top-left:0px;--awb-border-radius-top-right:0px;--awb-border-radius-bottom-right:0px;--awb-border-radius-bottom-left:0px;--awb-flex-wrap:wrap;\" ><div class=\"fusion-builder-row fusion-row fusion-flex-align-items-flex-start fusion-flex-content-wrap\" style=\"max-width:1248px;margin-left: calc(-4% \/ 2 );margin-right: calc(-4% \/ 2 );\"><div class=\"fusion-layout-column fusion_builder_column fusion-builder-column-0 fusion_builder_column_1_1 1_1 fusion-flex-column\" style=\"--awb-bg-blend:overlay;--awb-bg-size:cover;--awb-width-large:100%;--awb-margin-top-large:0px;--awb-spacing-right-large:1.92%;--awb-margin-bottom-large:0px;--awb-spacing-left-large:1.92%;--awb-width-medium:100%;--awb-spacing-right-medium:1.92%;--awb-spacing-left-medium:1.92%;--awb-width-small:100%;--awb-spacing-right-small:1.92%;--awb-spacing-left-small:1.92%;\"><div class=\"fusion-column-wrapper fusion-flex-justify-content-flex-start fusion-content-layout-column\"><div class=\"fusion-text fusion-text-1\"><h3 data-fontsize=\"36\" style=\"--fontSize: 36; line-height: 1.2;\" data-lineheight=\"43.2px\" class=\"fusion-responsive-typography-calculated\"><img decoding=\"async\" class=\"lazyload wp-image-2389 alignright\" src=\"https:\/\/www.hearstpower.com\/wp-content\/uploads\/2023\/05\/PUC-104.png\" data-orig-src=\"https:\/\/www.hearstpower.com\/wp-content\/uploads\/2023\/05\/PUC-104.png\" alt=\"\" width=\"375\" height=\"251\" srcset=\"data:image\/svg+xml,%3Csvg%20xmlns%3D%27http%3A%2F%2Fwww.w3.org%2F2000%2Fsvg%27%20width%3D%27375%27%20height%3D%27251%27%20viewBox%3D%270%200%20375%20251%27%3E%3Crect%20width%3D%27375%27%20height%3D%27251%27%20fill-opacity%3D%220%22%2F%3E%3C%2Fsvg%3E\" data-srcset=\"https:\/\/hearstpower.com\/wp-content\/uploads\/2023\/05\/PUC-104-18x12.png 18w, https:\/\/hearstpower.com\/wp-content\/uploads\/2023\/05\/PUC-104-200x134.png 200w, https:\/\/hearstpower.com\/wp-content\/uploads\/2023\/05\/PUC-104-300x200.png 300w, https:\/\/hearstpower.com\/wp-content\/uploads\/2023\/05\/PUC-104-400x267.png 400w, https:\/\/hearstpower.com\/wp-content\/uploads\/2023\/05\/PUC-104-600x401.png 600w, https:\/\/hearstpower.com\/wp-content\/uploads\/2023\/05\/PUC-104-768x513.png 768w, https:\/\/hearstpower.com\/wp-content\/uploads\/2023\/05\/PUC-104-800x534.png 800w, https:\/\/hearstpower.com\/wp-content\/uploads\/2023\/05\/PUC-104.png 1000w\" data-sizes=\"auto\" data-orig-sizes=\"(max-width: 375px) 100vw, 375px\" \/><\/h3>\n<h3 data-fontsize=\"36\" style=\"--fontSize: 36; line-height: 1.2;\" data-lineheight=\"43.2px\" class=\"fusion-responsive-typography-calculated\">Conditions of Service<\/h3>\n<p>Les conditions de service de la Corporation de distribution \u00e9lectrique de Hearst d\u00e9crivent bri\u00e8vement les services que nous offrons, nous permettant ainsi de nous assurer que tous nos clients soient trait\u00e9s d\u2019une fa\u00e7on uniforme et \u00e9quitable. Elles renferment des renseignements sur les dispositions r\u00e9glementaires relatives aux services d\u2019alimentation \u00e9lectrique et les directives concernant les installations et les inspections.<\/p>\n<p>Pour obtenir plus de renseignements, veuillez lire le document relatif \u00e0 nos <a href=\"https:\/\/hearstpower.com\/wp-content\/uploads\/2025\/12\/Conditions-of-Service_Rev-Dec-2025.pdf\">conditions de service ( en anglais seulement)<\/a>.<\/p><\/p>\n<\/div><\/div><\/div><\/div><\/div>","protected":false},"excerpt":{"rendered":"","protected":false},"author":2,"featured_media":0,"parent":0,"menu_order":0,"comment_status":"closed","ping_status":"closed","template":"100-width.php","meta":{"iawp_total_views":45,"footnotes":""},"class_list":["post-2310","page","type-page","status-publish","hentry"],"yoast_head":"<!-- This site is optimized with the Yoast SEO plugin v27.3 - https:\/\/yoast.com\/product\/yoast-seo-wordpress\/ -->\n<title>Conditions Of Service - Hearst Power Distribution Company Ltd.<\/title>\n<meta name=\"description\" content=\"Hearst Power Distribution Company Limited\u2019s Conditions of Service outline the services provided, ensuring fair and consistent treatment to all customers. Les conditions de service de la Corporation de distribution \u00e9lectrique de Hearst d\u00e9crivent bri\u00e8vement les services que nous offrons, nous permettant ainsi de nous assurer que tous nos clients soient trait\u00e9s d\u2019une fa\u00e7on uniforme et \u00e9quitable.\" \/>\n<meta name=\"robots\" content=\"index, follow, max-snippet:-1, max-image-preview:large, max-video-preview:-1\" \/>\n<link rel=\"canonical\" href=\"https:\/\/hearstpower.com\/fr\/conditions-of-service-hearst-power\/\" \/>\n<meta property=\"og:locale\" content=\"fr_CA\" \/>\n<meta property=\"og:type\" content=\"article\" \/>\n<meta property=\"og:title\" content=\"Conditions Of Service - Hearst Power Distribution Company Ltd.\" \/>\n<meta property=\"og:description\" content=\"Hearst Power Distribution Company Limited\u2019s Conditions of Service outline the services provided, ensuring fair and consistent treatment to all customers. Les conditions de service de la Corporation de distribution \u00e9lectrique de Hearst d\u00e9crivent bri\u00e8vement les services que nous offrons, nous permettant ainsi de nous assurer que tous nos clients soient trait\u00e9s d\u2019une fa\u00e7on uniforme et \u00e9quitable.\" \/>\n<meta property=\"og:url\" content=\"https:\/\/hearstpower.com\/fr\/conditions-of-service-hearst-power\/\" \/>\n<meta property=\"og:site_name\" content=\"Hearst Power Distribution Company Ltd.\" \/>\n<meta property=\"article:publisher\" content=\"https:\/\/www.facebook.com\/profile.php?id=100030703347012\" \/>\n<meta property=\"article:modified_time\" content=\"2025-12-16T16:57:12+00:00\" \/>\n<meta property=\"og:image\" content=\"https:\/\/hearstpower.com\/wp-content\/uploads\/2023\/05\/PUC-104.png\" \/>\n\t<meta property=\"og:image:width\" content=\"1000\" \/>\n\t<meta property=\"og:image:height\" content=\"668\" \/>\n\t<meta property=\"og:image:type\" content=\"image\/png\" \/>\n<meta name=\"twitter:card\" content=\"summary_large_image\" \/>\n<meta name=\"twitter:label1\" content=\"Estimation du temps de lecture\" \/>\n\t<meta name=\"twitter:data1\" content=\"1 minute\" \/>\n<script type=\"application\/ld+json\" class=\"yoast-schema-graph\">{\"@context\":\"https:\\\/\\\/schema.org\",\"@graph\":[{\"@type\":\"WebPage\",\"@id\":\"https:\\\/\\\/hearstpower.com\\\/conditions-of-service-hearst-power\\\/\",\"url\":\"https:\\\/\\\/hearstpower.com\\\/conditions-of-service-hearst-power\\\/\",\"name\":\"Conditions Of Service - Hearst Power Distribution Company Ltd.\",\"isPartOf\":{\"@id\":\"https:\\\/\\\/hearstpower.com\\\/#website\"},\"primaryImageOfPage\":{\"@id\":\"https:\\\/\\\/hearstpower.com\\\/conditions-of-service-hearst-power\\\/#primaryimage\"},\"image\":{\"@id\":\"https:\\\/\\\/hearstpower.com\\\/conditions-of-service-hearst-power\\\/#primaryimage\"},\"thumbnailUrl\":\"https:\\\/\\\/www.hearstpower.com\\\/wp-content\\\/uploads\\\/2023\\\/05\\\/PUC-104.png\",\"datePublished\":\"2023-05-17T20:32:13+00:00\",\"dateModified\":\"2025-12-16T16:57:12+00:00\",\"description\":\"Hearst Power Distribution Company Limited\u2019s Conditions of Service outline the services provided, ensuring fair and consistent treatment to all customers. Les conditions de service de la Corporation de distribution \u00e9lectrique de Hearst d\u00e9crivent bri\u00e8vement les services que nous offrons, nous permettant ainsi de nous assurer que tous nos clients soient trait\u00e9s d\u2019une fa\u00e7on uniforme et \u00e9quitable.\",\"breadcrumb\":{\"@id\":\"https:\\\/\\\/hearstpower.com\\\/conditions-of-service-hearst-power\\\/#breadcrumb\"},\"inLanguage\":\"fr-CA\",\"potentialAction\":[{\"@type\":\"ReadAction\",\"target\":[\"https:\\\/\\\/hearstpower.com\\\/conditions-of-service-hearst-power\\\/\"]}]},{\"@type\":\"ImageObject\",\"inLanguage\":\"fr-CA\",\"@id\":\"https:\\\/\\\/hearstpower.com\\\/conditions-of-service-hearst-power\\\/#primaryimage\",\"url\":\"https:\\\/\\\/www.hearstpower.com\\\/wp-content\\\/uploads\\\/2023\\\/05\\\/PUC-104.png\",\"contentUrl\":\"https:\\\/\\\/www.hearstpower.com\\\/wp-content\\\/uploads\\\/2023\\\/05\\\/PUC-104.png\"},{\"@type\":\"BreadcrumbList\",\"@id\":\"https:\\\/\\\/hearstpower.com\\\/conditions-of-service-hearst-power\\\/#breadcrumb\",\"itemListElement\":[{\"@type\":\"ListItem\",\"position\":1,\"name\":\"Home\",\"item\":\"https:\\\/\\\/hearstpower.com\\\/\"},{\"@type\":\"ListItem\",\"position\":2,\"name\":\"Conditions Of Service\"}]},{\"@type\":\"WebSite\",\"@id\":\"https:\\\/\\\/hearstpower.com\\\/#website\",\"url\":\"https:\\\/\\\/hearstpower.com\\\/\",\"name\":\"Hearst Power Distribution Company Ltd.\",\"description\":\"Hearst Power\",\"publisher\":{\"@id\":\"https:\\\/\\\/hearstpower.com\\\/#organization\"},\"potentialAction\":[{\"@type\":\"SearchAction\",\"target\":{\"@type\":\"EntryPoint\",\"urlTemplate\":\"https:\\\/\\\/hearstpower.com\\\/?s={search_term_string}\"},\"query-input\":{\"@type\":\"PropertyValueSpecification\",\"valueRequired\":true,\"valueName\":\"search_term_string\"}}],\"inLanguage\":\"fr-CA\"},{\"@type\":\"Organization\",\"@id\":\"https:\\\/\\\/hearstpower.com\\\/#organization\",\"name\":\"Hearst Power Distribution\",\"alternateName\":\"Corporation de distribution \u00e9lectrique de Hearst\",\"url\":\"https:\\\/\\\/hearstpower.com\\\/\",\"logo\":{\"@type\":\"ImageObject\",\"inLanguage\":\"fr-CA\",\"@id\":\"https:\\\/\\\/hearstpower.com\\\/#\\\/schema\\\/logo\\\/image\\\/\",\"url\":\"https:\\\/\\\/www.hearstpower.com\\\/wp-content\\\/uploads\\\/2023\\\/08\\\/Logo_tiny.png\",\"contentUrl\":\"https:\\\/\\\/www.hearstpower.com\\\/wp-content\\\/uploads\\\/2023\\\/08\\\/Logo_tiny.png\",\"width\":1028,\"height\":208,\"caption\":\"Hearst Power Distribution\"},\"image\":{\"@id\":\"https:\\\/\\\/hearstpower.com\\\/#\\\/schema\\\/logo\\\/image\\\/\"},\"sameAs\":[\"https:\\\/\\\/www.facebook.com\\\/profile.php?id=100030703347012\"]}]}<\/script>\n<!-- \/ Yoast SEO plugin. -->","yoast_head_json":{"title":"Conditions Of Service - Hearst Power Distribution Company Ltd.","description":"Hearst Power Distribution Company Limited\u2019s Conditions of Service outline the services provided, ensuring fair and consistent treatment to all customers. Les conditions de service de la Corporation de distribution \u00e9lectrique de Hearst d\u00e9crivent bri\u00e8vement les services que nous offrons, nous permettant ainsi de nous assurer que tous nos clients soient trait\u00e9s d\u2019une fa\u00e7on uniforme et \u00e9quitable.","robots":{"index":"index","follow":"follow","max-snippet":"max-snippet:-1","max-image-preview":"max-image-preview:large","max-video-preview":"max-video-preview:-1"},"canonical":"https:\/\/hearstpower.com\/fr\/conditions-of-service-hearst-power\/","og_locale":"fr_CA","og_type":"article","og_title":"Conditions Of Service - Hearst Power Distribution Company Ltd.","og_description":"Hearst Power Distribution Company Limited\u2019s Conditions of Service outline the services provided, ensuring fair and consistent treatment to all customers. Les conditions de service de la Corporation de distribution \u00e9lectrique de Hearst d\u00e9crivent bri\u00e8vement les services que nous offrons, nous permettant ainsi de nous assurer que tous nos clients soient trait\u00e9s d\u2019une fa\u00e7on uniforme et \u00e9quitable.","og_url":"https:\/\/hearstpower.com\/fr\/conditions-of-service-hearst-power\/","og_site_name":"Hearst Power Distribution Company Ltd.","article_publisher":"https:\/\/www.facebook.com\/profile.php?id=100030703347012","article_modified_time":"2025-12-16T16:57:12+00:00","og_image":[{"width":1000,"height":668,"url":"https:\/\/hearstpower.com\/wp-content\/uploads\/2023\/05\/PUC-104.png","type":"image\/png"}],"twitter_card":"summary_large_image","twitter_misc":{"Estimation du temps de lecture":"1 minute"},"schema":{"@context":"https:\/\/schema.org","@graph":[{"@type":"WebPage","@id":"https:\/\/hearstpower.com\/conditions-of-service-hearst-power\/","url":"https:\/\/hearstpower.com\/conditions-of-service-hearst-power\/","name":"Conditions Of Service - Hearst Power Distribution Company Ltd.","isPartOf":{"@id":"https:\/\/hearstpower.com\/#website"},"primaryImageOfPage":{"@id":"https:\/\/hearstpower.com\/conditions-of-service-hearst-power\/#primaryimage"},"image":{"@id":"https:\/\/hearstpower.com\/conditions-of-service-hearst-power\/#primaryimage"},"thumbnailUrl":"https:\/\/www.hearstpower.com\/wp-content\/uploads\/2023\/05\/PUC-104.png","datePublished":"2023-05-17T20:32:13+00:00","dateModified":"2025-12-16T16:57:12+00:00","description":"Hearst Power Distribution Company Limited\u2019s Conditions of Service outline the services provided, ensuring fair and consistent treatment to all customers. Les conditions de service de la Corporation de distribution \u00e9lectrique de Hearst d\u00e9crivent bri\u00e8vement les services que nous offrons, nous permettant ainsi de nous assurer que tous nos clients soient trait\u00e9s d\u2019une fa\u00e7on uniforme et \u00e9quitable.","breadcrumb":{"@id":"https:\/\/hearstpower.com\/conditions-of-service-hearst-power\/#breadcrumb"},"inLanguage":"fr-CA","potentialAction":[{"@type":"ReadAction","target":["https:\/\/hearstpower.com\/conditions-of-service-hearst-power\/"]}]},{"@type":"ImageObject","inLanguage":"fr-CA","@id":"https:\/\/hearstpower.com\/conditions-of-service-hearst-power\/#primaryimage","url":"https:\/\/www.hearstpower.com\/wp-content\/uploads\/2023\/05\/PUC-104.png","contentUrl":"https:\/\/www.hearstpower.com\/wp-content\/uploads\/2023\/05\/PUC-104.png"},{"@type":"BreadcrumbList","@id":"https:\/\/hearstpower.com\/conditions-of-service-hearst-power\/#breadcrumb","itemListElement":[{"@type":"ListItem","position":1,"name":"Home","item":"https:\/\/hearstpower.com\/"},{"@type":"ListItem","position":2,"name":"Conditions Of Service"}]},{"@type":"WebSite","@id":"https:\/\/hearstpower.com\/#website","url":"https:\/\/hearstpower.com\/","name":"Hearst Power Distribution Company Ltd.","description":"Hearst Power","publisher":{"@id":"https:\/\/hearstpower.com\/#organization"},"potentialAction":[{"@type":"SearchAction","target":{"@type":"EntryPoint","urlTemplate":"https:\/\/hearstpower.com\/?s={search_term_string}"},"query-input":{"@type":"PropertyValueSpecification","valueRequired":true,"valueName":"search_term_string"}}],"inLanguage":"fr-CA"},{"@type":"Organization","@id":"https:\/\/hearstpower.com\/#organization","name":"Corporation de distribution \u00e9lectrique de Hearst","alternateName":"Corporation de distribution \u00e9lectrique de Hearst","url":"https:\/\/hearstpower.com\/","logo":{"@type":"ImageObject","inLanguage":"fr-CA","@id":"https:\/\/hearstpower.com\/#\/schema\/logo\/image\/","url":"https:\/\/www.hearstpower.com\/wp-content\/uploads\/2023\/08\/Logo_tiny.png","contentUrl":"https:\/\/www.hearstpower.com\/wp-content\/uploads\/2023\/08\/Logo_tiny.png","width":1028,"height":208,"caption":"Hearst Power Distribution"},"image":{"@id":"https:\/\/hearstpower.com\/#\/schema\/logo\/image\/"},"sameAs":["https:\/\/www.facebook.com\/profile.php?id=100030703347012"]}]}},"_links":{"self":[{"href":"https:\/\/hearstpower.com\/fr\/wp-json\/wp\/v2\/pages\/2310","targetHints":{"allow":["GET"]}}],"collection":[{"href":"https:\/\/hearstpower.com\/fr\/wp-json\/wp\/v2\/pages"}],"about":[{"href":"https:\/\/hearstpower.com\/fr\/wp-json\/wp\/v2\/types\/page"}],"author":[{"embeddable":true,"href":"https:\/\/hearstpower.com\/fr\/wp-json\/wp\/v2\/users\/2"}],"replies":[{"embeddable":true,"href":"https:\/\/hearstpower.com\/fr\/wp-json\/wp\/v2\/comments?post=2310"}],"version-history":[{"count":13,"href":"https:\/\/hearstpower.com\/fr\/wp-json\/wp\/v2\/pages\/2310\/revisions"}],"predecessor-version":[{"id":3715,"href":"https:\/\/hearstpower.com\/fr\/wp-json\/wp\/v2\/pages\/2310\/revisions\/3715"}],"wp:attachment":[{"href":"https:\/\/hearstpower.com\/fr\/wp-json\/wp\/v2\/media?parent=2310"}],"curies":[{"name":"wp","href":"https:\/\/api.w.org\/{rel}","templated":true}]}}