{"id":2307,"date":"2023-05-17T20:27:20","date_gmt":"2023-05-17T20:27:20","guid":{"rendered":"https:\/\/hearstpower.com\/?page_id=2307"},"modified":"2023-08-24T15:09:25","modified_gmt":"2023-08-24T15:09:25","slug":"paying-your-bill-hearst-power","status":"publish","type":"page","link":"https:\/\/hearstpower.com\/fr\/paying-your-bill-hearst-power\/","title":{"rendered":"Payer votre facture"},"content":{"rendered":"<p><div class=\"fusion-fullwidth fullwidth-box fusion-builder-row-1 fusion-flex-container nonhundred-percent-fullwidth non-hundred-percent-height-scrolling\" style=\"--awb-border-radius-top-left:0px;--awb-border-radius-top-right:0px;--awb-border-radius-bottom-right:0px;--awb-border-radius-bottom-left:0px;--awb-padding-bottom:71px;--awb-flex-wrap:wrap;\" ><div class=\"fusion-builder-row fusion-row fusion-flex-align-items-flex-start fusion-flex-content-wrap\" style=\"max-width:1248px;margin-left: calc(-4% \/ 2 );margin-right: calc(-4% \/ 2 );\"><div class=\"fusion-layout-column fusion_builder_column fusion-builder-column-0 fusion_builder_column_1_1 1_1 fusion-flex-column\" style=\"--awb-bg-blend:overlay;--awb-bg-size:cover;--awb-width-large:100%;--awb-margin-top-large:0px;--awb-spacing-right-large:1.92%;--awb-margin-bottom-large:0px;--awb-spacing-left-large:1.92%;--awb-width-medium:100%;--awb-spacing-right-medium:1.92%;--awb-spacing-left-medium:1.92%;--awb-width-small:100%;--awb-spacing-right-small:1.92%;--awb-spacing-left-small:1.92%;\"><div class=\"fusion-column-wrapper fusion-flex-justify-content-flex-start fusion-content-layout-column\"><div class=\"fusion-text fusion-text-1\"><h3><strong>Payer votre facture<\/strong><\/h3>\n<p>Les options de paiement ci-dessous sont disponibles:<\/p>\n<\/div>\n<div class=\"table-1\">\n<table width=\"100%\">\n<tbody>\n<tr>\n<td align=\"left\">\u00c0 la plupart des institutions financi\u00e8res<\/td>\n<td align=\"left\">Comprend les paiements faits au guichet ou sur internet.\u202f Veuillez allouer de 3 \u00e0 5 jours ouvrables pour que votre paiement nous soit remis.<\/td>\n<\/tr>\n<tr>\n<td align=\"left\">Paiements pr\u00e9-autoris\u00e9s<\/td>\n<td align=\"left\">C\u2019est la m\u00e9thode de paiement la plus commode.\u202f Vous n\u2019aurez jamais \u00e0 vous soucier d\u2019\u00eatre en retard ou de manquer un paiement.\u202f<\/p>\n<p><u><a href=\"\/wp-content\/uploads\/2023\/06\/AuthorizationForDebit.pdf\" target=\"_blank\" rel=\"noopener\"><strong>Formulaire de paiement pr\u00e9-autoris\u00e9 <\/strong><\/a><\/u><\/td>\n<\/tr>\n<tr>\n<td align=\"left\">D\u00e9p\u00f4ts de nuit<\/td>\n<td align=\"left\">Un casier pour d\u00e9p\u00f4t de nuit est disponible pr\u00e8s de la porte d\u2019entr\u00e9e de nos bureaux pour y d\u00e9poser vos paiements en dehors des heures r\u00e9guli\u00e8res d\u2019ouverture.<\/td>\n<\/tr>\n<tr>\n<td align=\"left\">En personne<\/td>\n<td align=\"left\">Vous pouvez effectuer votre paiement \u00e0 notre bureau, de 9h00 \u00e0 16h30, du lundi au vendredi.\u202f Nous acceptons les paiements comptants, par carte de d\u00e9bit ou par ch\u00e8que.\u202f Notre bureau est situ\u00e9 au:<\/p>\n<p><strong>Corporation de distribution \u00e9lectrique de Hearst<\/strong><strong><br \/>\n925 Rue Alexandra, Hearst, Ontario<\/strong><\/td>\n<\/tr>\n<tr>\n<td align=\"left\">Par la poste<\/td>\n<td align=\"left\">Vous pouvez envoyer un ch\u00e8que ou mandat de poste \u00e0:<\/p>\n<p><strong>Corporation de distribution \u00e9lectrique de Hearst<\/strong><strong><br \/>\nSac Postal 5000<br \/>\nHearst, Ontario<br \/>\nP0L 1N0<\/strong><\/td>\n<\/tr>\n<tr>\n<td align=\"left\">Par carte de cr\u00e9dit<\/td>\n<td align=\"left\">Payez votre facture\u00a0<b><u><a href=\"https:\/\/ipn.paymentus.com\/rotp\/hpd\" target=\"_blank\" rel=\"noopener\">en ligne<\/a><\/u><\/b>\u00a0avec votre carte Visa ou Mastercard, ou en appelant la Corporation de distribution \u00e9lectrique de Hearst au 705-372-2815.  Les paiements sont g\u00e9r\u00e9s par notre partenaire Paymentus, qui per\u00e7oit des frais de 1,75% par transaction.<\/td>\n<\/tr>\n<\/tbody>\n<\/table>\n<\/div>\n<\/div><\/div><\/div><\/div><div class=\"fusion-fullwidth fullwidth-box fusion-builder-row-2 fusion-flex-container has-pattern-background has-mask-background nonhundred-percent-fullwidth non-hundred-percent-height-scrolling\" style=\"--awb-border-radius-top-left:0px;--awb-border-radius-top-right:0px;--awb-border-radius-bottom-right:0px;--awb-border-radius-bottom-left:0px;--awb-background-color:#f4f4f4;--awb-flex-wrap:wrap;\" ><div class=\"fusion-builder-row fusion-row fusion-flex-align-items-flex-start fusion-flex-content-wrap\" style=\"max-width:1248px;margin-left: calc(-4% \/ 2 );margin-right: calc(-4% \/ 2 );\"><div class=\"fusion-layout-column fusion_builder_column fusion-builder-column-1 fusion_builder_column_1_1 1_1 fusion-flex-column\" style=\"--awb-padding-right:30px;--awb-padding-left:30px;--awb-bg-color:#f4f4f4;--awb-bg-color-hover:#f4f4f4;--awb-bg-size:cover;--awb-width-large:100%;--awb-margin-top-large:0px;--awb-spacing-right-large:1.92%;--awb-margin-bottom-large:20px;--awb-spacing-left-large:1.92%;--awb-width-medium:100%;--awb-order-medium:0;--awb-spacing-right-medium:1.92%;--awb-spacing-left-medium:1.92%;--awb-width-small:100%;--awb-order-small:0;--awb-spacing-right-small:1.92%;--awb-spacing-left-small:1.92%;\"><div class=\"fusion-column-wrapper fusion-column-has-shadow fusion-flex-justify-content-flex-start fusion-content-layout-column\"><div class=\"fusion-text fusion-text-2\"><h3>D\u00e9p\u00f4t de garantie<\/h3>\n<p>La politique de la Corporation de distribution \u00e9lectrique de Hearst sur les d\u00e9p\u00f4ts de garantie est conforme aux conditions du code des r\u00e9seaux de distribution de la Commission de l\u2019\u00c9nergie de l\u2019Ontario, assurant ainsi que les clients partout dans la province soient trait\u00e9s de fa\u00e7on uniforme et \u00e9quitable en mati\u00e8re de d\u00e9p\u00f4ts de garantie.<\/p>\n<p>En g\u00e9n\u00e9ral, tous les clients de la Corporation de distribution \u00e9lectrique doivent payer un d\u00e9p\u00f4t de garantie pour \u00e9tablir un nouveau service ou pour en assurer la continuit\u00e9.   Il existe cependant quelques exceptions \u2013 veuillez consulter la *politique sur les d\u00e9p\u00f4ts de garantie (\"\u00a0<strong><u><a href=\"\/wp-content\/uploads\/2023\/06\/Security-Deposit-Policy-EN1.pdf\" target=\"_blank\" rel=\"noopener\">Politique sur les d\u00e9p\u00f4ts de garantie<\/a><\/u><\/strong>\u00a0\u201d)  de la Corporation de distribution \u00e9lectrique de Hearst pour en apprendre davantage.<\/br><\/br>\n\n*  document disponible en anglais seulement<\/p>\n<\/div><\/div><\/div><\/div><\/div><\/p>","protected":false},"excerpt":{"rendered":"","protected":false},"author":2,"featured_media":0,"parent":0,"menu_order":0,"comment_status":"closed","ping_status":"closed","template":"100-width.php","meta":{"iawp_total_views":94,"footnotes":""},"class_list":["post-2307","page","type-page","status-publish","hentry"],"yoast_head":"<!-- This site is optimized with the Yoast SEO plugin v27.3 - https:\/\/yoast.com\/product\/yoast-seo-wordpress\/ -->\n<title>Paying Your Bill - Hearst Power Distribution Company Ltd.<\/title>\n<meta name=\"description\" content=\"Multiple payment options are available for your convenience. New customers of Hearst Power are required to provide a security deposit as a condition of supplying or continuing to supply distribution services unless enrolled in pre-authorized payments. Plusieurs options de paiements sont disponibles. Les nouveaux clients de Hearst Power sont tenus de fournir un d\u00e9p\u00f4t de garantie comme condition pour fournir ou continuer \u00e0 fournir des services de distribution, \u00e0 moins qu&#039;ils ne soient inscrits aux paiements pr\u00e9autoris\u00e9s.\" \/>\n<meta name=\"robots\" content=\"index, follow, max-snippet:-1, max-image-preview:large, max-video-preview:-1\" \/>\n<link rel=\"canonical\" href=\"https:\/\/hearstpower.com\/fr\/paying-your-bill-hearst-power\/\" \/>\n<meta property=\"og:locale\" content=\"fr_CA\" \/>\n<meta property=\"og:type\" content=\"article\" \/>\n<meta property=\"og:title\" content=\"Paying Your Bill - Hearst Power Distribution Company Ltd.\" \/>\n<meta property=\"og:description\" content=\"Multiple payment options are available for your convenience. New customers of Hearst Power are required to provide a security deposit as a condition of supplying or continuing to supply distribution services unless enrolled in pre-authorized payments. Plusieurs options de paiements sont disponibles. Les nouveaux clients de Hearst Power sont tenus de fournir un d\u00e9p\u00f4t de garantie comme condition pour fournir ou continuer \u00e0 fournir des services de distribution, \u00e0 moins qu&#039;ils ne soient inscrits aux paiements pr\u00e9autoris\u00e9s.\" \/>\n<meta property=\"og:url\" content=\"https:\/\/hearstpower.com\/fr\/paying-your-bill-hearst-power\/\" \/>\n<meta property=\"og:site_name\" content=\"Hearst Power Distribution Company Ltd.\" \/>\n<meta property=\"article:publisher\" content=\"https:\/\/www.facebook.com\/profile.php?id=100030703347012\" \/>\n<meta property=\"article:modified_time\" content=\"2023-08-24T15:09:25+00:00\" \/>\n<meta property=\"og:image\" content=\"https:\/\/hearstpower.com\/wp-content\/uploads\/2023\/08\/Logo_tiny.png\" \/>\n\t<meta property=\"og:image:width\" content=\"1028\" \/>\n\t<meta property=\"og:image:height\" content=\"208\" \/>\n\t<meta property=\"og:image:type\" content=\"image\/png\" \/>\n<meta name=\"twitter:card\" content=\"summary_large_image\" \/>\n<meta name=\"twitter:label1\" content=\"Estimation du temps de lecture\" \/>\n\t<meta name=\"twitter:data1\" content=\"3 minutes\" \/>\n<script type=\"application\/ld+json\" class=\"yoast-schema-graph\">{\"@context\":\"https:\\\/\\\/schema.org\",\"@graph\":[{\"@type\":\"WebPage\",\"@id\":\"https:\\\/\\\/hearstpower.com\\\/paying-your-bill-hearst-power\\\/\",\"url\":\"https:\\\/\\\/hearstpower.com\\\/paying-your-bill-hearst-power\\\/\",\"name\":\"Paying Your Bill - Hearst Power Distribution Company Ltd.\",\"isPartOf\":{\"@id\":\"https:\\\/\\\/hearstpower.com\\\/#website\"},\"datePublished\":\"2023-05-17T20:27:20+00:00\",\"dateModified\":\"2023-08-24T15:09:25+00:00\",\"description\":\"Multiple payment options are available for your convenience. New customers of Hearst Power are required to provide a security deposit as a condition of supplying or continuing to supply distribution services unless enrolled in pre-authorized payments. Plusieurs options de paiements sont disponibles. Les nouveaux clients de Hearst Power sont tenus de fournir un d\u00e9p\u00f4t de garantie comme condition pour fournir ou continuer \u00e0 fournir des services de distribution, \u00e0 moins qu'ils ne soient inscrits aux paiements pr\u00e9autoris\u00e9s.\",\"breadcrumb\":{\"@id\":\"https:\\\/\\\/hearstpower.com\\\/paying-your-bill-hearst-power\\\/#breadcrumb\"},\"inLanguage\":\"fr-CA\",\"potentialAction\":[{\"@type\":\"ReadAction\",\"target\":[\"https:\\\/\\\/hearstpower.com\\\/paying-your-bill-hearst-power\\\/\"]}]},{\"@type\":\"BreadcrumbList\",\"@id\":\"https:\\\/\\\/hearstpower.com\\\/paying-your-bill-hearst-power\\\/#breadcrumb\",\"itemListElement\":[{\"@type\":\"ListItem\",\"position\":1,\"name\":\"Home\",\"item\":\"https:\\\/\\\/hearstpower.com\\\/\"},{\"@type\":\"ListItem\",\"position\":2,\"name\":\"Paying Your Bill\"}]},{\"@type\":\"WebSite\",\"@id\":\"https:\\\/\\\/hearstpower.com\\\/#website\",\"url\":\"https:\\\/\\\/hearstpower.com\\\/\",\"name\":\"Hearst Power Distribution Company Ltd.\",\"description\":\"Hearst Power\",\"publisher\":{\"@id\":\"https:\\\/\\\/hearstpower.com\\\/#organization\"},\"potentialAction\":[{\"@type\":\"SearchAction\",\"target\":{\"@type\":\"EntryPoint\",\"urlTemplate\":\"https:\\\/\\\/hearstpower.com\\\/?s={search_term_string}\"},\"query-input\":{\"@type\":\"PropertyValueSpecification\",\"valueRequired\":true,\"valueName\":\"search_term_string\"}}],\"inLanguage\":\"fr-CA\"},{\"@type\":\"Organization\",\"@id\":\"https:\\\/\\\/hearstpower.com\\\/#organization\",\"name\":\"Hearst Power Distribution\",\"alternateName\":\"Corporation de distribution \u00e9lectrique de Hearst\",\"url\":\"https:\\\/\\\/hearstpower.com\\\/\",\"logo\":{\"@type\":\"ImageObject\",\"inLanguage\":\"fr-CA\",\"@id\":\"https:\\\/\\\/hearstpower.com\\\/#\\\/schema\\\/logo\\\/image\\\/\",\"url\":\"https:\\\/\\\/www.hearstpower.com\\\/wp-content\\\/uploads\\\/2023\\\/08\\\/Logo_tiny.png\",\"contentUrl\":\"https:\\\/\\\/www.hearstpower.com\\\/wp-content\\\/uploads\\\/2023\\\/08\\\/Logo_tiny.png\",\"width\":1028,\"height\":208,\"caption\":\"Hearst Power Distribution\"},\"image\":{\"@id\":\"https:\\\/\\\/hearstpower.com\\\/#\\\/schema\\\/logo\\\/image\\\/\"},\"sameAs\":[\"https:\\\/\\\/www.facebook.com\\\/profile.php?id=100030703347012\"]}]}<\/script>\n<!-- \/ Yoast SEO plugin. -->","yoast_head_json":{"title":"Paying Your Bill - Hearst Power Distribution Company Ltd.","description":"Multiple payment options are available for your convenience. New customers of Hearst Power are required to provide a security deposit as a condition of supplying or continuing to supply distribution services unless enrolled in pre-authorized payments. Plusieurs options de paiements sont disponibles. Les nouveaux clients de Hearst Power sont tenus de fournir un d\u00e9p\u00f4t de garantie comme condition pour fournir ou continuer \u00e0 fournir des services de distribution, \u00e0 moins qu'ils ne soient inscrits aux paiements pr\u00e9autoris\u00e9s.","robots":{"index":"index","follow":"follow","max-snippet":"max-snippet:-1","max-image-preview":"max-image-preview:large","max-video-preview":"max-video-preview:-1"},"canonical":"https:\/\/hearstpower.com\/fr\/paying-your-bill-hearst-power\/","og_locale":"fr_CA","og_type":"article","og_title":"Paying Your Bill - Hearst Power Distribution Company Ltd.","og_description":"Multiple payment options are available for your convenience. New customers of Hearst Power are required to provide a security deposit as a condition of supplying or continuing to supply distribution services unless enrolled in pre-authorized payments. Plusieurs options de paiements sont disponibles. Les nouveaux clients de Hearst Power sont tenus de fournir un d\u00e9p\u00f4t de garantie comme condition pour fournir ou continuer \u00e0 fournir des services de distribution, \u00e0 moins qu'ils ne soient inscrits aux paiements pr\u00e9autoris\u00e9s.","og_url":"https:\/\/hearstpower.com\/fr\/paying-your-bill-hearst-power\/","og_site_name":"Hearst Power Distribution Company Ltd.","article_publisher":"https:\/\/www.facebook.com\/profile.php?id=100030703347012","article_modified_time":"2023-08-24T15:09:25+00:00","og_image":[{"width":1028,"height":208,"url":"https:\/\/hearstpower.com\/wp-content\/uploads\/2023\/08\/Logo_tiny.png","type":"image\/png"}],"twitter_card":"summary_large_image","twitter_misc":{"Estimation du temps de lecture":"3 minutes"},"schema":{"@context":"https:\/\/schema.org","@graph":[{"@type":"WebPage","@id":"https:\/\/hearstpower.com\/paying-your-bill-hearst-power\/","url":"https:\/\/hearstpower.com\/paying-your-bill-hearst-power\/","name":"Paying Your Bill - Hearst Power Distribution Company Ltd.","isPartOf":{"@id":"https:\/\/hearstpower.com\/#website"},"datePublished":"2023-05-17T20:27:20+00:00","dateModified":"2023-08-24T15:09:25+00:00","description":"Multiple payment options are available for your convenience. New customers of Hearst Power are required to provide a security deposit as a condition of supplying or continuing to supply distribution services unless enrolled in pre-authorized payments. Plusieurs options de paiements sont disponibles. Les nouveaux clients de Hearst Power sont tenus de fournir un d\u00e9p\u00f4t de garantie comme condition pour fournir ou continuer \u00e0 fournir des services de distribution, \u00e0 moins qu'ils ne soient inscrits aux paiements pr\u00e9autoris\u00e9s.","breadcrumb":{"@id":"https:\/\/hearstpower.com\/paying-your-bill-hearst-power\/#breadcrumb"},"inLanguage":"fr-CA","potentialAction":[{"@type":"ReadAction","target":["https:\/\/hearstpower.com\/paying-your-bill-hearst-power\/"]}]},{"@type":"BreadcrumbList","@id":"https:\/\/hearstpower.com\/paying-your-bill-hearst-power\/#breadcrumb","itemListElement":[{"@type":"ListItem","position":1,"name":"Home","item":"https:\/\/hearstpower.com\/"},{"@type":"ListItem","position":2,"name":"Paying Your Bill"}]},{"@type":"WebSite","@id":"https:\/\/hearstpower.com\/#website","url":"https:\/\/hearstpower.com\/","name":"Hearst Power Distribution Company Ltd.","description":"Hearst Power","publisher":{"@id":"https:\/\/hearstpower.com\/#organization"},"potentialAction":[{"@type":"SearchAction","target":{"@type":"EntryPoint","urlTemplate":"https:\/\/hearstpower.com\/?s={search_term_string}"},"query-input":{"@type":"PropertyValueSpecification","valueRequired":true,"valueName":"search_term_string"}}],"inLanguage":"fr-CA"},{"@type":"Organization","@id":"https:\/\/hearstpower.com\/#organization","name":"Corporation de distribution \u00e9lectrique de Hearst","alternateName":"Corporation de distribution \u00e9lectrique de Hearst","url":"https:\/\/hearstpower.com\/","logo":{"@type":"ImageObject","inLanguage":"fr-CA","@id":"https:\/\/hearstpower.com\/#\/schema\/logo\/image\/","url":"https:\/\/www.hearstpower.com\/wp-content\/uploads\/2023\/08\/Logo_tiny.png","contentUrl":"https:\/\/www.hearstpower.com\/wp-content\/uploads\/2023\/08\/Logo_tiny.png","width":1028,"height":208,"caption":"Hearst Power Distribution"},"image":{"@id":"https:\/\/hearstpower.com\/#\/schema\/logo\/image\/"},"sameAs":["https:\/\/www.facebook.com\/profile.php?id=100030703347012"]}]}},"_links":{"self":[{"href":"https:\/\/hearstpower.com\/fr\/wp-json\/wp\/v2\/pages\/2307","targetHints":{"allow":["GET"]}}],"collection":[{"href":"https:\/\/hearstpower.com\/fr\/wp-json\/wp\/v2\/pages"}],"about":[{"href":"https:\/\/hearstpower.com\/fr\/wp-json\/wp\/v2\/types\/page"}],"author":[{"embeddable":true,"href":"https:\/\/hearstpower.com\/fr\/wp-json\/wp\/v2\/users\/2"}],"replies":[{"embeddable":true,"href":"https:\/\/hearstpower.com\/fr\/wp-json\/wp\/v2\/comments?post=2307"}],"version-history":[{"count":19,"href":"https:\/\/hearstpower.com\/fr\/wp-json\/wp\/v2\/pages\/2307\/revisions"}],"predecessor-version":[{"id":3130,"href":"https:\/\/hearstpower.com\/fr\/wp-json\/wp\/v2\/pages\/2307\/revisions\/3130"}],"wp:attachment":[{"href":"https:\/\/hearstpower.com\/fr\/wp-json\/wp\/v2\/media?parent=2307"}],"curies":[{"name":"wp","href":"https:\/\/api.w.org\/{rel}","templated":true}]}}