{"id":2254,"date":"2023-05-17T19:05:33","date_gmt":"2023-05-17T19:05:33","guid":{"rendered":"https:\/\/hearstpower.com\/?page_id=2254"},"modified":"2025-03-25T18:12:51","modified_gmt":"2025-03-25T18:12:51","slug":"oeb-scorecard","status":"publish","type":"page","link":"https:\/\/hearstpower.com\/fr\/oeb-scorecard\/","title":{"rendered":"Carte de pointage"},"content":{"rendered":"<div class=\"fusion-fullwidth fullwidth-box fusion-builder-row-1 fusion-flex-container nonhundred-percent-fullwidth non-hundred-percent-height-scrolling\" style=\"--awb-border-radius-top-left:0px;--awb-border-radius-top-right:0px;--awb-border-radius-bottom-right:0px;--awb-border-radius-bottom-left:0px;--awb-flex-wrap:wrap;\" ><div class=\"fusion-builder-row fusion-row fusion-flex-align-items-flex-start fusion-flex-content-wrap\" style=\"max-width:1248px;margin-left: calc(-4% \/ 2 );margin-right: calc(-4% \/ 2 );\"><div class=\"fusion-layout-column fusion_builder_column fusion-builder-column-0 fusion_builder_column_1_1 1_1 fusion-flex-column\" style=\"--awb-bg-blend:overlay;--awb-bg-size:cover;--awb-width-large:100%;--awb-margin-top-large:0px;--awb-spacing-right-large:1.92%;--awb-margin-bottom-large:0px;--awb-spacing-left-large:1.92%;--awb-width-medium:100%;--awb-spacing-right-medium:1.92%;--awb-spacing-left-medium:1.92%;--awb-width-small:100%;--awb-spacing-right-small:1.92%;--awb-spacing-left-small:1.92%;\"><div class=\"fusion-column-wrapper fusion-flex-justify-content-flex-start fusion-content-layout-column\"><div class=\"fusion-text fusion-text-1\"><h3 align=\"left\" data-fontsize=\"36\" style=\"--fontSize: 36; line-height: 1.2;\" data-lineheight=\"43.2px\" class=\"fusion-responsive-typography-calculated\">Carte de pointage de la CEO<\/h3>\n<p align=\"left\">La carte de pointage est un nouvel outil permettant de mesurer chaque ann\u00e9e le rendement des distributeurs d\u2019\u00e9lectricit\u00e9 de l\u2019Ontario (\u00e9galement appel\u00e9s \u00ab services publics \u00bb). Il a \u00e9t\u00e9 con\u00e7u pour encourager les distributeurs d\u2019\u00e9lectricit\u00e9 \u00e0 fonctionner efficacement, \u00e0 rechercher continuellement des moyens pour am\u00e9liorer leur productivit\u00e9 et \u00e0 mettre l\u2019accent sur les am\u00e9liorations que leurs clients ont \u00e0 coeur.<\/p>\n<p>La carte de pointage comprend des mesures traditionnelles pour \u00e9valuer la qualit\u00e9 des services fournis, tels que la fr\u00e9quence des pannes d\u2019\u00e9lectricit\u00e9, le rendement financier, le co\u00fbt par client, l\u2019exp\u00e9rience du client avec le distributeur d\u2019\u00e9lectricit\u00e9, notamment la mani\u00e8re dont le distributeur r\u00e9sout la pr\u00e9occupation d\u2019un client d\u00e8s la premi\u00e8re communication, l\u2019exactitude des factures adress\u00e9es aux clients, la s\u00e9curit\u00e9 du public, etc.<\/p>\n<p><u><b><a href=\"https:\/\/hearstpower.com\/wp-content\/uploads\/2025\/03\/2023_Scorecard_MDA-ENG.pdf\" target=\"_blank\" rel=\"noopener noreferrer\">Consulter la carte de pointage la plus r\u00e9cente de la Corporation de distribution \u00e9lectrique de Hearst<\/a><\/b><\/u><\/p>\n<\/div><\/div><\/div><\/div><\/div>","protected":false},"excerpt":{"rendered":"","protected":false},"author":2,"featured_media":0,"parent":0,"menu_order":0,"comment_status":"closed","ping_status":"closed","template":"100-width.php","meta":{"iawp_total_views":28,"footnotes":""},"class_list":["post-2254","page","type-page","status-publish","hentry"],"yoast_head":"<!-- This site is optimized with the Yoast SEO plugin v27.3 - https:\/\/yoast.com\/product\/yoast-seo-wordpress\/ -->\n<title>Scorecard - Hearst Power Distribution Company Ltd.<\/title>\n<meta name=\"description\" content=\"The scorecards measure how well Ontario\u2019s electricity distributors (also called utilities) are performing each year. La carte de pointage est un nouvel outil permettant de mesurer chaque ann\u00e9e le rendement des distributeurs d\u2019\u00e9lectricit\u00e9 de l\u2019Ontario (\u00e9galement appel\u00e9s \u00ab services publics \u00bb).\" \/>\n<meta name=\"robots\" content=\"index, follow, max-snippet:-1, max-image-preview:large, max-video-preview:-1\" \/>\n<link rel=\"canonical\" href=\"https:\/\/hearstpower.com\/fr\/oeb-scorecard\/\" \/>\n<meta property=\"og:locale\" content=\"fr_CA\" \/>\n<meta property=\"og:type\" content=\"article\" \/>\n<meta property=\"og:title\" content=\"Scorecard - Hearst Power Distribution Company Ltd.\" \/>\n<meta property=\"og:description\" content=\"The scorecards measure how well Ontario\u2019s electricity distributors (also called utilities) are performing each year. La carte de pointage est un nouvel outil permettant de mesurer chaque ann\u00e9e le rendement des distributeurs d\u2019\u00e9lectricit\u00e9 de l\u2019Ontario (\u00e9galement appel\u00e9s \u00ab services publics \u00bb).\" \/>\n<meta property=\"og:url\" content=\"https:\/\/hearstpower.com\/fr\/oeb-scorecard\/\" \/>\n<meta property=\"og:site_name\" content=\"Hearst Power Distribution Company Ltd.\" \/>\n<meta property=\"article:publisher\" content=\"https:\/\/www.facebook.com\/profile.php?id=100030703347012\" \/>\n<meta property=\"article:modified_time\" content=\"2025-03-25T18:12:51+00:00\" \/>\n<meta property=\"og:image\" content=\"https:\/\/hearstpower.com\/wp-content\/uploads\/2023\/08\/Logo_tiny.png\" \/>\n\t<meta property=\"og:image:width\" content=\"1028\" \/>\n\t<meta property=\"og:image:height\" content=\"208\" \/>\n\t<meta property=\"og:image:type\" content=\"image\/png\" \/>\n<meta name=\"twitter:card\" content=\"summary_large_image\" \/>\n<meta name=\"twitter:label1\" content=\"Estimation du temps de lecture\" \/>\n\t<meta name=\"twitter:data1\" content=\"1 minute\" \/>\n<script type=\"application\/ld+json\" class=\"yoast-schema-graph\">{\"@context\":\"https:\\\/\\\/schema.org\",\"@graph\":[{\"@type\":\"WebPage\",\"@id\":\"https:\\\/\\\/hearstpower.com\\\/oeb-scorecard\\\/\",\"url\":\"https:\\\/\\\/hearstpower.com\\\/oeb-scorecard\\\/\",\"name\":\"Scorecard - Hearst Power Distribution Company Ltd.\",\"isPartOf\":{\"@id\":\"https:\\\/\\\/hearstpower.com\\\/#website\"},\"datePublished\":\"2023-05-17T19:05:33+00:00\",\"dateModified\":\"2025-03-25T18:12:51+00:00\",\"description\":\"The scorecards measure how well Ontario\u2019s electricity distributors (also called utilities) are performing each year. La carte de pointage est un nouvel outil permettant de mesurer chaque ann\u00e9e le rendement des distributeurs d\u2019\u00e9lectricit\u00e9 de l\u2019Ontario (\u00e9galement appel\u00e9s \u00ab services publics \u00bb).\",\"breadcrumb\":{\"@id\":\"https:\\\/\\\/hearstpower.com\\\/oeb-scorecard\\\/#breadcrumb\"},\"inLanguage\":\"fr-CA\",\"potentialAction\":[{\"@type\":\"ReadAction\",\"target\":[\"https:\\\/\\\/hearstpower.com\\\/oeb-scorecard\\\/\"]}]},{\"@type\":\"BreadcrumbList\",\"@id\":\"https:\\\/\\\/hearstpower.com\\\/oeb-scorecard\\\/#breadcrumb\",\"itemListElement\":[{\"@type\":\"ListItem\",\"position\":1,\"name\":\"Home\",\"item\":\"https:\\\/\\\/hearstpower.com\\\/\"},{\"@type\":\"ListItem\",\"position\":2,\"name\":\"Scorecard\"}]},{\"@type\":\"WebSite\",\"@id\":\"https:\\\/\\\/hearstpower.com\\\/#website\",\"url\":\"https:\\\/\\\/hearstpower.com\\\/\",\"name\":\"Hearst Power Distribution Company Ltd.\",\"description\":\"Hearst Power\",\"publisher\":{\"@id\":\"https:\\\/\\\/hearstpower.com\\\/#organization\"},\"potentialAction\":[{\"@type\":\"SearchAction\",\"target\":{\"@type\":\"EntryPoint\",\"urlTemplate\":\"https:\\\/\\\/hearstpower.com\\\/?s={search_term_string}\"},\"query-input\":{\"@type\":\"PropertyValueSpecification\",\"valueRequired\":true,\"valueName\":\"search_term_string\"}}],\"inLanguage\":\"fr-CA\"},{\"@type\":\"Organization\",\"@id\":\"https:\\\/\\\/hearstpower.com\\\/#organization\",\"name\":\"Hearst Power Distribution\",\"alternateName\":\"Corporation de distribution \u00e9lectrique de Hearst\",\"url\":\"https:\\\/\\\/hearstpower.com\\\/\",\"logo\":{\"@type\":\"ImageObject\",\"inLanguage\":\"fr-CA\",\"@id\":\"https:\\\/\\\/hearstpower.com\\\/#\\\/schema\\\/logo\\\/image\\\/\",\"url\":\"https:\\\/\\\/www.hearstpower.com\\\/wp-content\\\/uploads\\\/2023\\\/08\\\/Logo_tiny.png\",\"contentUrl\":\"https:\\\/\\\/www.hearstpower.com\\\/wp-content\\\/uploads\\\/2023\\\/08\\\/Logo_tiny.png\",\"width\":1028,\"height\":208,\"caption\":\"Hearst Power Distribution\"},\"image\":{\"@id\":\"https:\\\/\\\/hearstpower.com\\\/#\\\/schema\\\/logo\\\/image\\\/\"},\"sameAs\":[\"https:\\\/\\\/www.facebook.com\\\/profile.php?id=100030703347012\"]}]}<\/script>\n<!-- \/ Yoast SEO plugin. -->","yoast_head_json":{"title":"Scorecard - Hearst Power Distribution Company Ltd.","description":"The scorecards measure how well Ontario\u2019s electricity distributors (also called utilities) are performing each year. La carte de pointage est un nouvel outil permettant de mesurer chaque ann\u00e9e le rendement des distributeurs d\u2019\u00e9lectricit\u00e9 de l\u2019Ontario (\u00e9galement appel\u00e9s \u00ab services publics \u00bb).","robots":{"index":"index","follow":"follow","max-snippet":"max-snippet:-1","max-image-preview":"max-image-preview:large","max-video-preview":"max-video-preview:-1"},"canonical":"https:\/\/hearstpower.com\/fr\/oeb-scorecard\/","og_locale":"fr_CA","og_type":"article","og_title":"Scorecard - Hearst Power Distribution Company Ltd.","og_description":"The scorecards measure how well Ontario\u2019s electricity distributors (also called utilities) are performing each year. La carte de pointage est un nouvel outil permettant de mesurer chaque ann\u00e9e le rendement des distributeurs d\u2019\u00e9lectricit\u00e9 de l\u2019Ontario (\u00e9galement appel\u00e9s \u00ab services publics \u00bb).","og_url":"https:\/\/hearstpower.com\/fr\/oeb-scorecard\/","og_site_name":"Hearst Power Distribution Company Ltd.","article_publisher":"https:\/\/www.facebook.com\/profile.php?id=100030703347012","article_modified_time":"2025-03-25T18:12:51+00:00","og_image":[{"width":1028,"height":208,"url":"https:\/\/hearstpower.com\/wp-content\/uploads\/2023\/08\/Logo_tiny.png","type":"image\/png"}],"twitter_card":"summary_large_image","twitter_misc":{"Estimation du temps de lecture":"1 minute"},"schema":{"@context":"https:\/\/schema.org","@graph":[{"@type":"WebPage","@id":"https:\/\/hearstpower.com\/oeb-scorecard\/","url":"https:\/\/hearstpower.com\/oeb-scorecard\/","name":"Scorecard - Hearst Power Distribution Company Ltd.","isPartOf":{"@id":"https:\/\/hearstpower.com\/#website"},"datePublished":"2023-05-17T19:05:33+00:00","dateModified":"2025-03-25T18:12:51+00:00","description":"The scorecards measure how well Ontario\u2019s electricity distributors (also called utilities) are performing each year. La carte de pointage est un nouvel outil permettant de mesurer chaque ann\u00e9e le rendement des distributeurs d\u2019\u00e9lectricit\u00e9 de l\u2019Ontario (\u00e9galement appel\u00e9s \u00ab services publics \u00bb).","breadcrumb":{"@id":"https:\/\/hearstpower.com\/oeb-scorecard\/#breadcrumb"},"inLanguage":"fr-CA","potentialAction":[{"@type":"ReadAction","target":["https:\/\/hearstpower.com\/oeb-scorecard\/"]}]},{"@type":"BreadcrumbList","@id":"https:\/\/hearstpower.com\/oeb-scorecard\/#breadcrumb","itemListElement":[{"@type":"ListItem","position":1,"name":"Home","item":"https:\/\/hearstpower.com\/"},{"@type":"ListItem","position":2,"name":"Scorecard"}]},{"@type":"WebSite","@id":"https:\/\/hearstpower.com\/#website","url":"https:\/\/hearstpower.com\/","name":"Hearst Power Distribution Company Ltd.","description":"Hearst Power","publisher":{"@id":"https:\/\/hearstpower.com\/#organization"},"potentialAction":[{"@type":"SearchAction","target":{"@type":"EntryPoint","urlTemplate":"https:\/\/hearstpower.com\/?s={search_term_string}"},"query-input":{"@type":"PropertyValueSpecification","valueRequired":true,"valueName":"search_term_string"}}],"inLanguage":"fr-CA"},{"@type":"Organization","@id":"https:\/\/hearstpower.com\/#organization","name":"Corporation de distribution \u00e9lectrique de Hearst","alternateName":"Corporation de distribution \u00e9lectrique de Hearst","url":"https:\/\/hearstpower.com\/","logo":{"@type":"ImageObject","inLanguage":"fr-CA","@id":"https:\/\/hearstpower.com\/#\/schema\/logo\/image\/","url":"https:\/\/www.hearstpower.com\/wp-content\/uploads\/2023\/08\/Logo_tiny.png","contentUrl":"https:\/\/www.hearstpower.com\/wp-content\/uploads\/2023\/08\/Logo_tiny.png","width":1028,"height":208,"caption":"Hearst Power Distribution"},"image":{"@id":"https:\/\/hearstpower.com\/#\/schema\/logo\/image\/"},"sameAs":["https:\/\/www.facebook.com\/profile.php?id=100030703347012"]}]}},"_links":{"self":[{"href":"https:\/\/hearstpower.com\/fr\/wp-json\/wp\/v2\/pages\/2254","targetHints":{"allow":["GET"]}}],"collection":[{"href":"https:\/\/hearstpower.com\/fr\/wp-json\/wp\/v2\/pages"}],"about":[{"href":"https:\/\/hearstpower.com\/fr\/wp-json\/wp\/v2\/types\/page"}],"author":[{"embeddable":true,"href":"https:\/\/hearstpower.com\/fr\/wp-json\/wp\/v2\/users\/2"}],"replies":[{"embeddable":true,"href":"https:\/\/hearstpower.com\/fr\/wp-json\/wp\/v2\/comments?post=2254"}],"version-history":[{"count":12,"href":"https:\/\/hearstpower.com\/fr\/wp-json\/wp\/v2\/pages\/2254\/revisions"}],"predecessor-version":[{"id":3453,"href":"https:\/\/hearstpower.com\/fr\/wp-json\/wp\/v2\/pages\/2254\/revisions\/3453"}],"wp:attachment":[{"href":"https:\/\/hearstpower.com\/fr\/wp-json\/wp\/v2\/media?parent=2254"}],"curies":[{"name":"wp","href":"https:\/\/api.w.org\/{rel}","templated":true}]}}