{"id":2244,"date":"2023-05-17T19:04:06","date_gmt":"2023-05-17T19:04:06","guid":{"rendered":"https:\/\/hearstpower.com\/?page_id=2244"},"modified":"2023-08-24T17:27:37","modified_gmt":"2023-08-24T17:27:37","slug":"profile-hearst-power-distribution-company","status":"publish","type":"page","link":"https:\/\/hearstpower.com\/fr\/profile-hearst-power-distribution-company\/","title":{"rendered":"Historique"},"content":{"rendered":"<div class=\"fusion-fullwidth fullwidth-box fusion-builder-row-1 fusion-flex-container nonhundred-percent-fullwidth non-hundred-percent-height-scrolling\" style=\"--awb-border-radius-top-left:0px;--awb-border-radius-top-right:0px;--awb-border-radius-bottom-right:0px;--awb-border-radius-bottom-left:0px;--awb-flex-wrap:wrap;\" ><div class=\"fusion-builder-row fusion-row fusion-flex-align-items-flex-start fusion-flex-content-wrap\" style=\"max-width:1248px;margin-left: calc(-4% \/ 2 );margin-right: calc(-4% \/ 2 );\"><div class=\"fusion-layout-column fusion_builder_column fusion-builder-column-0 fusion_builder_column_1_1 1_1 fusion-flex-column\" style=\"--awb-bg-blend:overlay;--awb-bg-size:cover;--awb-width-large:100%;--awb-margin-top-large:0px;--awb-spacing-right-large:1.92%;--awb-margin-bottom-large:0px;--awb-spacing-left-large:1.92%;--awb-width-medium:100%;--awb-spacing-right-medium:1.92%;--awb-spacing-left-medium:1.92%;--awb-width-small:100%;--awb-spacing-right-small:1.92%;--awb-spacing-left-small:1.92%;\"><div class=\"fusion-column-wrapper fusion-flex-justify-content-flex-start fusion-content-layout-column\"><div class=\"fusion-text fusion-text-1\"><h3 class=\"art-postheader entry-title\">Historique<\/h3>\n<p align=\"left\">La Corporation de distribution \u00e9lectrique de Hearst est une compagnie incorpor\u00e9e sous les lois de l\u2019Ontario, et est une compagnie de distribution locale qui est propri\u00e9taire et qui g\u00e8re l\u2019infrastructure \u00e9lectrique, distribuant l\u2019\u00e9lectricit\u00e9 aux maisons et commerces dans son secteur de service \u00e0 l\u2019int\u00e9rieur des limites municipales de la Ville de Hearst.<\/p>\n<p align=\"left\"><strong>PROFIL HISTORIQUE<\/strong><\/p>\n<\/div>\n<div class=\"table-1\">\n<table width=\"100%\">\n<tbody>\n<tr>\n<td align=\"left\"><img decoding=\"async\" class=\"lazyload alignnone size-full wp-image-2245\" src=\"https:\/\/www.hearstpower.com\/wp-content\/uploads\/2023\/05\/img1.png\" data-orig-src=\"https:\/\/www.hearstpower.com\/wp-content\/uploads\/2023\/05\/img1.png\" alt=\"\" width=\"300\" height=\"210\" srcset=\"data:image\/svg+xml,%3Csvg%20xmlns%3D%27http%3A%2F%2Fwww.w3.org%2F2000%2Fsvg%27%20width%3D%27300%27%20height%3D%27210%27%20viewBox%3D%270%200%20300%20210%27%3E%3Crect%20width%3D%27300%27%20height%3D%27210%27%20fill-opacity%3D%220%22%2F%3E%3C%2Fsvg%3E\" data-srcset=\"https:\/\/hearstpower.com\/wp-content\/uploads\/2023\/05\/img1-18x12.png 18w, https:\/\/hearstpower.com\/wp-content\/uploads\/2023\/05\/img1-200x140.png 200w, https:\/\/hearstpower.com\/wp-content\/uploads\/2023\/05\/img1.png 300w\" data-sizes=\"auto\" data-orig-sizes=\"(max-width: 300px) 100vw, 300px\" \/><\/td>\n<td align=\"left\">Station de g\u00e9n\u00e9ration<br \/>\nHearst Power &amp; Light Company<br \/>\n9e Rue, Hearst, Ontario<br \/>\nJuin 1951<\/td>\n<\/tr>\n<tr>\n<td align=\"left\"><img decoding=\"async\" class=\"lazyload alignnone size-full wp-image-2246\" src=\"https:\/\/www.hearstpower.com\/wp-content\/uploads\/2023\/05\/PUC_0013-small.jpg\" data-orig-src=\"https:\/\/www.hearstpower.com\/wp-content\/uploads\/2023\/05\/PUC_0013-small.jpg\" alt=\"\" width=\"300\" height=\"421\" srcset=\"data:image\/svg+xml,%3Csvg%20xmlns%3D%27http%3A%2F%2Fwww.w3.org%2F2000%2Fsvg%27%20width%3D%27300%27%20height%3D%27421%27%20viewBox%3D%270%200%20300%20421%27%3E%3Crect%20width%3D%27300%27%20height%3D%27421%27%20fill-opacity%3D%220%22%2F%3E%3C%2Fsvg%3E\" data-srcset=\"https:\/\/hearstpower.com\/wp-content\/uploads\/2023\/05\/PUC_0013-small-9x12.jpg 9w, https:\/\/hearstpower.com\/wp-content\/uploads\/2023\/05\/PUC_0013-small-200x281.jpg 200w, https:\/\/hearstpower.com\/wp-content\/uploads\/2023\/05\/PUC_0013-small-214x300.jpg 214w, https:\/\/hearstpower.com\/wp-content\/uploads\/2023\/05\/PUC_0013-small.jpg 300w\" data-sizes=\"auto\" data-orig-sizes=\"(max-width: 300px) 100vw, 300px\" \/><\/td>\n<td align=\"left\">Transformeur, primaire &amp; secondaire<br \/>\n(Rue Alexandra \u00e0 l\u2019ouest de la 9e Rue)<br \/>\nH.P. &amp; L. Co., Hearst, Ontario<br \/>\nJuin 1951<\/td>\n<\/tr>\n<tr>\n<td align=\"left\"><img decoding=\"async\" class=\"lazyload alignnone size-full wp-image-2247\" src=\"https:\/\/www.hearstpower.com\/wp-content\/uploads\/2023\/05\/PUC_0011-small.jpg\" data-orig-src=\"https:\/\/www.hearstpower.com\/wp-content\/uploads\/2023\/05\/PUC_0011-small.jpg\" alt=\"\" width=\"300\" height=\"432\" srcset=\"data:image\/svg+xml,%3Csvg%20xmlns%3D%27http%3A%2F%2Fwww.w3.org%2F2000%2Fsvg%27%20width%3D%27300%27%20height%3D%27432%27%20viewBox%3D%270%200%20300%20432%27%3E%3Crect%20width%3D%27300%27%20height%3D%27432%27%20fill-opacity%3D%220%22%2F%3E%3C%2Fsvg%3E\" data-srcset=\"https:\/\/hearstpower.com\/wp-content\/uploads\/2023\/05\/PUC_0011-small-8x12.jpg 8w, https:\/\/hearstpower.com\/wp-content\/uploads\/2023\/05\/PUC_0011-small-200x288.jpg 200w, https:\/\/hearstpower.com\/wp-content\/uploads\/2023\/05\/PUC_0011-small-208x300.jpg 208w, https:\/\/hearstpower.com\/wp-content\/uploads\/2023\/05\/PUC_0011-small.jpg 300w\" data-sizes=\"auto\" data-orig-sizes=\"(max-width: 300px) 100vw, 300px\" \/><\/td>\n<td align=\"left\">Transformeur, lumi\u00e8re de rue<br \/>\n(Rue George \u2013 2e poteau \u00e0 l\u2019est de la 9e Rue)<br \/>\nH.P. &amp; L. Co., Hearst, Ontario<br \/>\nJuin 1951<\/td>\n<\/tr>\n<tr>\n<td align=\"left\"><img decoding=\"async\" class=\"lazyload alignnone size-full wp-image-2248\" src=\"https:\/\/www.hearstpower.com\/wp-content\/uploads\/2023\/05\/img2.png\" data-orig-src=\"https:\/\/www.hearstpower.com\/wp-content\/uploads\/2023\/05\/img2.png\" alt=\"\" width=\"300\" height=\"216\" srcset=\"data:image\/svg+xml,%3Csvg%20xmlns%3D%27http%3A%2F%2Fwww.w3.org%2F2000%2Fsvg%27%20width%3D%27300%27%20height%3D%27216%27%20viewBox%3D%270%200%20300%20216%27%3E%3Crect%20width%3D%27300%27%20height%3D%27216%27%20fill-opacity%3D%220%22%2F%3E%3C%2Fsvg%3E\" data-srcset=\"https:\/\/hearstpower.com\/wp-content\/uploads\/2023\/05\/img2-18x12.png 18w, https:\/\/hearstpower.com\/wp-content\/uploads\/2023\/05\/img2-200x144.png 200w, https:\/\/hearstpower.com\/wp-content\/uploads\/2023\/05\/img2.png 300w\" data-sizes=\"auto\" data-orig-sizes=\"(max-width: 300px) 100vw, 300px\" \/><\/td>\n<td align=\"left\">G\u00e9n\u00e9ratrices 250KVA<br \/>\nH.P. &amp; L Co., Hearst, Ontario<br \/>\nJuin 1951<\/td>\n<\/tr>\n<tr>\n<td align=\"left\"><img decoding=\"async\" class=\"lazyload alignnone size-full wp-image-2249\" src=\"https:\/\/www.hearstpower.com\/wp-content\/uploads\/2023\/05\/img3.png\" data-orig-src=\"https:\/\/www.hearstpower.com\/wp-content\/uploads\/2023\/05\/img3.png\" alt=\"\" width=\"300\" height=\"216\" srcset=\"data:image\/svg+xml,%3Csvg%20xmlns%3D%27http%3A%2F%2Fwww.w3.org%2F2000%2Fsvg%27%20width%3D%27300%27%20height%3D%27216%27%20viewBox%3D%270%200%20300%20216%27%3E%3Crect%20width%3D%27300%27%20height%3D%27216%27%20fill-opacity%3D%220%22%2F%3E%3C%2Fsvg%3E\" data-srcset=\"https:\/\/hearstpower.com\/wp-content\/uploads\/2023\/05\/img3-18x12.png 18w, https:\/\/hearstpower.com\/wp-content\/uploads\/2023\/05\/img3-200x144.png 200w, https:\/\/hearstpower.com\/wp-content\/uploads\/2023\/05\/img3.png 300w\" data-sizes=\"auto\" data-orig-sizes=\"(max-width: 300px) 100vw, 300px\" \/><\/td>\n<td align=\"left\">Rue Front \u2013 vers l\u2019est<br \/>\nH.P. &amp; L Co. poteaux sur la droite<br \/>\nHearst, Ontario<br \/>\nJuin 1951<\/td>\n<\/tr>\n<tr>\n<td align=\"left\"><img decoding=\"async\" class=\"lazyload alignnone size-full wp-image-2250\" src=\"https:\/\/www.hearstpower.com\/wp-content\/uploads\/2023\/05\/PUC_0004-small.jpg\" data-orig-src=\"https:\/\/www.hearstpower.com\/wp-content\/uploads\/2023\/05\/PUC_0004-small.jpg\" alt=\"\" width=\"300\" height=\"430\" srcset=\"data:image\/svg+xml,%3Csvg%20xmlns%3D%27http%3A%2F%2Fwww.w3.org%2F2000%2Fsvg%27%20width%3D%27300%27%20height%3D%27430%27%20viewBox%3D%270%200%20300%20430%27%3E%3Crect%20width%3D%27300%27%20height%3D%27430%27%20fill-opacity%3D%220%22%2F%3E%3C%2Fsvg%3E\" data-srcset=\"https:\/\/hearstpower.com\/wp-content\/uploads\/2023\/05\/PUC_0004-small-8x12.jpg 8w, https:\/\/hearstpower.com\/wp-content\/uploads\/2023\/05\/PUC_0004-small-200x287.jpg 200w, https:\/\/hearstpower.com\/wp-content\/uploads\/2023\/05\/PUC_0004-small-209x300.jpg 209w, https:\/\/hearstpower.com\/wp-content\/uploads\/2023\/05\/PUC_0004-small.jpg 300w\" data-sizes=\"auto\" data-orig-sizes=\"(max-width: 300px) 100vw, 300px\" \/><\/td>\n<td align=\"left\">Tableau de distribution<br \/>\nH.P. &amp; L. Co.<br \/>\nHearst, Ontario<br \/>\nJuin 1951<\/td>\n<\/tr>\n<\/tbody>\n<\/table>\n<\/div>\n<\/div><\/div><\/div><\/div>","protected":false},"excerpt":{"rendered":"","protected":false},"author":2,"featured_media":0,"parent":0,"menu_order":0,"comment_status":"closed","ping_status":"closed","template":"100-width.php","meta":{"iawp_total_views":103,"footnotes":""},"class_list":["post-2244","page","type-page","status-publish","hentry"],"yoast_head":"<!-- This site is optimized with the Yoast SEO plugin v27.3 - https:\/\/yoast.com\/product\/yoast-seo-wordpress\/ -->\n<title>History - Hearst Power Distribution Company Ltd.<\/title>\n<meta name=\"description\" content=\"Hearst Power Distribution Company Limited is a corporation incorporated under the laws of Ontario and a local distribution company that owns and operates the electricity infrastructure, distributing electricity to homes and businesses within its service area in the Town of Hearst. La Corporation de distribution \u00e9lectrique de Hearst est une compagnie incorpor\u00e9e sous les lois de l\u2019Ontario, et est une compagnie de distribution locale qui est propri\u00e9taire et qui g\u00e8re l\u2019infrastructure \u00e9lectrique, distribuant l\u2019\u00e9lectricit\u00e9 aux maisons et commerces dans son secteur de service \u00e0 l\u2019int\u00e9rieur des limites municipales de la Ville de Hearst.\" \/>\n<meta name=\"robots\" content=\"index, follow, max-snippet:-1, max-image-preview:large, max-video-preview:-1\" \/>\n<link rel=\"canonical\" href=\"https:\/\/hearstpower.com\/fr\/profile-hearst-power-distribution-company\/\" \/>\n<meta property=\"og:locale\" content=\"fr_CA\" \/>\n<meta property=\"og:type\" content=\"article\" \/>\n<meta property=\"og:title\" content=\"History - Hearst Power Distribution Company Ltd.\" \/>\n<meta property=\"og:description\" content=\"Hearst Power Distribution Company Limited is a corporation incorporated under the laws of Ontario and a local distribution company that owns and operates the electricity infrastructure, distributing electricity to homes and businesses within its service area in the Town of Hearst. La Corporation de distribution \u00e9lectrique de Hearst est une compagnie incorpor\u00e9e sous les lois de l\u2019Ontario, et est une compagnie de distribution locale qui est propri\u00e9taire et qui g\u00e8re l\u2019infrastructure \u00e9lectrique, distribuant l\u2019\u00e9lectricit\u00e9 aux maisons et commerces dans son secteur de service \u00e0 l\u2019int\u00e9rieur des limites municipales de la Ville de Hearst.\" \/>\n<meta property=\"og:url\" content=\"https:\/\/hearstpower.com\/fr\/profile-hearst-power-distribution-company\/\" \/>\n<meta property=\"og:site_name\" content=\"Hearst Power Distribution Company Ltd.\" \/>\n<meta property=\"article:publisher\" content=\"https:\/\/www.facebook.com\/profile.php?id=100030703347012\" \/>\n<meta property=\"article:modified_time\" content=\"2023-08-24T17:27:37+00:00\" \/>\n<meta property=\"og:image\" content=\"https:\/\/www.hearstpower.com\/wp-content\/uploads\/2023\/05\/img1.png\" \/>\n<meta name=\"twitter:card\" content=\"summary_large_image\" \/>\n<meta name=\"twitter:label1\" content=\"Estimation du temps de lecture\" \/>\n\t<meta name=\"twitter:data1\" content=\"2 minutes\" \/>\n<script type=\"application\/ld+json\" class=\"yoast-schema-graph\">{\"@context\":\"https:\\\/\\\/schema.org\",\"@graph\":[{\"@type\":\"WebPage\",\"@id\":\"https:\\\/\\\/hearstpower.com\\\/profile-hearst-power-distribution-company\\\/\",\"url\":\"https:\\\/\\\/hearstpower.com\\\/profile-hearst-power-distribution-company\\\/\",\"name\":\"History - Hearst Power Distribution Company Ltd.\",\"isPartOf\":{\"@id\":\"https:\\\/\\\/hearstpower.com\\\/#website\"},\"primaryImageOfPage\":{\"@id\":\"https:\\\/\\\/hearstpower.com\\\/profile-hearst-power-distribution-company\\\/#primaryimage\"},\"image\":{\"@id\":\"https:\\\/\\\/hearstpower.com\\\/profile-hearst-power-distribution-company\\\/#primaryimage\"},\"thumbnailUrl\":\"https:\\\/\\\/www.hearstpower.com\\\/wp-content\\\/uploads\\\/2023\\\/05\\\/img1.png\",\"datePublished\":\"2023-05-17T19:04:06+00:00\",\"dateModified\":\"2023-08-24T17:27:37+00:00\",\"description\":\"Hearst Power Distribution Company Limited is a corporation incorporated under the laws of Ontario and a local distribution company that owns and operates the electricity infrastructure, distributing electricity to homes and businesses within its service area in the Town of Hearst. La Corporation de distribution \u00e9lectrique de Hearst est une compagnie incorpor\u00e9e sous les lois de l\u2019Ontario, et est une compagnie de distribution locale qui est propri\u00e9taire et qui g\u00e8re l\u2019infrastructure \u00e9lectrique, distribuant l\u2019\u00e9lectricit\u00e9 aux maisons et commerces dans son secteur de service \u00e0 l\u2019int\u00e9rieur des limites municipales de la Ville de Hearst.\",\"breadcrumb\":{\"@id\":\"https:\\\/\\\/hearstpower.com\\\/profile-hearst-power-distribution-company\\\/#breadcrumb\"},\"inLanguage\":\"fr-CA\",\"potentialAction\":[{\"@type\":\"ReadAction\",\"target\":[\"https:\\\/\\\/hearstpower.com\\\/profile-hearst-power-distribution-company\\\/\"]}]},{\"@type\":\"ImageObject\",\"inLanguage\":\"fr-CA\",\"@id\":\"https:\\\/\\\/hearstpower.com\\\/profile-hearst-power-distribution-company\\\/#primaryimage\",\"url\":\"https:\\\/\\\/www.hearstpower.com\\\/wp-content\\\/uploads\\\/2023\\\/05\\\/img1.png\",\"contentUrl\":\"https:\\\/\\\/www.hearstpower.com\\\/wp-content\\\/uploads\\\/2023\\\/05\\\/img1.png\"},{\"@type\":\"BreadcrumbList\",\"@id\":\"https:\\\/\\\/hearstpower.com\\\/profile-hearst-power-distribution-company\\\/#breadcrumb\",\"itemListElement\":[{\"@type\":\"ListItem\",\"position\":1,\"name\":\"Home\",\"item\":\"https:\\\/\\\/hearstpower.com\\\/\"},{\"@type\":\"ListItem\",\"position\":2,\"name\":\"History\"}]},{\"@type\":\"WebSite\",\"@id\":\"https:\\\/\\\/hearstpower.com\\\/#website\",\"url\":\"https:\\\/\\\/hearstpower.com\\\/\",\"name\":\"Hearst Power Distribution Company Ltd.\",\"description\":\"Hearst Power\",\"publisher\":{\"@id\":\"https:\\\/\\\/hearstpower.com\\\/#organization\"},\"potentialAction\":[{\"@type\":\"SearchAction\",\"target\":{\"@type\":\"EntryPoint\",\"urlTemplate\":\"https:\\\/\\\/hearstpower.com\\\/?s={search_term_string}\"},\"query-input\":{\"@type\":\"PropertyValueSpecification\",\"valueRequired\":true,\"valueName\":\"search_term_string\"}}],\"inLanguage\":\"fr-CA\"},{\"@type\":\"Organization\",\"@id\":\"https:\\\/\\\/hearstpower.com\\\/#organization\",\"name\":\"Hearst Power Distribution\",\"alternateName\":\"Corporation de distribution \u00e9lectrique de Hearst\",\"url\":\"https:\\\/\\\/hearstpower.com\\\/\",\"logo\":{\"@type\":\"ImageObject\",\"inLanguage\":\"fr-CA\",\"@id\":\"https:\\\/\\\/hearstpower.com\\\/#\\\/schema\\\/logo\\\/image\\\/\",\"url\":\"https:\\\/\\\/www.hearstpower.com\\\/wp-content\\\/uploads\\\/2023\\\/08\\\/Logo_tiny.png\",\"contentUrl\":\"https:\\\/\\\/www.hearstpower.com\\\/wp-content\\\/uploads\\\/2023\\\/08\\\/Logo_tiny.png\",\"width\":1028,\"height\":208,\"caption\":\"Hearst Power Distribution\"},\"image\":{\"@id\":\"https:\\\/\\\/hearstpower.com\\\/#\\\/schema\\\/logo\\\/image\\\/\"},\"sameAs\":[\"https:\\\/\\\/www.facebook.com\\\/profile.php?id=100030703347012\"]}]}<\/script>\n<!-- \/ Yoast SEO plugin. -->","yoast_head_json":{"title":"History - Hearst Power Distribution Company Ltd.","description":"Hearst Power Distribution Company Limited is a corporation incorporated under the laws of Ontario and a local distribution company that owns and operates the electricity infrastructure, distributing electricity to homes and businesses within its service area in the Town of Hearst. La Corporation de distribution \u00e9lectrique de Hearst est une compagnie incorpor\u00e9e sous les lois de l\u2019Ontario, et est une compagnie de distribution locale qui est propri\u00e9taire et qui g\u00e8re l\u2019infrastructure \u00e9lectrique, distribuant l\u2019\u00e9lectricit\u00e9 aux maisons et commerces dans son secteur de service \u00e0 l\u2019int\u00e9rieur des limites municipales de la Ville de Hearst.","robots":{"index":"index","follow":"follow","max-snippet":"max-snippet:-1","max-image-preview":"max-image-preview:large","max-video-preview":"max-video-preview:-1"},"canonical":"https:\/\/hearstpower.com\/fr\/profile-hearst-power-distribution-company\/","og_locale":"fr_CA","og_type":"article","og_title":"History - Hearst Power Distribution Company Ltd.","og_description":"Hearst Power Distribution Company Limited is a corporation incorporated under the laws of Ontario and a local distribution company that owns and operates the electricity infrastructure, distributing electricity to homes and businesses within its service area in the Town of Hearst. La Corporation de distribution \u00e9lectrique de Hearst est une compagnie incorpor\u00e9e sous les lois de l\u2019Ontario, et est une compagnie de distribution locale qui est propri\u00e9taire et qui g\u00e8re l\u2019infrastructure \u00e9lectrique, distribuant l\u2019\u00e9lectricit\u00e9 aux maisons et commerces dans son secteur de service \u00e0 l\u2019int\u00e9rieur des limites municipales de la Ville de Hearst.","og_url":"https:\/\/hearstpower.com\/fr\/profile-hearst-power-distribution-company\/","og_site_name":"Hearst Power Distribution Company Ltd.","article_publisher":"https:\/\/www.facebook.com\/profile.php?id=100030703347012","article_modified_time":"2023-08-24T17:27:37+00:00","og_image":[{"url":"https:\/\/www.hearstpower.com\/wp-content\/uploads\/2023\/05\/img1.png","type":"","width":"","height":""}],"twitter_card":"summary_large_image","twitter_misc":{"Estimation du temps de lecture":"2 minutes"},"schema":{"@context":"https:\/\/schema.org","@graph":[{"@type":"WebPage","@id":"https:\/\/hearstpower.com\/profile-hearst-power-distribution-company\/","url":"https:\/\/hearstpower.com\/profile-hearst-power-distribution-company\/","name":"History - Hearst Power Distribution Company Ltd.","isPartOf":{"@id":"https:\/\/hearstpower.com\/#website"},"primaryImageOfPage":{"@id":"https:\/\/hearstpower.com\/profile-hearst-power-distribution-company\/#primaryimage"},"image":{"@id":"https:\/\/hearstpower.com\/profile-hearst-power-distribution-company\/#primaryimage"},"thumbnailUrl":"https:\/\/www.hearstpower.com\/wp-content\/uploads\/2023\/05\/img1.png","datePublished":"2023-05-17T19:04:06+00:00","dateModified":"2023-08-24T17:27:37+00:00","description":"Hearst Power Distribution Company Limited is a corporation incorporated under the laws of Ontario and a local distribution company that owns and operates the electricity infrastructure, distributing electricity to homes and businesses within its service area in the Town of Hearst. La Corporation de distribution \u00e9lectrique de Hearst est une compagnie incorpor\u00e9e sous les lois de l\u2019Ontario, et est une compagnie de distribution locale qui est propri\u00e9taire et qui g\u00e8re l\u2019infrastructure \u00e9lectrique, distribuant l\u2019\u00e9lectricit\u00e9 aux maisons et commerces dans son secteur de service \u00e0 l\u2019int\u00e9rieur des limites municipales de la Ville de Hearst.","breadcrumb":{"@id":"https:\/\/hearstpower.com\/profile-hearst-power-distribution-company\/#breadcrumb"},"inLanguage":"fr-CA","potentialAction":[{"@type":"ReadAction","target":["https:\/\/hearstpower.com\/profile-hearst-power-distribution-company\/"]}]},{"@type":"ImageObject","inLanguage":"fr-CA","@id":"https:\/\/hearstpower.com\/profile-hearst-power-distribution-company\/#primaryimage","url":"https:\/\/www.hearstpower.com\/wp-content\/uploads\/2023\/05\/img1.png","contentUrl":"https:\/\/www.hearstpower.com\/wp-content\/uploads\/2023\/05\/img1.png"},{"@type":"BreadcrumbList","@id":"https:\/\/hearstpower.com\/profile-hearst-power-distribution-company\/#breadcrumb","itemListElement":[{"@type":"ListItem","position":1,"name":"Home","item":"https:\/\/hearstpower.com\/"},{"@type":"ListItem","position":2,"name":"History"}]},{"@type":"WebSite","@id":"https:\/\/hearstpower.com\/#website","url":"https:\/\/hearstpower.com\/","name":"Hearst Power Distribution Company Ltd.","description":"Hearst Power","publisher":{"@id":"https:\/\/hearstpower.com\/#organization"},"potentialAction":[{"@type":"SearchAction","target":{"@type":"EntryPoint","urlTemplate":"https:\/\/hearstpower.com\/?s={search_term_string}"},"query-input":{"@type":"PropertyValueSpecification","valueRequired":true,"valueName":"search_term_string"}}],"inLanguage":"fr-CA"},{"@type":"Organization","@id":"https:\/\/hearstpower.com\/#organization","name":"Corporation de distribution \u00e9lectrique de Hearst","alternateName":"Corporation de distribution \u00e9lectrique de Hearst","url":"https:\/\/hearstpower.com\/","logo":{"@type":"ImageObject","inLanguage":"fr-CA","@id":"https:\/\/hearstpower.com\/#\/schema\/logo\/image\/","url":"https:\/\/www.hearstpower.com\/wp-content\/uploads\/2023\/08\/Logo_tiny.png","contentUrl":"https:\/\/www.hearstpower.com\/wp-content\/uploads\/2023\/08\/Logo_tiny.png","width":1028,"height":208,"caption":"Hearst Power Distribution"},"image":{"@id":"https:\/\/hearstpower.com\/#\/schema\/logo\/image\/"},"sameAs":["https:\/\/www.facebook.com\/profile.php?id=100030703347012"]}]}},"_links":{"self":[{"href":"https:\/\/hearstpower.com\/fr\/wp-json\/wp\/v2\/pages\/2244","targetHints":{"allow":["GET"]}}],"collection":[{"href":"https:\/\/hearstpower.com\/fr\/wp-json\/wp\/v2\/pages"}],"about":[{"href":"https:\/\/hearstpower.com\/fr\/wp-json\/wp\/v2\/types\/page"}],"author":[{"embeddable":true,"href":"https:\/\/hearstpower.com\/fr\/wp-json\/wp\/v2\/users\/2"}],"replies":[{"embeddable":true,"href":"https:\/\/hearstpower.com\/fr\/wp-json\/wp\/v2\/comments?post=2244"}],"version-history":[{"count":7,"href":"https:\/\/hearstpower.com\/fr\/wp-json\/wp\/v2\/pages\/2244\/revisions"}],"predecessor-version":[{"id":3162,"href":"https:\/\/hearstpower.com\/fr\/wp-json\/wp\/v2\/pages\/2244\/revisions\/3162"}],"wp:attachment":[{"href":"https:\/\/hearstpower.com\/fr\/wp-json\/wp\/v2\/media?parent=2244"}],"curies":[{"name":"wp","href":"https:\/\/api.w.org\/{rel}","templated":true}]}}